{"id":5655,"date":"2026-02-27T20:51:00","date_gmt":"2026-02-27T23:51:00","guid":{"rendered":"https:\/\/isfd107-bue.infd.edu.ar\/sitio\/?page_id=5655"},"modified":"2026-02-27T20:52:15","modified_gmt":"2026-02-27T23:52:15","slug":"plan-nuevo-rm-5882-25-prof-en-matematica","status":"publish","type":"page","link":"https:\/\/isfd107-bue.infd.edu.ar\/sitio\/plan-nuevo-rm-5882-25-prof-en-matematica\/","title":{"rendered":"Plan nuevo (RM 5882\/25)- Prof. en Matem\u00e1tica"},"content":{"rendered":"\n<p><\/p>\n\n\n\n<h2 class=\"wp-block-heading\">Programas<\/h2>\n\n\n\n<figure class=\"wp-block-table\"><table><tbody><tr><td class=\"has-text-align-left\" data-align=\"left\" colspan=\"3\"><strong>Primer a\u00f1o<\/strong><\/td><\/tr><tr><td class=\"has-text-align-left\" data-align=\"left\" colspan=\"3\"><strong>Campo de la Formaci\u00f3n General<\/strong><\/td><\/tr><tr><td class=\"has-text-align-left\" data-align=\"left\">1<\/td><td>Pedagog\u00eda<\/td><td>2026<\/td><\/tr><tr><td class=\"has-text-align-left\" data-align=\"left\">2<\/td><td>Educaci\u00f3n y transformaciones sociales contempor\u00e1neas<\/td><td>2026<\/td><\/tr><tr><td class=\"has-text-align-left\" data-align=\"left\">3<\/td><td>Educaci\u00f3n Sexual Integral<\/td><td>2026<\/td><\/tr><tr><td class=\"has-text-align-left\" data-align=\"left\" colspan=\"3\"><strong>Campo de la Formaci\u00f3n Espec\u00edfica<\/strong><\/td><\/tr><tr><td class=\"has-text-align-left\" data-align=\"left\">4<\/td><td>Taller de resoluci\u00f3n de problemas aritm\u00e9ticos<\/td><td>2026<\/td><\/tr><tr><td class=\"has-text-align-left\" data-align=\"left\">5<\/td><td>Modelos funcionales<\/td><td>2026<\/td><\/tr><tr><td class=\"has-text-align-left\" data-align=\"left\">6<\/td><td>Geometr\u00eda I<\/td><td>2026<\/td><\/tr><tr><td class=\"has-text-align-left\" data-align=\"left\">7<\/td><td>Introducci\u00f3n al \u00e1lgebra<\/td><td>2026<\/td><\/tr><tr><td class=\"has-text-align-left\" data-align=\"left\">8<\/td><td>Introducci\u00f3n a la probabilidad y estad\u00edstica<\/td><td>2026<\/td><\/tr><tr><td class=\"has-text-align-left\" data-align=\"left\" colspan=\"3\"><strong>Campo de la Pr\u00e1ctica Docente<\/strong><\/td><\/tr><tr><td class=\"has-text-align-left\" data-align=\"left\" rowspan=\"2\">9<\/td><td>Pr\u00e1ctica docente I (Terreno)<\/td><td rowspan=\"2\">2026<\/td><\/tr><tr><td class=\"has-text-align-left\" data-align=\"left\">Pr\u00e1ctica docente I (Taller)<\/td><\/tr><\/tbody><\/table><\/figure>\n","protected":false},"excerpt":{"rendered":"<p>Programas Primer a\u00f1o Campo de la Formaci\u00f3n General 1 Pedagog\u00eda 2026 2 Educaci\u00f3n y transformaciones sociales contempor\u00e1neas 2026 3 Educaci\u00f3n Sexual Integral 2026 Campo de la Formaci\u00f3n Espec\u00edfica 4 Taller de resoluci\u00f3n de problemas aritm\u00e9ticos 2026 5 Modelos funcionales 2026 6 Geometr\u00eda I 2026 7 Introducci\u00f3n al \u00e1lgebra 2026 8 Introducci\u00f3n a la probabilidad y &#8230; <a title=\"Plan nuevo (RM 5882\/25)- Prof. en Matem\u00e1tica\" class=\"read-more\" href=\"https:\/\/isfd107-bue.infd.edu.ar\/sitio\/plan-nuevo-rm-5882-25-prof-en-matematica\/\" aria-label=\"More on Plan nuevo (RM 5882\/25)- Prof. en Matem\u00e1tica\">[+]<\/a><\/p>\n","protected":false},"author":1454,"featured_media":0,"parent":0,"menu_order":0,"comment_status":"closed","ping_status":"closed","template":"","meta":[],"acf":[],"_links":{"self":[{"href":"https:\/\/isfd107-bue.infd.edu.ar\/sitio\/wp-json\/wp\/v2\/pages\/5655"}],"collection":[{"href":"https:\/\/isfd107-bue.infd.edu.ar\/sitio\/wp-json\/wp\/v2\/pages"}],"about":[{"href":"https:\/\/isfd107-bue.infd.edu.ar\/sitio\/wp-json\/wp\/v2\/types\/page"}],"author":[{"embeddable":true,"href":"https:\/\/isfd107-bue.infd.edu.ar\/sitio\/wp-json\/wp\/v2\/users\/1454"}],"replies":[{"embeddable":true,"href":"https:\/\/isfd107-bue.infd.edu.ar\/sitio\/wp-json\/wp\/v2\/comments?post=5655"}],"version-history":[{"count":2,"href":"https:\/\/isfd107-bue.infd.edu.ar\/sitio\/wp-json\/wp\/v2\/pages\/5655\/revisions"}],"predecessor-version":[{"id":5657,"href":"https:\/\/isfd107-bue.infd.edu.ar\/sitio\/wp-json\/wp\/v2\/pages\/5655\/revisions\/5657"}],"wp:attachment":[{"href":"https:\/\/isfd107-bue.infd.edu.ar\/sitio\/wp-json\/wp\/v2\/media?parent=5655"}],"curies":[{"name":"wp","href":"https:\/\/api.w.org\/{rel}","templated":true}]}}