{"id":5639,"date":"2026-02-27T20:10:40","date_gmt":"2026-02-27T23:10:40","guid":{"rendered":"https:\/\/isfd107-bue.infd.edu.ar\/sitio\/?page_id=5639"},"modified":"2026-02-27T20:57:39","modified_gmt":"2026-02-27T23:57:39","slug":"plan-nuevo-rm-5883-25-prof-en-lengua-y-literatura","status":"publish","type":"page","link":"https:\/\/isfd107-bue.infd.edu.ar\/sitio\/plan-nuevo-rm-5883-25-prof-en-lengua-y-literatura\/","title":{"rendered":"Plan nuevo (RM 5883\/25)- Prof. en Lengua y Literatura"},"content":{"rendered":"\n<p><\/p>\n\n\n\n<h2 class=\"wp-block-heading\">Programas<\/h2>\n\n\n\n<figure class=\"wp-block-table\"><table><tbody><tr><td class=\"has-text-align-left\" data-align=\"left\" colspan=\"3\"><strong>Primer a\u00f1o<\/strong><\/td><\/tr><tr><td class=\"has-text-align-left\" data-align=\"left\" colspan=\"3\"><strong>Campo de la Formaci\u00f3n General<\/strong><\/td><\/tr><tr><td class=\"has-text-align-left\" data-align=\"left\">1<\/td><td>Pedagog\u00eda<\/td><td>2026<\/td><\/tr><tr><td class=\"has-text-align-left\" data-align=\"left\">2<\/td><td>Educaci\u00f3n y transformaciones sociales contempor\u00e1neas<\/td><td>2026<\/td><\/tr><tr><td class=\"has-text-align-left\" data-align=\"left\">3<\/td><td>Educaci\u00f3n Sexual Integral<\/td><td>2026<\/td><\/tr><tr><td class=\"has-text-align-left\" data-align=\"left\" colspan=\"3\"><strong>Campo de la Formaci\u00f3n Espec\u00edfica<\/strong><\/td><\/tr><tr><td class=\"has-text-align-left\" data-align=\"left\">4<\/td><td>Estudios del lenguaje I<\/td><td>2026<\/td><\/tr><tr><td class=\"has-text-align-left\" data-align=\"left\">5<\/td><td>Introducci\u00f3n a la gram\u00e1tica<\/td><td>2026<\/td><\/tr><tr><td class=\"has-text-align-left\" data-align=\"left\">6<\/td><td>Introducci\u00f3n a la lectura literaria<\/td><td>2026<\/td><\/tr><tr><td class=\"has-text-align-left\" data-align=\"left\">7<\/td><td>Estudios literarios<\/td><td>2026<\/td><\/tr><tr><td class=\"has-text-align-left\" data-align=\"left\" colspan=\"3\"><strong>Campo de la Pr\u00e1ctica Docente<\/strong><\/td><\/tr><tr><td class=\"has-text-align-left\" data-align=\"left\" rowspan=\"2\">8<\/td><td>Pr\u00e1ctica docente I (Terreno)<\/td><td rowspan=\"2\">2026<\/td><\/tr><tr><td class=\"has-text-align-left\" data-align=\"left\">Pr\u00e1ctica docente I (Taller)<\/td><\/tr><\/tbody><\/table><\/figure>\n","protected":false},"excerpt":{"rendered":"<p>Programas Primer a\u00f1o Campo de la Formaci\u00f3n General 1 Pedagog\u00eda 2026 2 Educaci\u00f3n y transformaciones sociales contempor\u00e1neas 2026 3 Educaci\u00f3n Sexual Integral 2026 Campo de la Formaci\u00f3n Espec\u00edfica 4 Estudios del lenguaje I 2026 5 Introducci\u00f3n a la gram\u00e1tica 2026 6 Introducci\u00f3n a la lectura literaria 2026 7 Estudios literarios 2026 Campo de la Pr\u00e1ctica &#8230; <a title=\"Plan nuevo (RM 5883\/25)- Prof. en Lengua y Literatura\" class=\"read-more\" href=\"https:\/\/isfd107-bue.infd.edu.ar\/sitio\/plan-nuevo-rm-5883-25-prof-en-lengua-y-literatura\/\" aria-label=\"More on Plan nuevo (RM 5883\/25)- Prof. en Lengua y Literatura\">[+]<\/a><\/p>\n","protected":false},"author":1454,"featured_media":0,"parent":0,"menu_order":0,"comment_status":"closed","ping_status":"closed","template":"","meta":[],"acf":[],"_links":{"self":[{"href":"https:\/\/isfd107-bue.infd.edu.ar\/sitio\/wp-json\/wp\/v2\/pages\/5639"}],"collection":[{"href":"https:\/\/isfd107-bue.infd.edu.ar\/sitio\/wp-json\/wp\/v2\/pages"}],"about":[{"href":"https:\/\/isfd107-bue.infd.edu.ar\/sitio\/wp-json\/wp\/v2\/types\/page"}],"author":[{"embeddable":true,"href":"https:\/\/isfd107-bue.infd.edu.ar\/sitio\/wp-json\/wp\/v2\/users\/1454"}],"replies":[{"embeddable":true,"href":"https:\/\/isfd107-bue.infd.edu.ar\/sitio\/wp-json\/wp\/v2\/comments?post=5639"}],"version-history":[{"count":3,"href":"https:\/\/isfd107-bue.infd.edu.ar\/sitio\/wp-json\/wp\/v2\/pages\/5639\/revisions"}],"predecessor-version":[{"id":5661,"href":"https:\/\/isfd107-bue.infd.edu.ar\/sitio\/wp-json\/wp\/v2\/pages\/5639\/revisions\/5661"}],"wp:attachment":[{"href":"https:\/\/isfd107-bue.infd.edu.ar\/sitio\/wp-json\/wp\/v2\/media?parent=5639"}],"curies":[{"name":"wp","href":"https:\/\/api.w.org\/{rel}","templated":true}]}}