{"id":5583,"date":"2026-02-03T21:24:41","date_gmt":"2026-02-04T00:24:41","guid":{"rendered":"https:\/\/isfd107-bue.infd.edu.ar\/sitio\/?page_id=5583"},"modified":"2026-02-03T22:36:48","modified_gmt":"2026-02-04T01:36:48","slug":"programas","status":"publish","type":"page","link":"https:\/\/isfd107-bue.infd.edu.ar\/sitio\/programas\/","title":{"rendered":"Programas"},"content":{"rendered":"\n<h2 class=\"wp-block-heading\"><strong>Profesorado de Educaci\u00f3n Secundaria en Biolog\u00eda &#8211; Res. 3605\/22<\/strong><\/h2>\n\n\n\n<p><\/p>\n\n\n<figure class=\"wp-block-table\">\n<table>\n<tbody>\n<tr>\n<td class=\"has-text-align-center\" colspan=\"3\" data-align=\"center\"><strong>Primer a\u00f1o<\/strong><\/td>\n<\/tr>\n<tr>\n<td class=\"has-text-align-center\" colspan=\"3\" data-align=\"center\"><strong>Campo de la Formaci\u00f3n General<\/strong><\/td>\n<\/tr>\n<tr>\n<td class=\"has-text-align-center\" data-align=\"center\">1<\/td>\n<td>Pedagog\u00eda<\/td>\n<td>2026<\/td>\n<\/tr>\n<tr>\n<td class=\"has-text-align-center\" data-align=\"center\">2<\/td>\n<td>Educaci\u00f3n y transformaciones sociales contempor\u00e1neas<\/td>\n<td>2026<\/td>\n<\/tr>\n<tr>\n<td class=\"has-text-align-center\" data-align=\"center\">3<\/td>\n<td>Educaci\u00f3n Sexual Integral<\/td>\n<td>2026<\/td>\n<\/tr>\n<tr>\n<td class=\"has-text-align-center\" data-align=\"center\">4<\/td>\n<td>Cultura Digital<\/td>\n<td>2026<\/td>\n<\/tr>\n<tr>\n<td class=\"has-text-align-center\" colspan=\"3\" data-align=\"center\"><strong>Campo de la Formaci\u00f3n Espec\u00edfica<\/strong><\/td>\n<\/tr>\n<tr>\n<td class=\"has-text-align-center\" data-align=\"center\">5<\/td>\n<td>Introducci\u00f3n a la f\u00edsica y elementos de astronom\u00eda<\/td>\n<td>2026<\/td>\n<\/tr>\n<tr>\n<td class=\"has-text-align-center\" data-align=\"center\">6<\/td>\n<td>Qu\u00edmica y actividad experimental<\/td>\n<td>2026<\/td>\n<\/tr>\n<tr>\n<td class=\"has-text-align-center\" data-align=\"center\">7<\/td>\n<td>Introducci\u00f3n a los sistemas biol\u00f3gicos<\/td>\n<td>2026<\/td>\n<\/tr>\n<tr>\n<td class=\"has-text-align-center\" data-align=\"center\">8<\/td>\n<td>Matem\u00e1tica y ciencias naturales<\/td>\n<td>2026<\/td>\n<\/tr>\n<tr>\n<td class=\"has-text-align-center\" colspan=\"3\" data-align=\"center\"><strong>Campo de la Pr\u00e1ctica Docente<\/strong><\/td>\n<\/tr>\n<tr>\n<td class=\"has-text-align-center\" rowspan=\"2\" data-align=\"center\">9<\/td>\n<td>Pr\u00e1ctica docente I (Terreno)<\/td>\n<td rowspan=\"2\">2026<\/td>\n<\/tr>\n<tr>\n<td>Pr\u00e1ctica docente I (Taller)<\/td>\n<\/tr>\n<\/tbody>\n<\/table>\n<\/figure>\n\n\n<div class=\"wp-block-group is-layout-constrained\"><div class=\"wp-block-group__inner-container\"><\/div><\/div>\n","protected":false},"excerpt":{"rendered":"<p>Profesorado de Educaci\u00f3n Secundaria en Biolog\u00eda &#8211; Res. 3605\/22 Primer a\u00f1o Campo de la Formaci\u00f3n General 1 Pedagog\u00eda 2026 2 Educaci\u00f3n y transformaciones sociales contempor\u00e1neas 2026 3 Educaci\u00f3n Sexual Integral 2026 4 Cultura Digital 2026 Campo de la Formaci\u00f3n Espec\u00edfica 5 Introducci\u00f3n a la f\u00edsica y elementos de astronom\u00eda 2026 6 Qu\u00edmica y actividad experimental &#8230; <a title=\"Programas\" class=\"read-more\" href=\"https:\/\/isfd107-bue.infd.edu.ar\/sitio\/programas\/\" aria-label=\"More on Programas\">[+]<\/a><\/p>\n","protected":false},"author":1454,"featured_media":0,"parent":0,"menu_order":0,"comment_status":"closed","ping_status":"closed","template":"","meta":[],"acf":[],"_links":{"self":[{"href":"https:\/\/isfd107-bue.infd.edu.ar\/sitio\/wp-json\/wp\/v2\/pages\/5583"}],"collection":[{"href":"https:\/\/isfd107-bue.infd.edu.ar\/sitio\/wp-json\/wp\/v2\/pages"}],"about":[{"href":"https:\/\/isfd107-bue.infd.edu.ar\/sitio\/wp-json\/wp\/v2\/types\/page"}],"author":[{"embeddable":true,"href":"https:\/\/isfd107-bue.infd.edu.ar\/sitio\/wp-json\/wp\/v2\/users\/1454"}],"replies":[{"embeddable":true,"href":"https:\/\/isfd107-bue.infd.edu.ar\/sitio\/wp-json\/wp\/v2\/comments?post=5583"}],"version-history":[{"count":12,"href":"https:\/\/isfd107-bue.infd.edu.ar\/sitio\/wp-json\/wp\/v2\/pages\/5583\/revisions"}],"predecessor-version":[{"id":5612,"href":"https:\/\/isfd107-bue.infd.edu.ar\/sitio\/wp-json\/wp\/v2\/pages\/5583\/revisions\/5612"}],"wp:attachment":[{"href":"https:\/\/isfd107-bue.infd.edu.ar\/sitio\/wp-json\/wp\/v2\/media?parent=5583"}],"curies":[{"name":"wp","href":"https:\/\/api.w.org\/{rel}","templated":true}]}}