{"id":3619,"date":"2022-03-29T15:52:01","date_gmt":"2022-03-29T18:52:01","guid":{"rendered":"https:\/\/isfd107-bue.infd.edu.ar\/sitio\/?page_id=3619"},"modified":"2026-02-27T20:37:40","modified_gmt":"2026-02-27T23:37:40","slug":"plan-viejo-hasta2022-2","status":"publish","type":"page","link":"https:\/\/isfd107-bue.infd.edu.ar\/sitio\/plan-viejo-hasta2022-2\/","title":{"rendered":"Plan \u00abviejo\u00bb hasta 2022"},"content":{"rendered":"\n<p class=\"has-text-align-center\">&nbsp;&nbsp;<strong>Los programas aparecen con link, de acuerdo con el a\u00f1o.&nbsp; (ciclo cerrado en 2020)<\/strong><\/p>\n\n\n\n<p class=\"has-text-align-center\">&nbsp;&nbsp;<strong>Los programas aparecen con link, de acuerdo con el a\u00f1o de la carrera y el ciclo lectivo.<\/strong><\/p>\n\n\n\n<figure class=\"wp-block-table\"><table><tbody><tr><td><span style=\"background-color: #00ffff;\"><strong>Plan&nbsp;<em>a ciclo cerrado&nbsp;&nbsp;<\/em><\/strong><\/span><\/td><\/tr><tr><td><strong>1\u00b0 A\u00d1O&nbsp;<\/strong><\/td><\/tr><tr><td>1<\/td><td>Persp. Filos\u00f3fico Pedag\u00f3gica I<\/td><td>2015 &#8211; <a href=\"https:\/\/drive.google.com\/open?id=0Bw--L-eEILkZbktoMXBWX0NKZ0E\">2017<\/a><\/td><\/tr><tr><td>2<\/td><td>Persp. Pedag\u00f3gico Did\u00e1ctica I<\/td><td><a href=\"upload\/PPD_I-_matematic_1_Di_Nucci-2015.pdf\">2015<\/a> &#8211; 2017<\/td><\/tr><tr><td>3<\/td><td>Persp. Socio Pol\u00edtica<\/td><td><a href=\"upload\/Pollo-__PSP_Matematica_2016.pdf\">2015<\/a> &#8211; 2017<\/td><\/tr><tr><td>4<\/td><td>Psicolog\u00eda y Cultura en la Educaci\u00f3n<\/td><td><a href=\"upload\/guin_ez-_Psicologia_y_Cultura_de_la_Educacion_Matematica..pdf\">2015<\/a> &#8211; 2017<\/td><\/tr><tr><td>5<\/td><td>Introducci\u00f3n al an\u00e1lisis matem\u00e1tico<\/td><td>2015 &#8211; 2017<\/td><\/tr><tr><td>6<\/td><td>Algebra y Geometr\u00eda I<\/td><td><a href=\"upload\/Bogado_algebra_y_geometria_2015.pdf\">2015<\/a> &#8211; <a href=\"https:\/\/drive.google.com\/open?id=1yYSWSjUZT1wD0ynU08o-VT2AxgRtsH8T\">2017<\/a><\/td><\/tr><tr><td>7<\/td><td>Matem\u00e1tica y su ense\u00f1anza I<\/td><td>2015 &#8211; 2017<\/td><\/tr><tr><td>8<\/td><td>Espac. De la Pr\u00e1ctica Docente I<\/td><td>2015 &#8211; 2017<\/td><\/tr><tr><td><strong>&nbsp;2\u00b0 A\u00d1O&nbsp;<\/strong><\/td><\/tr><tr><td>9<\/td><td>Persp. Filos\u00f3fico Pedag\u00f3gica II<\/td><td>2015 &#8211; 2017 &#8211; 2018<\/td><\/tr><tr><td>10<\/td><td>Persp. Pedag\u00f3gico Did\u00e1ctica II<\/td><td>2015 &#8211; 2017 &#8211; 2018<\/td><\/tr><tr><td>11<\/td><td>Psicolog\u00eda y Cultura del Alumno de EGB 3 y Polimodal<\/td><td><a href=\"upload\/Cornador_-_PSICOLOGIA_DEL_ALUMMNO_DE_3er._CICLO__Y_POLIMODAL_2do_mate.pdf\">2015<\/a> &#8211; 2017 &#8211; 2018<\/td><\/tr><tr><td>12<\/td><td>An\u00e1lisis Matem\u00e1tico I<\/td><td><a href=\"upload\/Bogado__Analisis_I.pdf\">2015<\/a> &#8211; 2017 &#8211; <a href=\"https:\/\/drive.google.com\/open?id=1_Md3kXtQ8OX_mscabIRkfdL3vRQ8klMo\">2018<\/a><\/td><\/tr><tr><td>13<\/td><td>Algebra y Geometr\u00eda II<\/td><td>2015 &#8211; 2017 &#8211; 2018<\/td><\/tr><tr><td>14<\/td><td>Matem\u00e1tica y su ense\u00f1anza II<\/td><td><a href=\"upload\/SOTO-_Matematica_y_su_ensen_anza_II.docx\">2015<\/a> &#8211; 2017 &#8211; 2018<\/td><\/tr><tr><td>15<\/td><td>Espac. De la Pr\u00e1ctica Docente II<\/td><td>2015 &#8211; 2017 &#8211; 2018<\/td><\/tr><tr><td><strong>&nbsp;3\u00b0 A\u00d1O&nbsp;<\/strong><\/td><\/tr><tr><td>16<\/td><td>Persp. Filos\u00f3fico Pedag\u00f3gico Did\u00e1ctica<\/td><td>2015 &#8211; 2017 &#8211; 2018<\/td><\/tr><tr><td>17<\/td><td>Persp.&nbsp; Pol\u00edtico Institucional<\/td><td>2015 &#8211; <a href=\"https:\/\/drive.google.com\/open?id=0Bw--L-eEILkZT1FCU1FJZ3JoWU0\">2017<\/a> &#8211; <a href=\"https:\/\/drive.google.com\/file\/d\/1Sp9Brsshj8V4ASPomEFcmitcgi4B8ZPH\/view?usp=sharing\">2018<\/a>&nbsp;&#8211; <a style=\"font-size: inherit; font-family: inherit; font-weight: inherit;\" href=\"https:\/\/drive.google.com\/open?id=1c_tReQwJMveYcmNsotqP3fDdKvmWM1Nm\">2019<\/a><\/td><\/tr><tr><td>18<\/td><td>\u00c1lgebra<\/td><td>2015 &#8211; 2017 &#8211; 2018 &#8211;<a href=\"https:\/\/drive.google.com\/open?id=1buvaDtjdexXsthUH-ILkGae1dml1LbcI\">2019<\/a><\/td><\/tr><tr><td>19<\/td><td>Historia de la Matem\u00e1tica<\/td><td><a href=\"upload\/Bogado__Historia_de_la_Matematica.pdf\">2015 <\/a>&#8211; 2017 &#8211; 2018-<a href=\"https:\/\/drive.google.com\/file\/d\/1TDoMtrHPTLdX54S4tzNslL6QQgp7si9k\/view?usp=sharing\"> 2019<\/a><\/td><\/tr><tr><td>20<\/td><td>Topolog\u00eda<\/td><td>2015 &#8211; 2017 &#8211; 2018 &#8211;\n<p>&nbsp;<\/p>\n<p><a href=\"https:\/\/drive.google.com\/open?id=154Cp99CbHIlNFSskloSIT_n1_G4uAKhQ\">2019<\/a><\/p>\n<\/td><\/tr><tr><td>21<\/td><td>An\u00e1lisis Matem\u00e1tico II<\/td><td><a href=\"upload\/Bogado__Analisis_II.pdf\">2015<\/a> &#8211; 2017 &#8211; 2018 &#8211;<a href=\"https:\/\/drive.google.com\/open?id=1_BjJY-nSWx2LgtvdmLCxRCTz9uYo6vTX\">2019<\/a><\/td><\/tr><tr><td>22<\/td><td>Probabilidad y estad\u00edstica<\/td><td><a href=\"upload\/Riestra_JP-__PROBABILIDAD_Y_EST_2016.pdf\">2015<\/a> &#8211; 2017 &#8211; <a href=\"https:\/\/drive.google.com\/open?id=1_hre2_AJt4G0EqvPrJU7SFl2B3-IhNTV\">2018<\/a>&nbsp;&#8211;<a style=\"font-size: inherit; font-family: inherit; font-weight: inherit;\" href=\"https:\/\/drive.google.com\/open?id=1_hre2_AJt4G0EqvPrJU7SFl2B3-IhNTV\">2019<\/a><\/td><\/tr><tr><td>23<\/td><td>Matem\u00e1tica y su ense\u00f1anza<\/td><td>2015 &#8211; 2017 &#8211; 2018 &#8211; <a href=\"https:\/\/drive.google.com\/open?id=1hTmGLGhAzQ-7cVQCH1hMvYP4ask_hWpi\">2019<\/a><\/td><\/tr><tr><td>24<\/td><td>Espac. De la Pr\u00e1ctica Docente III<\/td><td>2015 &#8211; <a href=\"https:\/\/drive.google.com\/open?id=0Bw--L-eEILkZVk54OWxqQlZ1LVE\">2017<\/a> &#8211; 2018<\/td><\/tr><tr><td><strong>&nbsp;4\u00b0 A\u00d1O&nbsp;<\/strong><\/td><\/tr><tr><td>25<\/td><td>Computaci\u00f3n<\/td><td>2015 &#8211; 2017 &#8211;<a href=\"https:\/\/drive.google.com\/open?id=1O2T8ZCNDmrcpWrz3uAtpufCvFlsmIdSyegLFajSxPXs\"> 2018<\/a><\/td><\/tr><tr><td>26<\/td><td>Fundamentos de la Matem\u00e1tica<\/td><td>2015 &#8211; 2017 &#8211; 2018 &#8211; <a href=\"https:\/\/drive.google.com\/file\/d\/14zECwMcqaMzzYfToxDuWH7N0z3_hrcyN\/view?usp=sharing\">2019<\/a><\/td><\/tr><tr><td>27<\/td><td>Matem\u00e1tica Aplicada<\/td><td>2015 &#8211; 2017 &#8211; 2018 &#8211;<a href=\"https:\/\/drive.google.com\/open?id=1fEfeLZl9UWhrdASevk8mwAIs25uXqGws\">2019<\/a><\/td><\/tr><tr><td>28<\/td><td>F\u00edsica<\/td><td><a href=\"upload\/Bogado__Fisica.pdf\">2015<\/a> &#8211; 2017 &#8211; 2018- <a href=\"https:\/\/drive.google.com\/open?id=1DLLTw0leZqNR6lK2JlJeeK8b6faKwOH4\">2019<\/a><\/td><\/tr><tr><td>29<\/td><td>Geometr\u00eda<\/td><td><a href=\"upload\/Riestra_JP-__Geometria_ciclo_2016_is107.pdf\">2015<\/a> &#8211; 2017 &#8211; <a href=\"https:\/\/drive.google.com\/open?id=1n_nfEA46XFxsJD2PTp3tgua-QuAhrwH1\">2018<\/a>\n<p>&nbsp;<\/p>\n<p>&#8211; <a href=\"https:\/\/drive.google.com\/open?id=1n_nfEA46XFxsJD2PTp3tgua-QuAhrwH1\">2019<\/a><\/p>\n<\/td><\/tr><tr><td>30<\/td><td>Metodolog\u00eda de la Investigaci\u00f3n educativa en Matem\u00e1tica<\/td><td>2015 &#8211; 2017 &#8211; 2018<\/td><\/tr><tr><td>31<\/td><td>Espac. De la Pr\u00e1ctica Docente IV<\/td><td>2015 &#8211; <a href=\"https:\/\/drive.google.com\/open?id=0Bw--L-eEILkZUkJSODg2R05hLU0\">2017<\/a> &#8211; 2018<\/td><\/tr><tr><td>&nbsp;<\/td><\/tr><\/tbody><\/table><\/figure>\n","protected":false},"excerpt":{"rendered":"<p>&nbsp;&nbsp;Los programas aparecen con link, de acuerdo con el a\u00f1o.&nbsp; (ciclo cerrado en 2020) &nbsp;&nbsp;Los programas aparecen con link, de acuerdo con el a\u00f1o de la carrera y el ciclo lectivo. Plan&nbsp;a ciclo cerrado&nbsp;&nbsp; 1\u00b0 A\u00d1O&nbsp; 1 Persp. Filos\u00f3fico Pedag\u00f3gica I 2015 &#8211; 2017 2 Persp. Pedag\u00f3gico Did\u00e1ctica I 2015 &#8211; 2017 3 Persp. Socio &#8230; <a title=\"Plan \u00abviejo\u00bb hasta 2022\" class=\"read-more\" href=\"https:\/\/isfd107-bue.infd.edu.ar\/sitio\/plan-viejo-hasta2022-2\/\" aria-label=\"More on Plan \u00abviejo\u00bb hasta 2022\">[+]<\/a><\/p>\n","protected":false},"author":1454,"featured_media":0,"parent":0,"menu_order":0,"comment_status":"closed","ping_status":"closed","template":"","meta":[],"acf":[],"_links":{"self":[{"href":"https:\/\/isfd107-bue.infd.edu.ar\/sitio\/wp-json\/wp\/v2\/pages\/3619"}],"collection":[{"href":"https:\/\/isfd107-bue.infd.edu.ar\/sitio\/wp-json\/wp\/v2\/pages"}],"about":[{"href":"https:\/\/isfd107-bue.infd.edu.ar\/sitio\/wp-json\/wp\/v2\/types\/page"}],"author":[{"embeddable":true,"href":"https:\/\/isfd107-bue.infd.edu.ar\/sitio\/wp-json\/wp\/v2\/users\/1454"}],"replies":[{"embeddable":true,"href":"https:\/\/isfd107-bue.infd.edu.ar\/sitio\/wp-json\/wp\/v2\/comments?post=3619"}],"version-history":[{"count":6,"href":"https:\/\/isfd107-bue.infd.edu.ar\/sitio\/wp-json\/wp\/v2\/pages\/3619\/revisions"}],"predecessor-version":[{"id":5651,"href":"https:\/\/isfd107-bue.infd.edu.ar\/sitio\/wp-json\/wp\/v2\/pages\/3619\/revisions\/5651"}],"wp:attachment":[{"href":"https:\/\/isfd107-bue.infd.edu.ar\/sitio\/wp-json\/wp\/v2\/media?parent=3619"}],"curies":[{"name":"wp","href":"https:\/\/api.w.org\/{rel}","templated":true}]}}