{"id":3593,"date":"2022-03-29T15:27:41","date_gmt":"2022-03-29T18:27:41","guid":{"rendered":"https:\/\/isfd107-bue.infd.edu.ar\/sitio\/?page_id=3593"},"modified":"2026-02-27T20:42:24","modified_gmt":"2026-02-27T23:42:24","slug":"plan-viejo-hasta2022","status":"publish","type":"page","link":"https:\/\/isfd107-bue.infd.edu.ar\/sitio\/plan-viejo-hasta2022\/","title":{"rendered":"Plan \u00abviejo\u00bb -hasta 2022-"},"content":{"rendered":"\n<div class=\"wp-block-columns is-layout-flex wp-container-2\">\n<div class=\"wp-block-column is-layout-flow\" style=\"flex-basis:100%\">\n<p class=\"has-text-align-center\">&nbsp;&nbsp;<strong>Los programas aparecen con link, de acuerdo con el a\u00f1o.&nbsp; (ciclo cerrado en 2020)<\/strong><\/p>\n\n\n\n<figure class=\"wp-block-table\"><table><tbody><tr><td>N\u00b0<\/td><td><strong>1\u00b0 A\u00d1O&nbsp;<\/strong><\/td><td>&nbsp;<\/td><\/tr><tr><td>1<\/td><td>Persp. Filos\u00f3fico Pedag\u00f3gica I<\/td><td>2015 &#8211; <a href=\"https:\/\/drive.google.com\/file\/d\/0Bw--L-eEILkZbktoMXBWX0NKZ0E\/view?usp=sharing&amp;resourcekey=0-gi6WolJ84_d9TPq7frZYHA\">2017<\/a><\/td><\/tr><tr><td>2<\/td><td>Persp. Pedag\u00f3gico Did\u00e1ctica I<\/td><td><a href=\"upload\/PPD_I_LyLit_1-_Di_Nucci___2015.pdf\">2015<\/a> &#8211; 2017<\/td><\/tr><tr><td>3<\/td><td>Persp. Socio Pol\u00edtica<\/td><td><a href=\"upload\/Pollo-_PSP_Lengua_2016.pdf\">2015<\/a> &#8211; 2017<\/td><\/tr><tr><td>4<\/td><td>Psicolog\u00eda y Cultura en la Educaci\u00f3n<\/td><td><a href=\"upload\/Guin_ez____Psicologia_y_Cultura_de_la_Educacion_Lengua..pdf\">2015<\/a> &#8211; 2017<\/td><\/tr><tr><td>5<\/td><td>Teor\u00eda Literaria<\/td><td>2015 &#8211; 2017<\/td><\/tr><tr><td>6<\/td><td>Historia social y cultural de la Literatura<\/td><td>2015 &#8211; 2017<\/td><\/tr><tr><td>7<\/td><td>Int. a la psicoling\u00fc\u00edstica y Socioling.<\/td><td><a href=\"upload\/Pollo_Linguistica_I.pdf\">2015<\/a> &#8211; 2017<\/td><\/tr><tr><td>8<\/td><td>Taller de lectura, escritura y oralidad<\/td><td><a href=\"upload\/Taller_de_Lectura_-_Programa_Romero_8-2015.pdf\">2015<\/a> &#8211; 2017<\/td><\/tr><tr><td>9<\/td><td>Lengua y literatura y su ense\u00f1anza I<\/td><td><a href=\"https:\/\/www.dropbox.com\/s\/9kilz1uvn6r6pvk\/programa%20lengua%20y%20su%20ense%C3%B1anza%201%C2%BA%20a%C3%B1o%202016.pdf\">2016<\/a> &#8211; <a href=\"https:\/\/drive.google.com\/open?id=0Bw--L-eEILkZNnFyb2dPMEx5SEE\">2017<\/a><\/td><\/tr><tr><td>10<\/td><td>Espac. De la Pr\u00e1ctica Docente I<\/td><td><a href=\"https:\/\/www.dropbox.com\/s\/mo2k8y114aa5vlv\/programa%20practica%20docente%20I-%202016-Garc%C3%ADa%20-Palacio.pdf\">2016<\/a> &#8211; <a href=\"https:\/\/drive.google.com\/open?id=1f-EgZMOtG80v2eTv1AjZ5ploHD4VskrXxuBnwmL5OOY\">2017<\/a><\/td><\/tr><tr><td>&nbsp;<\/td><td><strong>2\u00b0 A\u00d1O<\/strong><\/td><td>&nbsp;<\/td><\/tr><tr><td>11<\/td><td>Persp. Filos\u00f3fico Pedag\u00f3gica II<\/td><td>2015 &#8211; <a href=\"https:\/\/drive.google.com\/open?id=1dwtva4wN7zBdfoigBcr34lWYucPPk6Op\">2016<\/a> &#8211; 2017 &#8211; 2018<\/td><\/tr><tr><td>12<\/td><td>Persp. Pedag\u00f3gico Did\u00e1ctica II<\/td><td><a href=\"upload\/107_perspectiva_ped_did_II_2015.pdf\">2015<\/a> &#8211; 2017 &#8211; 2018<\/td><\/tr><tr><td>13<\/td><td>Psicolog\u00eda y Cultura del Alumno<\/td><td><a href=\"upload\/Cornador-__PSICOLOGIA_DEL_ALUMMNO_DE_3er._CICLO__Y_POLIMODAL_2do_LENGUA.pdf\">2015<\/a> &#8211; 2017 &#8211; 2018<\/td><\/tr><tr><td>14<\/td><td>Teor\u00eda literaria II<\/td><td><a href=\"https:\/\/www.dropbox.com\/s\/g665961r29r6yyw\/programa%20teoria%20II-2016.pdf\">2016<\/a> &#8211; <a href=\"https:\/\/www.dropbox.com\/s\/kvatcn68uamfqdv\/Programa%20teoria%20II-2017.pdf\">2017<\/a> &#8211; <a href=\"https:\/\/drive.google.com\/open?id=1iQJxkxgfqleQiuVoBaSWahrMVatFwejU\">2018<\/a><\/td><\/tr><tr><td>15<\/td><td>Historia Social y Cultural de la Literatura II<\/td><td>2015 &#8211; 2017 &#8211; 2018<\/td><\/tr><tr><td>16<\/td><td>Semi\u00f3tica I<\/td><td><a href=\"https:\/\/www.dropbox.com\/s\/91snkcafax8hsjx\/programa%20semiotica%20I-2016.pdf\">2016<\/a> &#8211; <a href=\"https:\/\/www.dropbox.com\/s\/0tudukp198f5ba8\/programa%20semiotica%20I-2017.pdf\">2017<\/a> &#8211; <a href=\"https:\/\/drive.google.com\/open?id=10qepL4qTZJKgj0vZT_3uT_5V9HFOp5qZ\">2018<\/a><\/td><\/tr><tr><td>17<\/td><td>Ling\u00fc\u00edstica y gram\u00e1tica II<\/td><td><a href=\"upload\/Albaneces-__Linguistica_2_2016.pdf\">2015<\/a> &#8211; 2017 &#8211; 2018<\/td><\/tr><tr><td>18<\/td><td>Lenguas cl\u00e1sicas I<\/td><td><a href=\"upload\/LENGUAS_CLASICAS_I.pdf\">2015<\/a> &#8211; <a href=\"https:\/\/drive.google.com\/open?id=0Bw--L-eEILkZc3FRMHZEQ0xZd0k\">2017<\/a> &#8211; 2018 &#8211; <a href=\"https:\/\/drive.google.com\/open?id=1kdSC_DD2sUwqnVkQQTkpFlFTqj7F5i0m\">2019<\/a><\/td><\/tr><tr><td>19<\/td><td>Lengua y literatura y su ense\u00f1anza II<\/td><td><a href=\"https:\/\/www.dropbox.com\/s\/r4roldrjng9vz1z\/programa%20lengua%20y%20su%20ense%C3%B1anza%20II-2016.pdf\">2016<\/a> &#8211; <a href=\"https:\/\/www.dropbox.com\/s\/b8kpo6xrvgefbdy\/programa%20lengua%20y%20su%20ense%C3%B1anza%20II-2017.pdf\">2017<\/a> &#8211; <a href=\"https:\/\/drive.google.com\/open?id=1qO730hWf59v4gsCdErk_i-IucCyCkWeH\">2018<\/a><\/td><\/tr><tr><td>20<\/td><td>EDI<\/td><td>2015 &#8211; 2017 &#8211; 2018<\/td><\/tr><tr><td>21<\/td><td>Espacio de la Pr\u00e1ctica Docente II<\/td><td><a href=\"https:\/\/www.dropbox.com\/s\/eqmxdml8ko4pmfb\/programa%20practica%20docente%20II%20ISFD%20107%20-a%C3%B1o%202016.pdf\">2016<\/a> &#8211; <a href=\"https:\/\/www.dropbox.com\/s\/kg7psqy54k3h562\/programa%20practica%20docente%20II%20ISFD%20107%20-a%C3%B1o%202017.doc\">2017<\/a> &#8211; <a href=\"https:\/\/drive.google.com\/open?id=1cy5XYWbVxPo_VTR6TxIMrFmPIw5y-D5v\">2018<\/a><\/td><\/tr><tr><td>&nbsp;<\/td><td><strong>3\u00b0 A\u00d1O<\/strong><\/td><td>&nbsp;<\/td><\/tr><tr><td>22<\/td><td>Persp. Filos\u00f3fico Pedag\u00f3gico Did\u00e1ctica<\/td><td>2015 &#8211; 2017 &#8211; 2018<\/td><\/tr><tr><td>23<\/td><td>Persp.&nbsp; Pol\u00edtico Institucional<\/td><td><a href=\"upload\/Mirta_Etcheverry__Perspectiva_Politico_Institucional_.Lengua.pdf\">2015<\/a> &#8211; <a href=\"https:\/\/drive.google.com\/open?id=0Bw--L-eEILkZR25VR2p5dDhGT1U\">2017<\/a> &#8211;&nbsp;&nbsp;<a href=\"https:\/\/drive.google.com\/file\/d\/145h8-8W8Juvf5jFcH_W_IQYWTRqCq8rQ\/view?usp=sharing\">2018&nbsp;<\/a>&#8211;&nbsp;<a href=\"https:\/\/drive.google.com\/open?id=1W07lrOFqf4s9XCId3G3oGojA2uTn6y6F\">2019<\/a><\/td><\/tr><tr><td>24<\/td><td>Teor\u00eda literaria III<\/td><td>2015 &#8211; <a href=\"https:\/\/drive.google.com\/open?id=0Bw--L-eEILkZYngxeno3aml4VDg\">2017<\/a> &#8211; 2018<\/td><\/tr><tr><td>25<\/td><td>Historia Social y cultural de la literatura III<\/td><td><a href=\"upload\/Pollo-_Historia_2016.pdf\">2015<\/a> &#8211; 2017 &#8211;<a href=\"https:\/\/drive.google.com\/file\/d\/1Nfi0uHloez9Zmy6AnHV6IktAgsUwy9z0\/view?usp=sharing\">2018<\/a>&nbsp; &#8211; <a href=\"https:\/\/drive.google.com\/file\/d\/133btCaUVotdh6zkmYVlVW9b1D5ACkKRj\/view?usp=sharing\">2019<\/a><\/td><\/tr><tr><td>26<\/td><td>Semi\u00f3tica II<\/td><td><a href=\"upload\/Pollo-___Semiotica_2016.pdf\">2015<\/a>&nbsp;&#8211; <a href=\"https:\/\/drive.google.com\/open?id=199wykX6pAgxClD3BqeejvZhvuFWmuPix\">2016<\/a>&#8211; <a href=\"https:\/\/drive.google.com\/open?id=1HBtWR1YxbuYKe4o43mbl42Mjh5XYR6cS\">2017<\/a> &#8211; <a href=\"https:\/\/drive.google.com\/open?id=1KPp_qFQoDPlQxll630MaPR4f_13J-nP7\">2018<\/a>&#8211; <a href=\"https:\/\/drive.google.com\/open?id=1ZjG55VWB7iZO4MiqmqCDRrpKOUfFbUHr\">2019<\/a><\/td><\/tr><tr><td>27<\/td><td>Ling\u00fc\u00edstica y gram\u00e1tica<\/td><td>2015 &#8211; 2017 &#8211; 2018 &#8211; <a href=\"https:\/\/drive.google.com\/open?id=1fhV3wCBhq7hBCEU3T-k8aZAAiUrgP7-T\">2019<\/a><\/td><\/tr><tr><td>28<\/td><td>Lenguas cl\u00e1sicas II<\/td><td><a href=\"upload\/LENGUAS_CLASICAS_II.pdf\">2015<\/a> &#8211; <a href=\"https:\/\/drive.google.com\/open?id=0Bw--L-eEILkZdi1BT2d1YXpqZ2s\">2017<\/a> &#8211; 2018<\/td><\/tr><tr><td>29<\/td><td>Lengua extranjera I<\/td><td>2015 &#8211; 2017 &#8211; 2018<\/td><\/tr><tr><td>30<\/td><td>EDI<\/td><td>2015 &#8211; 2017 &#8211; 2018<\/td><\/tr><tr><td>31<\/td><td>Espac. De la Pr\u00e1ctica Docente III<\/td><td>2015 &#8211; 2017 &#8211; 2018 &#8211; <a href=\"https:\/\/drive.google.com\/file\/d\/1Yss_5K9TTzEZgmJbCPhnDpFhKA9Wt2fV\/view?usp=sharing\">2019<\/a><\/td><\/tr><tr><td><strong>&nbsp;<\/strong><\/td><td><strong>4\u00b0 A\u00d1O<\/strong><\/td><td>&nbsp;<\/td><\/tr><tr><td>32<\/td><td>Teor\u00eda literaria IV<\/td><td><a href=\"https:\/\/www.dropbox.com\/s\/741bbd48a1bo77p\/programa%20teoria%20IV%202016.pdf\">2016<\/a> &#8211; <a href=\"https:\/\/www.dropbox.com\/s\/s9d10bj31ze6g3q\/Programa%20teoria%20IV%202017.pdf\">2017<\/a> &#8211; <a style=\"outline-width: 0px !important; user-select: auto !important;\" href=\"https:\/\/drive.google.com\/open?id=1uuahsRzrr1A-KPnsQrJpvWGu_Rb-2Mtl\">2018 <\/a>&#8211; <a href=\"https:\/\/drive.google.com\/open?id=1EXpDTGBmA1Ofv8sR9yn9t9mCfMHIIgck\">2019<\/a>&nbsp;&#8211; <a href=\"https:\/\/drive.google.com\/file\/d\/1g2QkZFbJ49XgrxhZWFMKwMkF2Qnw7pTy\/view?usp=sharing\">2020<\/a><\/td><\/tr><tr><td>33<\/td><td>Historia social y cultural de la literatura IV<\/td><td>2015 &#8211; 2017 &#8211; 2018<\/td><\/tr><tr><td>34<\/td><td>Ling\u00fc\u00edstica y gram\u00e1tica<\/td><td><a href=\"upload\/Vega-_Linguistica_IV_107.pdf\">2015<\/a> &#8211; 2017 &#8211; 2018<\/td><\/tr><tr><td>35<\/td><td>Psicolinguistica<\/td><td><a href=\"https:\/\/www.dropbox.com\/s\/grz9pnlh9eyjmk5\/programa%20psicolinguistica%202016.pdf\">2016<\/a> &#8211; <a href=\"https:\/\/www.dropbox.com\/s\/mylroqe1i408fcm\/programa%20psicolinguistica%202017.pdf\">2017<\/a> &#8211; <a href=\"https:\/\/drive.google.com\/open?id=1KaiP72czfETpDS1LQzyxjkzNaV7N7-uE\">2018 <\/a>&#8211; <a href=\"https:\/\/drive.google.com\/open?id=144zN7hCwRv2cRz40cTZ6ybAYxvH3JEQ2\">2019<\/a>&nbsp;&#8211; <a href=\"https:\/\/drive.google.com\/file\/d\/1XuHGPiI3x6zvZDn0fN46_CsbIvO5FlIz\/view?usp=sharing\">2020<\/a><\/td><\/tr><tr><td>36<\/td><td>Sociolinguistica<\/td><td>2015 &#8211; 2017 &#8211; 2018 &#8211; <a href=\"https:\/\/drive.google.com\/open?id=1SeH4vPsqMMJ2bQpC1uFR6J8P1dc7SXVM\">2019<\/a><\/td><\/tr><tr><td>37<\/td><td>Lengua extranjera II<\/td><td>2015 &#8211; 2017 &#8211; 2018<\/td><\/tr><tr><td>38<\/td><td>EDI<\/td><td><a href=\"https:\/\/www.dropbox.com\/s\/0o4ifxzs2q5kqmb\/programa%20EDI%20III-2016.pdf\">2016<\/a> &#8211; <a href=\"https:\/\/www.dropbox.com\/s\/sck8mp7k5t1n454\/programa%20EDI%20III-2017.pdf\">2017<\/a> &#8211; <a href=\"https:\/\/drive.google.com\/file\/d\/1F-IgeXbQ0YJ2QC-9LLIcNl5Lk4eCZgaO\/view?usp=sharing\">2018\/19<\/a>&nbsp;&#8211; <a href=\"https:\/\/drive.google.com\/file\/d\/1_dlZzQ9J0G84YjxSZVFjHkw-jeluk6Us\/view?usp=sharing\">2020<\/a><\/td><\/tr><tr><td>39<\/td><td>Espac. De la Pr\u00e1ctica Docente IV<\/td><td>2015 &#8211; <a href=\"https:\/\/drive.google.com\/open?id=0Bw--L-eEILkZWjFJZDNWREd0UzUxSXhBSGJ3eUp3emdVSEVJ\">2017<\/a> &#8211; 2018<\/td><\/tr><\/tbody><\/table><\/figure>\n<\/div>\n<\/div>\n\n\n","protected":false},"excerpt":{"rendered":"<p>&nbsp;&nbsp;Los programas aparecen con link, de acuerdo con el a\u00f1o.&nbsp; (ciclo cerrado en 2020) N\u00b0 1\u00b0 A\u00d1O&nbsp; &nbsp; 1 Persp. Filos\u00f3fico Pedag\u00f3gica I 2015 &#8211; 2017 2 Persp. Pedag\u00f3gico Did\u00e1ctica I 2015 &#8211; 2017 3 Persp. Socio Pol\u00edtica 2015 &#8211; 2017 4 Psicolog\u00eda y Cultura en la Educaci\u00f3n 2015 &#8211; 2017 5 Teor\u00eda Literaria 2015 &#8230; <a title=\"Plan \u00abviejo\u00bb -hasta 2022-\" class=\"read-more\" href=\"https:\/\/isfd107-bue.infd.edu.ar\/sitio\/plan-viejo-hasta2022\/\" aria-label=\"More on Plan \u00abviejo\u00bb -hasta 2022-\">[+]<\/a><\/p>\n","protected":false},"author":1454,"featured_media":0,"parent":0,"menu_order":0,"comment_status":"closed","ping_status":"closed","template":"","meta":[],"acf":[],"_links":{"self":[{"href":"https:\/\/isfd107-bue.infd.edu.ar\/sitio\/wp-json\/wp\/v2\/pages\/3593"}],"collection":[{"href":"https:\/\/isfd107-bue.infd.edu.ar\/sitio\/wp-json\/wp\/v2\/pages"}],"about":[{"href":"https:\/\/isfd107-bue.infd.edu.ar\/sitio\/wp-json\/wp\/v2\/types\/page"}],"author":[{"embeddable":true,"href":"https:\/\/isfd107-bue.infd.edu.ar\/sitio\/wp-json\/wp\/v2\/users\/1454"}],"replies":[{"embeddable":true,"href":"https:\/\/isfd107-bue.infd.edu.ar\/sitio\/wp-json\/wp\/v2\/comments?post=3593"}],"version-history":[{"count":12,"href":"https:\/\/isfd107-bue.infd.edu.ar\/sitio\/wp-json\/wp\/v2\/pages\/3593\/revisions"}],"predecessor-version":[{"id":5654,"href":"https:\/\/isfd107-bue.infd.edu.ar\/sitio\/wp-json\/wp\/v2\/pages\/3593\/revisions\/5654"}],"wp:attachment":[{"href":"https:\/\/isfd107-bue.infd.edu.ar\/sitio\/wp-json\/wp\/v2\/media?parent=3593"}],"curies":[{"name":"wp","href":"https:\/\/api.w.org\/{rel}","templated":true}]}}