{"id":2456,"date":"2025-03-16T19:50:51","date_gmt":"2025-03-16T22:50:51","guid":{"rendered":"https:\/\/isfd107-bue.infd.edu.ar\/sitio\/?page_id=2456"},"modified":"2026-03-28T18:08:33","modified_gmt":"2026-03-28T21:08:33","slug":"novedades","status":"publish","type":"page","link":"https:\/\/isfd107-bue.infd.edu.ar\/sitio\/novedades\/","title":{"rendered":"\u00a1NOVEDADES!"},"content":{"rendered":"\n<p><strong><span style=\"color: #0000ff;\">Publicado 28\/3\/2026<\/span><\/strong><\/p>\n\n\n\n<p><a href=\"https:\/\/isfd107-bue.infd.edu.ar\/sitio\/convocatorias-docentes\/\" rel=\"nofollow\">Convocatoria para concursos docentes en varias carreras<\/p>\n\n\n\n<p><strong><span style=\"color: #0000ff;\">Publicado 16\/3\/202<\/span><\/strong><\/p>\n\n\n\n<p><a href=\"https:\/\/isfd107-bue.infd.edu.ar\/sitio\/itinerante\/\">Pautas para solicitar ser alumno itinerante<\/a><\/p>\n\n\n\n<p><strong><span style=\"color: #0000ff;\">Publicado 14\/3\/2026<\/span><\/strong><\/p>\n\n\n\n<p><strong>(1)<\/strong> <a href=\"https:\/\/drive.google.com\/file\/d\/1SbiemN9Ob12-IMJqbFivgqN3ctHUWRGW\/view\">Acto de inicio del ciclo lectivo: Invitaci\u00f3n para el lunes 16\/3\/26<\/a><\/p>\n\n\n\n<p><strong>(2) <\/strong>Horarios 2026 de los Prof. Biolog\u00eda, Especial, Inicial y Lengua en secci\u00f3n <strong>Oferta acad\u00e9mica <\/strong>de cada carrera<strong>.<\/strong><\/p>\n\n\n\n<p><strong><span style=\"color: #0000ff;\">Publicado 11\/3\/2026<\/span><\/strong><\/p>\n\n\n\n<p>Horarios 2026 del <a href=\"https:\/\/isfd107-bue.infd.edu.ar\/sitio\/matem-horarios2026\/\">Prof. en Matem\u00e1tica<\/a> <\/p>\n\n\n\n<p><strong><span style=\"color: #0000ff;\">Publicado 11\/2\/2026<\/span><\/strong><\/p>\n\n\n\n<p>Actualizaci\u00f3n del <a href=\"https:\/\/isfd107-bue.infd.edu.ar\/sitio\/calendario-2026\/\">calendario 2026<\/a> y normas para <a href=\"https:\/\/isfd107-bue.infd.edu.ar\/sitio\/equivalencias-2\/\">solicitar equivalencias<\/a>.<\/p>\n\n\n\n<p><strong><span style=\"color: #0000ff;\">Publicado 3\/2\/2026<\/span><\/strong><\/p>\n\n\n\n<p>Fechas de&nbsp;<a href=\"https:\/\/isfd107-bue.infd.edu.ar\/sitio\/inscripcion-a-finales\/\">comisiones evaluadoras de todas las carreras .<\/a><\/p>\n\n\n\n<p><strong><span style=\"color: #0000ff;\">Publicado 5\/01\/2026<\/span><\/strong><\/p>\n\n\n\n<p><a href=\"https:\/\/drive.google.com\/file\/d\/1u6t1LlVUd3OE-k2C4tOcCm6H-Vg3_0z3\/view?usp=sharing\">Calendario para el ciclo lectivo 2026<\/a><\/p>\n\n\n\n<p><\/p>\n\n\n\n<p><\/p>\n\n\n\n<p><\/p>\n\n\n\n<p><\/p>\n\n\n\n<p><\/p>\n","protected":false},"excerpt":{"rendered":"<p>Publicado 28\/3\/2026 Convocatoria para concursos docentes en varias carreras Publicado 16\/3\/202 Pautas para solicitar ser alumno itinerante Publicado 14\/3\/2026 (1) Acto de inicio del ciclo lectivo: Invitaci\u00f3n para el lunes 16\/3\/26 (2) Horarios 2026 de los Prof. Biolog\u00eda, Especial, Inicial y Lengua en secci\u00f3n Oferta acad\u00e9mica de cada carrera. Publicado 11\/3\/2026 Horarios 2026 del Prof. &#8230; <a title=\"\u00a1NOVEDADES!\" class=\"read-more\" href=\"https:\/\/isfd107-bue.infd.edu.ar\/sitio\/novedades\/\" aria-label=\"More on \u00a1NOVEDADES!\">[+]<\/a><\/p>\n","protected":false},"author":1454,"featured_media":0,"parent":0,"menu_order":0,"comment_status":"closed","ping_status":"closed","template":"","meta":[],"acf":[],"_links":{"self":[{"href":"https:\/\/isfd107-bue.infd.edu.ar\/sitio\/wp-json\/wp\/v2\/pages\/2456"}],"collection":[{"href":"https:\/\/isfd107-bue.infd.edu.ar\/sitio\/wp-json\/wp\/v2\/pages"}],"about":[{"href":"https:\/\/isfd107-bue.infd.edu.ar\/sitio\/wp-json\/wp\/v2\/types\/page"}],"author":[{"embeddable":true,"href":"https:\/\/isfd107-bue.infd.edu.ar\/sitio\/wp-json\/wp\/v2\/users\/1454"}],"replies":[{"embeddable":true,"href":"https:\/\/isfd107-bue.infd.edu.ar\/sitio\/wp-json\/wp\/v2\/comments?post=2456"}],"version-history":[{"count":274,"href":"https:\/\/isfd107-bue.infd.edu.ar\/sitio\/wp-json\/wp\/v2\/pages\/2456\/revisions"}],"predecessor-version":[{"id":5738,"href":"https:\/\/isfd107-bue.infd.edu.ar\/sitio\/wp-json\/wp\/v2\/pages\/2456\/revisions\/5738"}],"wp:attachment":[{"href":"https:\/\/isfd107-bue.infd.edu.ar\/sitio\/wp-json\/wp\/v2\/media?parent=2456"}],"curies":[{"name":"wp","href":"https:\/\/api.w.org\/{rel}","templated":true}]}}