{"id":2359,"date":"2020-03-12T15:18:03","date_gmt":"2020-03-12T18:18:03","guid":{"rendered":"https:\/\/isfd107-bue.infd.edu.ar\/sitio\/?page_id=2359"},"modified":"2021-03-15T10:52:49","modified_gmt":"2021-03-15T13:52:49","slug":"solicitud-de-titulo-en-tramite","status":"publish","type":"page","link":"https:\/\/isfd107-bue.infd.edu.ar\/sitio\/solicitud-de-titulo-en-tramite\/","title":{"rendered":"Solicitud de t\u00edtulo en tr\u00e1mite"},"content":{"rendered":"<p><span style=\"color: #0000ff;\"><strong>AVISO:\u00a0<\/strong><\/span><\/p>\n<p style=\"background: Light blue; color: light blue; font-weight: bold; padding: 10px; border: 3px solid blue;\"><span style=\"color: #000000;\"><span style=\"color: #0000ff;\">?<\/span>\u00a0 Puede usarse Chrome desde un celular; no se registran problemas.<br \/>\n<span style=\"color: #0000ff;\">?<\/span>\u00a0 Si se hiciere desde una computadora y diere error usando Chrome , cambiar a navegadores Firefox o Explorer.<\/span><\/p>\n<p>&nbsp;<\/p>\n\n<div class=\"wpcf7 no-js\" id=\"wpcf7-f2358-o1\" lang=\"es-ES\" dir=\"ltr\">\n<div class=\"screen-reader-response\"><p role=\"status\" aria-live=\"polite\" aria-atomic=\"true\"><\/p> <ul><\/ul><\/div>\n<form action=\"\/sitio\/wp-json\/wp\/v2\/pages\/2359#wpcf7-f2358-o1\" method=\"post\" class=\"wpcf7-form init\" aria-label=\"Formulario de contacto\" enctype=\"multipart\/form-data\" novalidate=\"novalidate\" data-status=\"init\">\n<div style=\"display: none;\">\n<input type=\"hidden\" name=\"_wpcf7\" value=\"2358\" \/>\n<input type=\"hidden\" name=\"_wpcf7_version\" value=\"5.7.7\" \/>\n<input type=\"hidden\" name=\"_wpcf7_locale\" value=\"es_ES\" \/>\n<input type=\"hidden\" name=\"_wpcf7_unit_tag\" value=\"wpcf7-f2358-o1\" \/>\n<input type=\"hidden\" name=\"_wpcf7_container_post\" value=\"0\" \/>\n<input type=\"hidden\" name=\"_wpcf7_posted_data_hash\" value=\"\" \/>\n<input type=\"hidden\" name=\"_wpcf7_recaptcha_response\" value=\"\" \/>\n<\/div>\n<p><label><b>* Nombre<\/b><br \/>\n<span class=\"wpcf7-form-control-wrap\" data-name=\"your-nombre\"><input size=\"40\" class=\"wpcf7-form-control wpcf7-text wpcf7-validates-as-required\" aria-required=\"true\" aria-invalid=\"false\" value=\"\" type=\"text\" name=\"your-nombre\" \/><\/span><\/label>\n<\/p>\n<p><label><b>* Apellido<\/b><br \/>\n<span class=\"wpcf7-form-control-wrap\" data-name=\"your-apellido\"><input size=\"40\" class=\"wpcf7-form-control wpcf7-text wpcf7-validates-as-required\" aria-required=\"true\" aria-invalid=\"false\" value=\"\" type=\"text\" name=\"your-apellido\" \/><\/span><\/label>\n<\/p>\n<p><label><b>*DNI<\/b><br \/>\n<span class=\"wpcf7-form-control-wrap\" data-name=\"your-DNI\"><input size=\"40\" class=\"wpcf7-form-control wpcf7-text wpcf7-validates-as-required\" aria-required=\"true\" aria-invalid=\"false\" value=\"\" type=\"text\" name=\"your-DNI\" \/><\/span><\/label>\n<\/p>\n<p>* Adjuntar fotos del DNI [ambos lados] (obligatorio)\n<\/p>\n<p><span class=\"wpcf7-form-control-wrap\" data-name=\"file-586\"><input size=\"40\" class=\"wpcf7-form-control wpcf7-file wpcf7-validates-as-required\" accept=\".jpg,.jepg,.gif,.pdf\" aria-required=\"true\" aria-invalid=\"false\" type=\"file\" name=\"file-586\" \/><\/span>\n<\/p>\n<p><span class=\"wpcf7-form-control-wrap\" data-name=\"file-908\"><input size=\"40\" class=\"wpcf7-form-control wpcf7-file wpcf7-validates-as-required\" accept=\".png,.jepg,.jpg,.gif\" aria-required=\"true\" aria-invalid=\"false\" type=\"file\" name=\"file-908\" \/><\/span>\n<\/p>\n<p>* Adjuntar foto de la partida de nacimiento (LEGIBLE en todos los datos) [Obligatorio]\n<\/p>\n<p><span class=\"wpcf7-form-control-wrap\" data-name=\"file-528\"><input size=\"40\" class=\"wpcf7-form-control wpcf7-file wpcf7-validates-as-required\" accept=\".jpg,.jepg,.png,.gif\" aria-required=\"true\" aria-invalid=\"false\" type=\"file\" name=\"file-528\" \/><\/span>\n<\/p>\n<p><label><b>* E-mail<\/b><br \/>\n<span class=\"wpcf7-form-control-wrap\" data-name=\"your-e-mail\"><input size=\"40\" class=\"wpcf7-form-control wpcf7-text wpcf7-email wpcf7-validates-as-required wpcf7-validates-as-email\" aria-required=\"true\" aria-invalid=\"false\" value=\"\" type=\"email\" name=\"your-e-mail\" \/><\/span><\/label>\n<\/p>\n<p>* Elegir el profesorado que se cursa y por el que se hace la petici\u00f3n:\n<\/p>\n<p><span class=\"wpcf7-form-control-wrap\" data-name=\"menu-673\"><select class=\"wpcf7-form-control wpcf7-select wpcf7-validates-as-required\" aria-required=\"true\" aria-invalid=\"false\" name=\"menu-673\"><option value=\"Profesorado de Educaci\u00f3n Especial -Res. N\u00ba 1009\/09\">Profesorado de Educaci\u00f3n Especial -Res. N\u00ba 1009\/09<\/option><option value=\"Profesorado de Educaci\u00f3n Inicial - Res. N\u00ba 4154\/07\">Profesorado de Educaci\u00f3n Inicial - Res. N\u00ba 4154\/07<\/option><option value=\"Profesorado en Lengua y Literatura - Res. N\u00ba 2789\/09 (plan viejo)\">Profesorado en Lengua y Literatura - Res. N\u00ba 2789\/09 (plan viejo)<\/option><option value=\"Profesorado en Lengua y Literatura- \n Res. 1862\/17 (plan nuevo)\">Profesorado en Lengua y Literatura- \n Res. 1862\/17 (plan nuevo)<\/option><option value=\"Profesorado en Matem\u00e1tica  Res. N\u00ba 2789\/09 (plan viejo)\">Profesorado en Matem\u00e1tica  Res. N\u00ba 2789\/09 (plan viejo)<\/option><option value=\"Profesorado en Matem\u00e1tica  1861\/17 (plan nuevo)\">Profesorado en Matem\u00e1tica  1861\/17 (plan nuevo)<\/option><option value=\"Profesorado de Educaci\u00f3n Primaria - Res. N\u00ba 4154\/07\">Profesorado de Educaci\u00f3n Primaria - Res. N\u00ba 4154\/07<\/option><\/select><\/span>\n<\/p>\n<p>* Para presentar ante... [Indicar ante qui\u00e9n se presentar\u00e1 la constancia solicitada.]\n<\/p>\n<p><span class=\"wpcf7-form-control-wrap\" data-name=\"textarea-244\"><textarea cols=\"40\" rows=\"10\" class=\"wpcf7-form-control wpcf7-textarea wpcf7-validates-as-required\" aria-required=\"true\" aria-invalid=\"false\" name=\"textarea-244\"><\/textarea><\/span>\n<\/p>\n<p>_______________________________________________\n<\/p>\n<p>* \u00bfHas controlado que los datos sean correctos y que las fotos del DNI y Pda. de nacimiento se hayan cargado ?\n<\/p>\n<p>?? Podr\u00e1n retirar la constancia en Secretar\u00eda, despu\u00e9s de CUATRO d\u00edas h\u00e1biles a partir del pedido.\n<\/p>\n<p>?? Esta constancia NO CORRESPONDE PARA EL INGRESO A LA DOCENCIA\n<\/p>\n<p><span class=\"wpcf7-form-control-wrap\" data-name=\"checkbox-925\"><span class=\"wpcf7-form-control wpcf7-checkbox\"><span class=\"wpcf7-list-item first last\"><input type=\"checkbox\" name=\"checkbox-925[]\" value=\"S\u00ed, he revisado y est\u00e1 todo bien.\" \/><span class=\"wpcf7-list-item-label\">S\u00ed, he revisado y est\u00e1 todo bien.<\/span><\/span><\/span><\/span>\n<\/p>\n<p>(*) Los campos son obligatorios.\n<\/p>\n\n<p><input class=\"wpcf7-form-control has-spinner wpcf7-submit\" type=\"submit\" value=\"Enviar\" \/>\n<\/p><p style=\"display: none !important;\"><label>&#916;<textarea name=\"_wpcf7_ak_hp_textarea\" cols=\"45\" rows=\"8\" maxlength=\"100\"><\/textarea><\/label><input type=\"hidden\" id=\"ak_js_1\" name=\"_wpcf7_ak_js\" value=\"184\"\/><script>document.getElementById( \"ak_js_1\" ).setAttribute( \"value\", ( new Date() ).getTime() );<\/script><\/p><div class=\"wpcf7-response-output\" aria-hidden=\"true\"><\/div>\n<\/form>\n<\/div>\n\n","protected":false},"excerpt":{"rendered":"<p>AVISO:\u00a0 ?\u00a0 Puede usarse Chrome desde un celular; no se registran problemas. ?\u00a0 Si se hiciere desde una computadora y diere error usando Chrome , cambiar a navegadores Firefox o Explorer. &nbsp;<\/p>\n","protected":false},"author":1454,"featured_media":0,"parent":0,"menu_order":0,"comment_status":"closed","ping_status":"closed","template":"","meta":[],"acf":[],"_links":{"self":[{"href":"https:\/\/isfd107-bue.infd.edu.ar\/sitio\/wp-json\/wp\/v2\/pages\/2359"}],"collection":[{"href":"https:\/\/isfd107-bue.infd.edu.ar\/sitio\/wp-json\/wp\/v2\/pages"}],"about":[{"href":"https:\/\/isfd107-bue.infd.edu.ar\/sitio\/wp-json\/wp\/v2\/types\/page"}],"author":[{"embeddable":true,"href":"https:\/\/isfd107-bue.infd.edu.ar\/sitio\/wp-json\/wp\/v2\/users\/1454"}],"replies":[{"embeddable":true,"href":"https:\/\/isfd107-bue.infd.edu.ar\/sitio\/wp-json\/wp\/v2\/comments?post=2359"}],"version-history":[{"count":6,"href":"https:\/\/isfd107-bue.infd.edu.ar\/sitio\/wp-json\/wp\/v2\/pages\/2359\/revisions"}],"predecessor-version":[{"id":2917,"href":"https:\/\/isfd107-bue.infd.edu.ar\/sitio\/wp-json\/wp\/v2\/pages\/2359\/revisions\/2917"}],"wp:attachment":[{"href":"https:\/\/isfd107-bue.infd.edu.ar\/sitio\/wp-json\/wp\/v2\/media?parent=2359"}],"curies":[{"name":"wp","href":"https:\/\/api.w.org\/{rel}","templated":true}]}}