{"id":2341,"date":"2020-03-11T20:43:05","date_gmt":"2020-03-11T23:43:05","guid":{"rendered":"https:\/\/isfd107-bue.infd.edu.ar\/sitio\/?page_id=2341"},"modified":"2024-06-03T22:29:07","modified_gmt":"2024-06-04T01:29:07","slug":"constancia-de-materias-aprobadas","status":"publish","type":"page","link":"https:\/\/isfd107-bue.infd.edu.ar\/sitio\/constancia-de-materias-aprobadas\/","title":{"rendered":"Constancia de materias aprobadas"},"content":{"rendered":"<p><span style=\"color: #0000ff;\"><b>Instructivo:<\/b><\/span><\/p>\n<ol>\n<li style=\"list-style-type: none;\">\n<ol>\n<li>Descargar la&nbsp;<strong>declaraci\u00f3n jurada<\/strong>&nbsp;que corresponda a la carrera<\/li>\n<li>IMPRIMIRLA en <strong>hoja oficio<\/strong><\/li>\n<li>Completarla y firmarla&nbsp;<span style=\"color: #0000ff;\"><strong>con lapicera azul<\/strong>.<\/span><\/li>\n<li>Completar el formulario (est\u00e1 debajo del listado de carreras) , adjuntando la declaraci\u00f3n jurada escaneada y la foto del DNI (todo <strong>en formato pdf o imagen<\/strong>)<\/li>\n<\/ol>\n<\/li>\n<\/ol>\n<h3><span style=\"color: #0000ff;\"><strong>Declaraciones para descargar; elegir la que corresponda:<\/strong><\/span><\/h3>\n<ul>\n<li><a href=\"https:\/\/drive.google.com\/open?id=1XfxFBCybLBDaNQ6Tpf30KEqBihcBO2Dt\">Profesorado en Educaci\u00f3n Especial<\/a><\/li>\n<li><a href=\"https:\/\/drive.google.com\/open?id=1uQgxXZ54kYoN4hY2gGcvzUc1XXmdWk_a\">Profesorado en Educaci\u00f3n Inicial<\/a><\/li>\n<li><a href=\"https:\/\/drive.google.com\/open?id=1OVe1fMccLQuLzh61Q3NOljrbSg6Z7cTn\">Profesorado en Educaci\u00f3n Primaria<\/a><\/li>\n<li><a href=\"https:\/\/drive.google.com\/open?id=1iVhiDX7fBQE8fjNZIHuoKcneCrwAgIQO\">Profesorado en Educaci\u00f3n Secundaria en Lengua y Literatura (plan nuevo)<\/a><\/li>\n<li><a href=\"https:\/\/drive.google.com\/open?id=1Tcu6LKbb1khhhdfgiWGRrVZLd89m6b5I\">Profesorado en Lengua y Literatura (plan viejo)<\/a><\/li>\n<li><a href=\"https:\/\/drive.google.com\/open?id=1j_d3tpijRBGiRiieDV4yUdXZ9ELR9V6d\">Profesorado en Educaci\u00f3n Secundaria en Matem\u00e1tica (plan nuevo)<\/a><\/li>\n<li><a href=\"https:\/\/drive.google.com\/open?id=14nYwhbRbPtozNv8szoAUNDoIDNFgH0V3\">Profesorado en Matem\u00e1tica (plan viejo)<\/a><\/li>\n<\/ul>\n\n<div class=\"wpcf7 no-js\" id=\"wpcf7-f4968-o1\" lang=\"es-ES\" dir=\"ltr\">\n<div class=\"screen-reader-response\"><p role=\"status\" aria-live=\"polite\" aria-atomic=\"true\"><\/p> <ul><\/ul><\/div>\n<form action=\"\/sitio\/wp-json\/wp\/v2\/pages\/2341#wpcf7-f4968-o1\" method=\"post\" class=\"wpcf7-form init\" aria-label=\"Formulario de contacto\" enctype=\"multipart\/form-data\" novalidate=\"novalidate\" data-status=\"init\">\n<div style=\"display: none;\">\n<input type=\"hidden\" name=\"_wpcf7\" value=\"4968\" \/>\n<input type=\"hidden\" name=\"_wpcf7_version\" value=\"5.7.7\" \/>\n<input type=\"hidden\" name=\"_wpcf7_locale\" value=\"es_ES\" \/>\n<input type=\"hidden\" name=\"_wpcf7_unit_tag\" value=\"wpcf7-f4968-o1\" \/>\n<input type=\"hidden\" name=\"_wpcf7_container_post\" value=\"0\" \/>\n<input type=\"hidden\" name=\"_wpcf7_posted_data_hash\" value=\"\" \/>\n<input type=\"hidden\" name=\"_wpcf7_recaptcha_response\" value=\"\" \/>\n<\/div>\n<p><label><b><br \/>\n* Nombre\/s <\/b><br \/>\n<span class=\"wpcf7-form-control-wrap\" data-name=\"your-name\"><input size=\"40\" class=\"wpcf7-form-control wpcf7-text wpcf7-validates-as-required\" autocomplete=\"name\" aria-required=\"true\" aria-invalid=\"false\" value=\"\" type=\"text\" name=\"your-name\" \/><\/span> <\/label><b><br \/>\n* Apellido<\/b><br \/>\n<span class=\"wpcf7-form-control-wrap\" data-name=\"your-apellido\"><input size=\"40\" class=\"wpcf7-form-control wpcf7-text wpcf7-validates-as-required\" aria-required=\"true\" aria-invalid=\"false\" value=\"\" type=\"text\" name=\"your-apellido\" \/><\/span>\n<\/p>\n<p><label><b>*DNI<\/b><br \/>\n<span class=\"wpcf7-form-control-wrap\" data-name=\"your-DNI\"><input size=\"40\" class=\"wpcf7-form-control wpcf7-text wpcf7-validates-as-required\" aria-required=\"true\" aria-invalid=\"false\" value=\"\" type=\"text\" name=\"your-DNI\" \/><\/span><\/label>\n<\/p>\n<p>* Adjuntar foto del DNI (obligatorio)\n<\/p>\n<p><span class=\"wpcf7-form-control-wrap\" data-name=\"file-48\"><input size=\"40\" class=\"wpcf7-form-control wpcf7-file wpcf7-validates-as-required\" accept=\".png,.jepg,.jpg,.gif,.pdf\" aria-required=\"true\" aria-invalid=\"false\" type=\"file\" name=\"file-48\" \/><\/span>\n<\/p>\n<p>* Adjuntar la declaraci\u00f3n jurada descargada , completada, FIRMADA EN AZUL y escaneada (LEGIBLE en todos los datos) [Obligatorio]\n<\/p>\n<p><span class=\"wpcf7-form-control-wrap\" data-name=\"file-459\"><input size=\"40\" class=\"wpcf7-form-control wpcf7-file\" accept=\".jpg,.jepg,.gif,.png,.pdf\" aria-invalid=\"false\" type=\"file\" name=\"file-459\" \/><\/span>\n<\/p>\n<p><label> Tu correo electr\u00f3nico<br \/>\n<span class=\"wpcf7-form-control-wrap\" data-name=\"your-email\"><input size=\"40\" class=\"wpcf7-form-control wpcf7-text wpcf7-email wpcf7-validates-as-required wpcf7-validates-as-email\" autocomplete=\"email\" aria-required=\"true\" aria-invalid=\"false\" value=\"\" type=\"email\" name=\"your-email\" \/><\/span> <\/label>\n<\/p>\n<p>* Elegir el profesorado que se cursa y por el que se hace la petici\u00f3n:\n<\/p>\n<p><span class=\"wpcf7-form-control-wrap\" data-name=\"menu-973\"><select class=\"wpcf7-form-control wpcf7-select\" aria-invalid=\"false\" name=\"menu-973\"><option value=\"\">&#8212;Por favor, elige una opci\u00f3n&#8212;<\/option><option value=\"Profesorado de Educaci\u00f3n Especial -Res. N\u00ba 1009\/09\">Profesorado de Educaci\u00f3n Especial -Res. N\u00ba 1009\/09<\/option><option value=\"Profesorado de Educaci\u00f3n Inicial - Res. N\u00ba 4154\/07\">Profesorado de Educaci\u00f3n Inicial - Res. N\u00ba 4154\/07<\/option><option value=\"Profesorado en Lengua y Literatura - Res. N\u00ba 2789\/09 (plan viejo)\">Profesorado en Lengua y Literatura - Res. N\u00ba 2789\/09 (plan viejo)<\/option><option value=\"Profesorado en Matem\u00e1tica  Res. N\u00ba 2789\/09 (plan viejo)\">Profesorado en Matem\u00e1tica  Res. N\u00ba 2789\/09 (plan viejo)<\/option><option value=\"Profesorado de Educaci\u00f3n Secundaria en Lengua y Literatura - Res. N\u00b01862\/17 (plan nuevo)\">Profesorado de Educaci\u00f3n Secundaria en Lengua y Literatura - Res. N\u00b01862\/17 (plan nuevo)<\/option><option value=\"Profesorado de Educaci\u00f3n Secundaria en Matem\u00e1tica Res. N\u00b0 1861\/17 (plan nuevo)\">Profesorado de Educaci\u00f3n Secundaria en Matem\u00e1tica Res. N\u00b0 1861\/17 (plan nuevo)<\/option><option value=\"Profesorado de Educaci\u00f3n Primaria - Res. N\u00ba 4154\/07\">Profesorado de Educaci\u00f3n Primaria - Res. N\u00ba 4154\/07<\/option><\/select><\/span>\n<\/p>\n<p>* Para presentar ante... [Indicar ante qui\u00e9n se presentar\u00e1 la constancia solicitada.]\n<\/p>\n<p><span class=\"wpcf7-form-control-wrap\" data-name=\"textarea-135\"><textarea cols=\"40\" rows=\"10\" class=\"wpcf7-form-control wpcf7-textarea\" aria-invalid=\"false\" name=\"textarea-135\"><\/textarea><\/span>\n<\/p>\n<p>_______________________________________________\n<\/p>\n<p>* \u00bfHas controlado que los datos sean correctos y que las fotos del DNI y Pda. de nacimiento se hayan cargado ?\n<\/p>\n<p>\u27bd\u27bd Se avisar\u00e1, al mail personal indicado, cu\u00e1ndo se podr\u00e1 retirar por Secretar\u00eda.\n<\/p>\n<p><span class=\"wpcf7-form-control-wrap\" data-name=\"checkbox-473\"><span class=\"wpcf7-form-control wpcf7-checkbox\"><span class=\"wpcf7-list-item first last\"><label><input type=\"checkbox\" name=\"checkbox-473[]\" value=\"\u00bfHas controlado que los datos sean correctos y que las fotos del DNI y Pda. de nacimiento se hayan cargado ?\" \/><span class=\"wpcf7-list-item-label\">\u00bfHas controlado que los datos sean correctos y que las fotos del DNI y Pda. de nacimiento se hayan cargado ?<\/span><\/label><\/span><\/span><\/span>\n<\/p>\n<p>(*) Los campos son obligatorios.\n<\/p>\n<p><input class=\"wpcf7-form-control has-spinner wpcf7-submit\" type=\"submit\" value=\"Enviar\" \/>\n<\/p><p style=\"display: none !important;\"><label>&#916;<textarea name=\"_wpcf7_ak_hp_textarea\" cols=\"45\" rows=\"8\" maxlength=\"100\"><\/textarea><\/label><input type=\"hidden\" id=\"ak_js_1\" name=\"_wpcf7_ak_js\" value=\"217\"\/><script>document.getElementById( \"ak_js_1\" ).setAttribute( \"value\", ( new Date() ).getTime() );<\/script><\/p><div class=\"wpcf7-response-output\" aria-hidden=\"true\"><\/div>\n<\/form>\n<\/div>\n\n","protected":false},"excerpt":{"rendered":"<p>Instructivo: Descargar la&nbsp;declaraci\u00f3n jurada&nbsp;que corresponda a la carrera IMPRIMIRLA en hoja oficio Completarla y firmarla&nbsp;con lapicera azul. Completar el formulario (est\u00e1 debajo del listado de carreras) , adjuntando la declaraci\u00f3n jurada escaneada y la foto del DNI (todo en formato pdf o imagen) Declaraciones para descargar; elegir la que corresponda: Profesorado en Educaci\u00f3n Especial Profesorado &#8230; <a title=\"Constancia de materias aprobadas\" class=\"read-more\" href=\"https:\/\/isfd107-bue.infd.edu.ar\/sitio\/constancia-de-materias-aprobadas\/\" aria-label=\"More on Constancia de materias aprobadas\">[+]<\/a><\/p>\n","protected":false},"author":1454,"featured_media":0,"parent":0,"menu_order":0,"comment_status":"closed","ping_status":"closed","template":"","meta":[],"acf":[],"_links":{"self":[{"href":"https:\/\/isfd107-bue.infd.edu.ar\/sitio\/wp-json\/wp\/v2\/pages\/2341"}],"collection":[{"href":"https:\/\/isfd107-bue.infd.edu.ar\/sitio\/wp-json\/wp\/v2\/pages"}],"about":[{"href":"https:\/\/isfd107-bue.infd.edu.ar\/sitio\/wp-json\/wp\/v2\/types\/page"}],"author":[{"embeddable":true,"href":"https:\/\/isfd107-bue.infd.edu.ar\/sitio\/wp-json\/wp\/v2\/users\/1454"}],"replies":[{"embeddable":true,"href":"https:\/\/isfd107-bue.infd.edu.ar\/sitio\/wp-json\/wp\/v2\/comments?post=2341"}],"version-history":[{"count":22,"href":"https:\/\/isfd107-bue.infd.edu.ar\/sitio\/wp-json\/wp\/v2\/pages\/2341\/revisions"}],"predecessor-version":[{"id":4972,"href":"https:\/\/isfd107-bue.infd.edu.ar\/sitio\/wp-json\/wp\/v2\/pages\/2341\/revisions\/4972"}],"wp:attachment":[{"href":"https:\/\/isfd107-bue.infd.edu.ar\/sitio\/wp-json\/wp\/v2\/media?parent=2341"}],"curies":[{"name":"wp","href":"https:\/\/api.w.org\/{rel}","templated":true}]}}