{"id":2251,"date":"2020-02-18T15:50:24","date_gmt":"2020-02-18T18:50:24","guid":{"rendered":"https:\/\/isfd107-bue.infd.edu.ar\/sitio\/?page_id=2251"},"modified":"2024-04-24T23:42:12","modified_gmt":"2024-04-25T02:42:12","slug":"solicitud-de-constancias","status":"publish","type":"page","link":"https:\/\/isfd107-bue.infd.edu.ar\/sitio\/solicitud-de-constancias\/","title":{"rendered":"Solicitud de constancias"},"content":{"rendered":"<p style=\"text-align: left;\"><b>Las constancias se tramitar\u00e1n v\u00eda web (mediante el formulario que hay en cada una- salvo la de <span style=\"text-decoration: underline;\">t\u00edtulo en tr\u00e1mite<\/span>, que <span style=\"text-decoration: underline;\">es presencial<\/span>). Se informar\u00e1, <\/b><b>a la casilla de mail desde la cual se solicitaron<\/b><b>,\u00a0<\/b><b>el turno asignado-con d\u00eda y horario-\u00a0 para que se acerquen a retirarlas; en ese momento, <mark>se solicitar\u00e1 abonar $50 por cada una de las pedidas<\/mark>&#8211; debido al costo de los insumos-, monto que se ir\u00e1 actualizando, acorde a las variaciones de precios.<\/b><\/p>\n<p>Elegir entre las constancias:<\/p>\n<ul>\n<li><strong><a href=\"https:\/\/isfd107-bue.infd.edu.ar\/sitio\/constancia-analitico-incompleto\/\">De anal\u00edtico incompleto<\/a><\/strong><\/li>\n<li><a href=\"https:\/\/isfd107-bue.infd.edu.ar\/sitio\/solicitud-de-titulo-en-tramite\/\"><strong>De t\u00edtulo en tr\u00e1mite<\/strong><\/a><\/li>\n<li><a href=\"https:\/\/isfd107-bue.infd.edu.ar\/sitio\/solicitud-de-constancia-de-examenes\/\"><strong>Asistencia a ex\u00e1menes<\/strong><\/a><\/li>\n<li>Para ingreso a la docencia (con t\u00edtulo en tr\u00e1mite)<\/li>\n<li><strong>De alumna\/o regular &#8211;\u00a0<mark>ELEGIR <\/mark>:\u00a0 <a href=\"https:\/\/isfd107-bue.infd.edu.ar\/sitio\/solicitud-de-constancia-de-alumna-o-regular-pee\/\">Prof. Especial<\/a> \u00a0&#8211;\u00a0 <a href=\"https:\/\/isfd107-bue.infd.edu.ar\/sitio\/solicitud-de-constancia-de-alumna-o-regular-pep\/\">Prof. Primaria<\/a>\u00a0 &#8211; <a href=\"https:\/\/isfd107-bue.infd.edu.ar\/sitio\/solicitud-de-constancia-de-alumna-o-regular-lengua-y-literatura\/\">Prof. Lengua y literatura<\/a>\u00a0 &#8211;\u00a0 <a href=\"https:\/\/isfd107-bue.infd.edu.ar\/sitio\/solicitud-de-constancia-de-alumna-o-regular-matematica\/\">Prof. Matem\u00e1tica<\/a>&#8211; Atenci\u00f3n: Prof. Inicial debe solicitarlo personalmente en bedel\u00eda.<\/strong><\/li>\n<li><a href=\"https:\/\/isfd107-bue.infd.edu.ar\/sitio\/constancia-de-materias-aprobadas\/\"><strong>De porcentaje de materias aprobadas<\/strong> \u00a0<\/a>\u00a0\u00a0\u00a0\u00a0<span style=\"color: #000000;\">[<\/span><strong><strong><strong><strong><span style=\"color: #3366ff;\"><span style=\"color: #000000;\">Solo se confeccionar\u00e1n las de quienes acrediten- <span style=\"text-decoration: underline;\">a la fecha de petici\u00f3n<\/span>&#8211;<\/span> <span style=\"text-decoration: underline; color: #ff00ff;\"><em>DESDE DIEZ MATERIAS APROBADAS en final<\/em><\/span><span style=\"color: #000000;\">]<\/span><\/span><\/strong><\/strong><\/strong><\/strong><\/li>\n<\/ul>\n","protected":false},"excerpt":{"rendered":"<p>Las constancias se tramitar\u00e1n v\u00eda web (mediante el formulario que hay en cada una- salvo la de t\u00edtulo en tr\u00e1mite, que es presencial). Se informar\u00e1, a la casilla de mail desde la cual se solicitaron,\u00a0el turno asignado-con d\u00eda y horario-\u00a0 para que se acerquen a retirarlas; en ese momento, se solicitar\u00e1 abonar $50 por cada &#8230; <a title=\"Solicitud de constancias\" class=\"read-more\" href=\"https:\/\/isfd107-bue.infd.edu.ar\/sitio\/solicitud-de-constancias\/\" aria-label=\"More on Solicitud de constancias\">[+]<\/a><\/p>\n","protected":false},"author":1454,"featured_media":0,"parent":0,"menu_order":0,"comment_status":"closed","ping_status":"closed","template":"","meta":[],"acf":[],"_links":{"self":[{"href":"https:\/\/isfd107-bue.infd.edu.ar\/sitio\/wp-json\/wp\/v2\/pages\/2251"}],"collection":[{"href":"https:\/\/isfd107-bue.infd.edu.ar\/sitio\/wp-json\/wp\/v2\/pages"}],"about":[{"href":"https:\/\/isfd107-bue.infd.edu.ar\/sitio\/wp-json\/wp\/v2\/types\/page"}],"author":[{"embeddable":true,"href":"https:\/\/isfd107-bue.infd.edu.ar\/sitio\/wp-json\/wp\/v2\/users\/1454"}],"replies":[{"embeddable":true,"href":"https:\/\/isfd107-bue.infd.edu.ar\/sitio\/wp-json\/wp\/v2\/comments?post=2251"}],"version-history":[{"count":64,"href":"https:\/\/isfd107-bue.infd.edu.ar\/sitio\/wp-json\/wp\/v2\/pages\/2251\/revisions"}],"predecessor-version":[{"id":4917,"href":"https:\/\/isfd107-bue.infd.edu.ar\/sitio\/wp-json\/wp\/v2\/pages\/2251\/revisions\/4917"}],"wp:attachment":[{"href":"https:\/\/isfd107-bue.infd.edu.ar\/sitio\/wp-json\/wp\/v2\/media?parent=2251"}],"curies":[{"name":"wp","href":"https:\/\/api.w.org\/{rel}","templated":true}]}}