{"id":1741,"date":"2019-02-20T14:48:09","date_gmt":"2019-02-20T17:48:09","guid":{"rendered":"https:\/\/isfd107-bue.infd.edu.ar\/sitio\/?page_id=1741"},"modified":"2024-03-18T22:18:54","modified_gmt":"2024-03-19T01:18:54","slug":"fonoaudiologia","status":"publish","type":"page","link":"https:\/\/isfd107-bue.infd.edu.ar\/sitio\/fonoaudiologia\/","title":{"rendered":"Fonoaudiolog\u00eda"},"content":{"rendered":"\n<p class=\"has-text-align-center\"><\/p>\n\n\n<p><strong>LA APTITUD FONOAUDIOL\u00d3GICA<\/strong><\/p>\n<p style=\"text-align: justify;\">Si bien la voz no es un instrumento, un recurso o una mera herramienta, muchos aspectos de la cultura escolar, de las relaciones educativas, de los procesos de transmisi\u00f3n de conocimientos, se desarrollan en las coordenadas de un modo de comunicaci\u00f3n predominantemente oral. La palabra y la voz configuran los aspectos centrales de la pr\u00e1ctica de ense\u00f1ar y le otorgan al docente su lugar en el proceso formativo dial\u00f3gico.<\/p>\n<p style=\"text-align: justify;\">El Dise\u00f1o Curricular prev\u00e9 instancias para asegurar el desarrollo satisfactorio de sus pr\u00e1cticas en cuanto a la comunicaci\u00f3n oral, la voz y su articulaci\u00f3n y para garantizar la salud e idoneidad fonoaudiol\u00f3gica de los y las docentes en formaci\u00f3n.<\/p>\n<p style=\"text-align: justify;\">En este sentido, en los Institutos de Formaci\u00f3n Docente se asegurar\u00e1 la prevenci\u00f3n primaria fonoaudiol\u00f3gica desde el alumno ingresante a trav\u00e9s del examen de aptitud, que tendr\u00e1 por objetivos:<\/p>\n<ul>\n<li>relevar informaci\u00f3n respecto de los ingresantes en las carreras de Formaci\u00f3n Docente de Grado, para detectar los posibles trastornos en la salud fonoaudiol\u00f3gica;<\/li>\n<li>orientar la ejercitaci\u00f3n tendiente a la correcci\u00f3n de malos h\u00e1bitos de fonaci\u00f3n;<\/li>\n<li>detectar las patolog\u00edas y efectuar las derivaciones pertinentes al profesional m\u00e9dico especializado y al fonoaudi\u00f3logo para su tratamiento;<\/li>\n<li>supervisar y registrar, a partir del seguimiento de los casos, el proceso de recuperaci\u00f3n.<\/li>\n<\/ul>\n<p style=\"text-align: justify;\">En el segundo a\u00f1o de las Carreras, antes de acceder a la Pr\u00e1ctica Docente frente a alumnos, deber\u00e1 contarse con la certificaci\u00f3n de la salud y aptitud referida, emitida por el fonoaudi\u00f3logo de la instituci\u00f3n. Esta certificaci\u00f3n de <em>Aptitud Fonoaudiol\u00f3gica<\/em> tendr\u00e1 el car\u00e1cter de <em>condici\u00f3n excluyente para la Pr\u00e1ctica<\/em> mencionada. (Dise\u00f1o curricular)<\/p>\n<p>Profesionales a cargo:<\/p>\n<p style=\"text-align: left;\"><span style=\"color: #0000ff;\"><strong>Lic. Giselle Kilian <\/strong><\/span><\/p>\n<p style=\"text-align: left; padding-left: 120px;\">Profesorado de <strong>Educaci\u00f3n Primaria<\/strong><\/p>\n<p style=\"text-align: left; padding-left: 120px;\">Profesorado de <strong>Educaci\u00f3n Especial<\/strong><\/p>\n<p style=\"text-align: left; padding-left: 120px;\">Profesorado de Educaci\u00f3n Secundaria en <strong>Lengua y Literatura.<\/strong><\/p>\n<p style=\"text-align: left; padding-left: 120px;\">Profesorado de Educaci\u00f3n Secundaria en <strong>Matem\u00e1tica.<\/strong><\/p>\n<p style=\"text-align: left; padding-left: 60px;\"><strong><span style=\"color: #000000;\">Horarios de atenci\u00f3n:<\/span> <\/strong><\/p>\n<ul>\n<li style=\"list-style-type: none;\">\n<ul>\n<li style=\"list-style-type: none;\">\n<ul>\n<li style=\"list-style-type: none;\">\n<ul>\n<li style=\"text-align: left;\"><strong>lunes de 13 a 17 horas&nbsp;<\/strong><\/li>\n<li style=\"text-align: left;\"><strong style=\"font-size: revert;\">mi\u00e9rcoles de 10.30 a 12.30 y 16 a 18 horas.<\/strong><\/li>\n<\/ul>\n<\/li>\n<\/ul>\n<\/li>\n<\/ul>\n<\/li>\n<\/ul>\n<p style=\"text-align: center;\">&#8211;<\/p>\n<p style=\"text-align: center;\"><strong><a href=\"https:\/\/isfd107-bue.infd.edu.ar\/sitio\/pedido-de-turno-para-la-fonoaudiologa-lic-giselle-kilian\/\">SOLICITAR TURNO AQU\u00cd&nbsp;<\/a><\/strong><\/p>\n<p>Concurrir a la entrevista con la <a href=\"https:\/\/drive.google.com\/file\/d\/1-p-QF_xXRQsODQqD8BDiYO0ThZp8vPjH\/view?usp=sharing\">FICHA FONOAUDIOL\u00d3GICA<\/a> (tambi\u00e9n disponible en <a href=\"https:\/\/isfd107-bue.infd.edu.ar\/sitio\/formularios-utiles\/\">formularios \u00fatiles<\/a>)<\/p>\n<p style=\"text-align: left;\"><span style=\"color: #0000ff;\"><strong>Lic. Miguelina Roman\u00ed<\/strong><\/span><\/p>\n<p style=\"text-align: left; padding-left: 120px;\">Profesorado de <strong>Educaci\u00f3n Inicial<\/strong><\/p>\n<p style=\"text-align: left; padding-left: 60px;\"><strong><span style=\"color: #000000;\">Horarios de atenci\u00f3n<\/span>: mi\u00e9rcoles de 13:30 a 15:30&nbsp; horas.<\/strong><\/p>\n<p style=\"text-align: center;\"><strong><a href=\"https:\/\/isfd107-bue.infd.edu.ar\/sitio\/pedido-de-turno-para-la-fonoaudiologa-lic-miguelina-romani\/\">SOLICITAR TURNO AQU\u00cd&nbsp;<\/a><\/strong><\/p>\n<p>Concurrir a la entrevista con la <a href=\"https:\/\/drive.google.com\/file\/d\/1-p-QF_xXRQsODQqD8BDiYO0ThZp8vPjH\/view?usp=sharing\">FICHA FONOAUDIOL\u00d3GICA<\/a> (tambi\u00e9n disponible en <a href=\"https:\/\/isfd107-bue.infd.edu.ar\/sitio\/formularios-utiles\/\">formularios \u00fatiles<\/a>)<\/p>","protected":false},"excerpt":{"rendered":"<p>LA APTITUD FONOAUDIOL\u00d3GICA Si bien la voz no es un instrumento, un recurso o una mera herramienta, muchos aspectos de la cultura escolar, de las relaciones educativas, de los procesos de transmisi\u00f3n de conocimientos, se desarrollan en las coordenadas de un modo de comunicaci\u00f3n predominantemente oral. La palabra y la voz configuran los aspectos centrales &#8230; <a title=\"Fonoaudiolog\u00eda\" class=\"read-more\" href=\"https:\/\/isfd107-bue.infd.edu.ar\/sitio\/fonoaudiologia\/\" aria-label=\"More on Fonoaudiolog\u00eda\">[+]<\/a><\/p>\n","protected":false},"author":1454,"featured_media":0,"parent":0,"menu_order":0,"comment_status":"closed","ping_status":"closed","template":"","meta":[],"acf":[],"_links":{"self":[{"href":"https:\/\/isfd107-bue.infd.edu.ar\/sitio\/wp-json\/wp\/v2\/pages\/1741"}],"collection":[{"href":"https:\/\/isfd107-bue.infd.edu.ar\/sitio\/wp-json\/wp\/v2\/pages"}],"about":[{"href":"https:\/\/isfd107-bue.infd.edu.ar\/sitio\/wp-json\/wp\/v2\/types\/page"}],"author":[{"embeddable":true,"href":"https:\/\/isfd107-bue.infd.edu.ar\/sitio\/wp-json\/wp\/v2\/users\/1454"}],"replies":[{"embeddable":true,"href":"https:\/\/isfd107-bue.infd.edu.ar\/sitio\/wp-json\/wp\/v2\/comments?post=1741"}],"version-history":[{"count":20,"href":"https:\/\/isfd107-bue.infd.edu.ar\/sitio\/wp-json\/wp\/v2\/pages\/1741\/revisions"}],"predecessor-version":[{"id":4766,"href":"https:\/\/isfd107-bue.infd.edu.ar\/sitio\/wp-json\/wp\/v2\/pages\/1741\/revisions\/4766"}],"wp:attachment":[{"href":"https:\/\/isfd107-bue.infd.edu.ar\/sitio\/wp-json\/wp\/v2\/media?parent=1741"}],"curies":[{"name":"wp","href":"https:\/\/api.w.org\/{rel}","templated":true}]}}