{"id":1684,"date":"2021-01-27T13:23:57","date_gmt":"2021-01-27T16:23:57","guid":{"rendered":"https:\/\/isfd107-bue.infd.edu.ar\/sitio\/?page_id=1684"},"modified":"2026-02-11T23:15:59","modified_gmt":"2026-02-12T02:15:59","slug":"equivalencias-2","status":"publish","type":"page","link":"https:\/\/isfd107-bue.infd.edu.ar\/sitio\/equivalencias-2\/","title":{"rendered":"EQUIVALENCIAS"},"content":{"rendered":"\n<p><\/p>\n\n\n<p>Consultas : <strong>informacionestudiantes107@gmail.com<\/strong><\/p>\n<ul>\n<li><strong>SOLICITUD DE EQUIVALENCIAS<\/strong>: <mark>hasta el 30 de abril de 2026<\/mark><\/li>\n<li><strong>Horarios:<\/strong>\u00a0 \u00a0lunes, martes y mi\u00e9rcoles de 18 a 22 hs; jueves y viernes de 8 a 12 hs.<\/li>\n<\/ul>\n<p>La equivalencia de UC podr\u00e1 ser completa o parcial. En ambos casos, se ponderan los saberes acreditados en carreras del nivel superior reconocidas.<\/p>\n<h5 style=\"text-align: center;\"><strong>Pautas para solicitud y acreditaci\u00f3n de unidades curriculares por equivalencias.<\/strong><\/h5>\n<p>Para solicitar la acreditaci\u00f3n por equivalencia, la\/el estudiante deber\u00e1:<\/p>\n<ul>\n<li>Solicitar mediante nota firmada (planilla de \u201cSolicitud de equivalencia \u2013Resumen\u201d ) , en la secretar\u00eda del instituto, antes del 30 de abril de cada a\u00f1o, el reconocimiento de equivalencias de unidades curriculares acreditadas en la misma instituci\u00f3n o en otra instituci\u00f3n; y las planillas de \u201cSolicitud de equivalencia por materia\u201d, debidamente llenadas y firmadas por el estudiante (<a href=\"https:\/\/isfd107-bue.infd.edu.ar\/sitio\/formularios-utiles\/\">ver aqu\u00ed formularios y ejemplos, para descargar<\/a>).<\/li>\n<li>Acompa\u00f1ar la solicitud con el certificado anal\u00edtico de estudios realizados (solo si proviene de otro de otra Instituci\u00f3n) y los programas que correspondan, en los que conste carga horaria, contenidos y bibliograf\u00eda, de las unidades curriculares en las que solicita equivalencia.<\/li>\n<li>La documentaci\u00f3n deber\u00e1 estar foliada, con firma y sello de las autoridades de la instituci\u00f3n emisora.<\/li>\n<li>Cursar la unidad curricular cuya acreditaci\u00f3n se solicita por equivalencia, hasta tanto se le confirme fehacientemente que se le otorg\u00f3 lo solicitado.<\/li>\n<li>Cumplir con los requerimientos acad\u00e9micos que se establezcan en el caso de una equivalencia parcial.<\/li>\n<\/ul>\n<p style=\"text-align: center;\"><strong>[ Presentar en <mark>folios separados para cada materia<\/mark> solicitada.]<\/strong><\/p>\n<p>\u00a0<\/p>","protected":false},"excerpt":{"rendered":"<p>Consultas : informacionestudiantes107@gmail.com SOLICITUD DE EQUIVALENCIAS: hasta el 30 de abril de 2026 Horarios:\u00a0 \u00a0lunes, martes y mi\u00e9rcoles de 18 a 22 hs; jueves y viernes de 8 a 12 hs. La equivalencia de UC podr\u00e1 ser completa o parcial. En ambos casos, se ponderan los saberes acreditados en carreras del nivel superior reconocidas. Pautas &#8230; <a title=\"EQUIVALENCIAS\" class=\"read-more\" href=\"https:\/\/isfd107-bue.infd.edu.ar\/sitio\/equivalencias-2\/\" aria-label=\"More on EQUIVALENCIAS\">[+]<\/a><\/p>\n","protected":false},"author":1454,"featured_media":0,"parent":0,"menu_order":0,"comment_status":"closed","ping_status":"closed","template":"","meta":[],"acf":[],"_links":{"self":[{"href":"https:\/\/isfd107-bue.infd.edu.ar\/sitio\/wp-json\/wp\/v2\/pages\/1684"}],"collection":[{"href":"https:\/\/isfd107-bue.infd.edu.ar\/sitio\/wp-json\/wp\/v2\/pages"}],"about":[{"href":"https:\/\/isfd107-bue.infd.edu.ar\/sitio\/wp-json\/wp\/v2\/types\/page"}],"author":[{"embeddable":true,"href":"https:\/\/isfd107-bue.infd.edu.ar\/sitio\/wp-json\/wp\/v2\/users\/1454"}],"replies":[{"embeddable":true,"href":"https:\/\/isfd107-bue.infd.edu.ar\/sitio\/wp-json\/wp\/v2\/comments?post=1684"}],"version-history":[{"count":39,"href":"https:\/\/isfd107-bue.infd.edu.ar\/sitio\/wp-json\/wp\/v2\/pages\/1684\/revisions"}],"predecessor-version":[{"id":5631,"href":"https:\/\/isfd107-bue.infd.edu.ar\/sitio\/wp-json\/wp\/v2\/pages\/1684\/revisions\/5631"}],"wp:attachment":[{"href":"https:\/\/isfd107-bue.infd.edu.ar\/sitio\/wp-json\/wp\/v2\/media?parent=1684"}],"curies":[{"name":"wp","href":"https:\/\/api.w.org\/{rel}","templated":true}]}}