{"id":1673,"date":"2018-11-25T00:10:30","date_gmt":"2018-11-25T03:10:30","guid":{"rendered":"https:\/\/isfd107-bue.infd.edu.ar\/sitio\/?page_id=1673"},"modified":"2023-03-02T11:58:58","modified_gmt":"2023-03-02T14:58:58","slug":"que-es-el-cai","status":"publish","type":"page","link":"https:\/\/isfd107-bue.infd.edu.ar\/sitio\/que-es-el-cai\/","title":{"rendered":"\u00bfQu\u00e9 es el CAI?"},"content":{"rendered":"<p style=\"text-align: center;\">\u00bfQu\u00e9 es el CAI?<\/p>\n<p><em><span lang=\"ES\">\u201cLos Consejos Acad\u00e9micos Institucionales ser\u00e1n los \u00f3rganos colegiados de asesoramiento, propuesta, debate y decisi\u00f3n, para una gesti\u00f3n participativa, en el marco de la autonom\u00eda institucional en la unidad del sistema del nivel superior, dentro de las regulaciones de la pol\u00edtica educativa jurisdiccional y federal\u201d.\u00a0(Res. 4044\/09 DGCYE-DES)<\/span><\/em><\/p>\n<p style=\"text-align: center;\">\n<p style=\"text-align: center;\">\u00a0 \u00a0 \u00a0 \u00a0 \u00a0 \u00a0 \u00a0 \u00a0 \u00a0 \u00a0 \u00a0 \u00a0 \u00a0 \u00a0 \u00a0 \u00a0<iframe loading=\"lazy\" src=\"https:\/\/drive.google.com\/file\/d\/1dGA9rIFDvnq1pu3vbnwmx7eZfL4eWUKw\/preview\" width=\"640\" height=\"480\"><\/iframe><\/p>\n","protected":false},"excerpt":{"rendered":"<p>\u00bfQu\u00e9 es el CAI? \u201cLos Consejos Acad\u00e9micos Institucionales ser\u00e1n los \u00f3rganos colegiados de asesoramiento, propuesta, debate y decisi\u00f3n, para una gesti\u00f3n participativa, en el marco de la autonom\u00eda institucional en la unidad del sistema del nivel superior, dentro de las regulaciones de la pol\u00edtica educativa jurisdiccional y federal\u201d.\u00a0(Res. 4044\/09 DGCYE-DES) \u00a0 \u00a0 \u00a0 \u00a0 \u00a0 &#8230; <a title=\"\u00bfQu\u00e9 es el CAI?\" class=\"read-more\" href=\"https:\/\/isfd107-bue.infd.edu.ar\/sitio\/que-es-el-cai\/\" aria-label=\"More on \u00bfQu\u00e9 es el CAI?\">[+]<\/a><\/p>\n","protected":false},"author":1454,"featured_media":0,"parent":0,"menu_order":0,"comment_status":"closed","ping_status":"closed","template":"","meta":[],"acf":[],"_links":{"self":[{"href":"https:\/\/isfd107-bue.infd.edu.ar\/sitio\/wp-json\/wp\/v2\/pages\/1673"}],"collection":[{"href":"https:\/\/isfd107-bue.infd.edu.ar\/sitio\/wp-json\/wp\/v2\/pages"}],"about":[{"href":"https:\/\/isfd107-bue.infd.edu.ar\/sitio\/wp-json\/wp\/v2\/types\/page"}],"author":[{"embeddable":true,"href":"https:\/\/isfd107-bue.infd.edu.ar\/sitio\/wp-json\/wp\/v2\/users\/1454"}],"replies":[{"embeddable":true,"href":"https:\/\/isfd107-bue.infd.edu.ar\/sitio\/wp-json\/wp\/v2\/comments?post=1673"}],"version-history":[{"count":7,"href":"https:\/\/isfd107-bue.infd.edu.ar\/sitio\/wp-json\/wp\/v2\/pages\/1673\/revisions"}],"predecessor-version":[{"id":3974,"href":"https:\/\/isfd107-bue.infd.edu.ar\/sitio\/wp-json\/wp\/v2\/pages\/1673\/revisions\/3974"}],"wp:attachment":[{"href":"https:\/\/isfd107-bue.infd.edu.ar\/sitio\/wp-json\/wp\/v2\/media?parent=1673"}],"curies":[{"name":"wp","href":"https:\/\/api.w.org\/{rel}","templated":true}]}}