{"id":1458,"date":"2018-08-29T18:58:54","date_gmt":"2018-08-29T21:58:54","guid":{"rendered":"https:\/\/isfd107-bue.infd.edu.ar\/sitio\/docentes-y-programas-4\/"},"modified":"2025-08-29T23:02:09","modified_gmt":"2025-08-30T02:02:09","slug":"programas-pei","status":"publish","type":"page","link":"https:\/\/isfd107-bue.infd.edu.ar\/sitio\/programas-pei\/","title":{"rendered":"Programas"},"content":{"rendered":"\n<p class=\"has-text-align-center\">&nbsp;&nbsp;<strong>Los programas aparecen con link, de acuerdo con el a\u00f1o.<\/strong><\/p>\n\n\n\n<figure class=\"wp-block-table\"><table><tbody><tr><td>&nbsp;N\u00b0<\/td><td><strong>1\u00b0 A\u00d1O<\/strong><\/td><\/tr><tr><td>1<\/td><td>Taller de lectura, escritura y oralidad<\/td><td>2015 &#8211; <a href=\"https:\/\/drive.google.com\/open?id=0Bw--L-eEILkZMTVGWGpOc25rdXc\">2017<\/a> &#8211; 2018 &#8211; <a href=\"https:\/\/drive.google.com\/file\/d\/1T10c_kjJSz-VyYuTcmwCV3q-NpeYMTG2\/view?usp=sharing\">2020<\/a> &#8211; <a href=\"https:\/\/drive.google.com\/file\/d\/1RhHsHifcKbGFteKa9XmWqBNrOLKF_lrE\/view?usp=sharing\">2024<\/a>&#8211; <a href=\"https:\/\/drive.google.com\/file\/d\/1lGSmrYeJHxxuYhVOZZIy987Jcz8oTdEu\/view?usp=sharing\">2025<\/a><\/td><\/tr><tr><td>2<\/td><td>Taller de pensamiento l\u00f3gico matem\u00e1tico<\/td><td>2015 &#8211; 2017 &#8211; 2018 &#8211;<a href=\"https:\/\/drive.google.com\/file\/d\/19bzwwC83w56ExY3tlAq5LeGZt9raScuH\/view?usp=sharing\">2025<\/a><\/td><\/tr><tr><td>3<\/td><td>Taller de definici\u00f3n Institucional: Juego<\/td><td>2015 &#8211; 2017 &#8211; 2018<\/td><\/tr><tr><td>4<\/td><td>Filosof\u00eda<\/td><td>2015 &#8211; 2017 &#8211; 2018 &#8211; <a href=\"https:\/\/drive.google.com\/file\/d\/1pcbjkma13My94zJxwmvLoBvD5iRR6D6E\/view?usp=sharing\">2019<\/a> &#8211; 2020 &#8211; 2021-<a href=\"https:\/\/drive.google.com\/file\/d\/1F_Gz-i4BkvjaEjYJFMAm8Fg5f5wzD-1v\/view?usp=sharing\">2025<\/a><\/td><\/tr><tr><td>5<\/td><td>Did\u00e1ctica General<\/td><td>2015 &#8211; <a href=\"https:\/\/drive.google.com\/open?id=0Bw--L-eEILkZdXJtUU1sV29JZkE\">2017<\/a> &#8211; 2018 &#8211; <a href=\"https:\/\/drive.google.com\/file\/d\/1FduCZbxhaKGxt7Ti04vRDURQSgAkac1D\/view?usp=sharing\">2019<\/a> &#8211; <a href=\"https:\/\/drive.google.com\/file\/d\/1o5krReHSKfL_eR9h8v_90HZEUeR0oDzh\/view?usp=sharing\">2024<\/a>&#8211; <a href=\"https:\/\/drive.google.com\/file\/d\/1PwKnoa8dW79sAzZRq8NM95rsINNTmDKp\/view?usp=sharing\">2025<\/a><\/td><\/tr><tr><td>6<\/td><td>Pedagog\u00eda<\/td><td>2015 &#8211; 2017 &#8211; 2018 &#8211;<a href=\"https:\/\/drive.google.com\/file\/d\/1dY-9CzpljXRPXftPUoS_jIhACDf3ijKE\/view?usp=sharing\">2019<\/a> &#8211;<a href=\"https:\/\/drive.google.com\/file\/d\/1gi-1mB0J-uwgYOkBUflJBGYXyr-6bv59\/view?usp=share_link\">2020<\/a> &#8211;<a href=\"https:\/\/drive.google.com\/file\/d\/1KVUQfauJztYmLLO4ugU460rOjDfXeGLI\/view?usp=share_link\">2021<\/a> &#8211; <a href=\"https:\/\/drive.google.com\/file\/d\/1IDuc-a1WHSuC0ogFxLh3j8ewfY6g66Ao\/view?usp=share_link\">2022<\/a> &#8211;<a href=\"https:\/\/drive.google.com\/file\/d\/10-M0pgmjOztzuUY3NaJeeJ4MVe9x6xVl\/view?usp=sharing\">2024<\/a>&#8211; <a href=\"https:\/\/drive.google.com\/file\/d\/18ABc26R6oUT2fLvxuMTdRWSauVB1N5FH\/view?usp=sharing\">2025<\/a><\/td><\/tr><tr><td>7<\/td><td>An\u00e1lisis del Mundo contempor\u00e1neo<\/td><td>2015 &#8211; 2017 &#8211; <a href=\"https:\/\/drive.google.com\/open?id=1gI9behNDBcI6YBfAbXu3poCvF8_XOdb9\">2018<\/a> -2019 &#8211; 2020 &#8211; 2021 &#8211; 2022 &#8211; <a href=\"https:\/\/drive.google.com\/file\/d\/1x9__ozXDIFyRe15huVk2KlVvjr0oUtOi\/view?usp=sharing\">2023<\/a> &#8211; <\/td><\/tr><tr><td>8<\/td><td>Psicolog\u00eda del desarrollo y el aprendizaje I<\/td><td>2015 &#8211; <a href=\"https:\/\/drive.google.com\/file\/d\/13ZAP28t7QG6sSbhfwVpXohDVw0pTl9nQ\/view?usp=sharing\">2017<\/a> &#8211; 2018- <a href=\"https:\/\/drive.google.com\/file\/d\/1lYtrkdL1tzWr_dzzGtdu4zAmYyDnG2Gi\/view?usp=sharing\">2022<\/a>&#8211;  <a href=\"https:\/\/drive.google.com\/file\/d\/1xbYCbrYFAfdanKfGrg4AEai3aKi1eevo\/view?usp=sharing\">2023<\/a>&#8211; <a href=\"https:\/\/drive.google.com\/file\/d\/1AxEu58E7om8JeyW6kNfxNbF9AkTQqePN\/view?usp=sharing\">2024<\/a>&#8211; <a href=\"https:\/\/drive.google.com\/file\/d\/1IdTDtX9UlIRIEsdx6jPB8V2OXLU89abM\/view?usp=sharing\">2025<\/a><\/td><\/tr><tr><td>9<\/td><td>Educaci\u00f3n Temprana<\/td><td>2015 &#8211; <a href=\"https:\/\/drive.google.com\/open?id=0Bw--L-eEILkZc0NIWDFHTjdRVE96dzNEbXYxWVJkQnE0QmNr\">2017<\/a> &#8211; <a href=\"https:\/\/drive.google.com\/open?id=15pxHpQNa5cFKktVJA2zSJIvRekgMGCnD\">2018<\/a>&#8211; <a href=\"https:\/\/drive.google.com\/open?id=16AXZjFYkgryMKWsMWgK2ZqC_kcHHv4Oa\">2019<\/a> &#8211; <a href=\"https:\/\/drive.google.com\/file\/d\/1C11KM6LRWK7fv1iIKAp0YNBGdaOgqBKr\/view?usp=share_link\">2020 &#8211;<\/a> <a href=\"https:\/\/drive.google.com\/file\/d\/1VLq7c26PvFpgrsKzb3tg5KN13fUC2qWz\/view?usp=share_link\">2021<\/a> &#8211; <a href=\"https:\/\/drive.google.com\/file\/d\/1jJK5fq7c2npkJy-aD4llaW6xMFzk--yQ\/view?usp=share_link\">2022<\/a> &#8211;<a href=\"https:\/\/drive.google.com\/file\/d\/1bT1rlD23unxVlS36JbrH3_0p5O23KEb9\/view?usp=sharing\">2024<\/a>&#8211; <a href=\"https:\/\/drive.google.com\/file\/d\/1UyCiBNOPkHON-ubiVyUKRH15ucZlQY8O\/view?usp=sharing\">2025<\/a><\/td><\/tr><tr><td>10<\/td><td>Corporeidad y motricidad<\/td><td><a href=\"upload\/Dellatorre_1_INICIAL_2015.pdf\">2015<\/a> &#8211; 2017 &#8211; 2018 &#8211; <a href=\"https:\/\/drive.google.com\/open?id=1beik1Y-eQA5V7BlWOwB1XNOj97NnR2Fn\">2019<\/a> &#8211;<a href=\"https:\/\/drive.google.com\/file\/d\/1_ufvUIw2kL4b5Qituxng0GFtc64FDkX6\/view?usp=sharing\">2020<\/a> &#8211; <a href=\"https:\/\/drive.google.com\/file\/d\/1YeNd7_NVeq9y_qXOCnkwEmul1oitJfkL\/view?usp=sharing\">2022<\/a>&#8211; <a href=\"https:\/\/drive.google.com\/file\/d\/1TsEruTLrV9wlseA1HjrJbn5GsAAWt8qy\/view?usp=sharing\">2024<\/a>&#8211; <a href=\"https:\/\/drive.google.com\/file\/d\/1X1C9Ej6o8gemn84ehj11ngjCnzhynoBr\/view?usp=sharing\">2025<\/a><\/td><\/tr><tr><td>11<\/td><td>Campo De la Pr\u00e1ctica Docente I<\/td><td>2015 &#8211; <a href=\"https:\/\/drive.google.com\/file\/d\/1rfqyhSfcP-iaTXhVyJMYAFmszZONQvoH\/view?usp=sharing\">2017<\/a> &#8211; 2018 &#8211; <a href=\"https:\/\/drive.google.com\/file\/d\/1zyytE_Aq_6gB1FZMjklwsNjTSlETUlyH\/view?usp=sharing\">2024<\/a>&#8211; <a href=\"https:\/\/drive.google.com\/file\/d\/1FqQbyRuN2F2Eo4T92zXu0QeA8Vcdl6a8\/view?usp=sharing\">2025<\/a><\/td><\/tr><tr><td>&nbsp;<\/td><td><strong>2\u00b0 A\u00d1O<\/strong><\/td><\/tr><tr><td>12<\/td><td>Teor\u00edas sociopol\u00edticas y Educaci\u00f3n<\/td><td>2015 &#8211; 2017 &#8211; 2018- <a href=\"https:\/\/drive.google.com\/file\/d\/1O9cl9kG87K4gzOo7brJsytuA4rQl7hcp\/view?usp=sharing\">2025<\/a><\/td><\/tr><tr><td>13<\/td><td>Did\u00e1ctica y curr\u00edculum del Nivel Inicial<\/td><td><a href=\"upload\/Portillo_-Didactica_y_curriculum_del_Nivel_Inicial.pdf\">2015<\/a> &#8211; 2017 &#8211; 2018 &#8211;<a href=\"https:\/\/drive.google.com\/file\/d\/1jeSsZe8dd-EbfCK0E2ZfQPUG6vvT3MwJ\/view?usp=sharing\">2024<\/a>&#8211; <a href=\"https:\/\/drive.google.com\/file\/d\/1l9bL503QeFVJEzuT1GLI7uZMF0Y8kCy6\/view?usp=sharing\">2025<\/a><\/td><\/tr><tr><td>14<\/td><td>Psicolog\u00eda del desarrollo y el aprendizaje II<\/td><td>2015 &#8211; <a href=\"https:\/\/drive.google.com\/file\/d\/13ZAP28t7QG6sSbhfwVpXohDVw0pTl9nQ\/view?usp=sharing\">2017<\/a> &#8211; <a href=\"https:\/\/drive.google.com\/open?id=18wKqW910rzfwcAhXFv5lUiGDV8k13GyY\">2018<\/a>&#8211; <a href=\"https:\/\/drive.google.com\/open?id=1PqcSdqO84PJyBgd3Jo6XahUofQwrcL29\">2019 <\/a>&#8211; <a href=\"https:\/\/drive.google.com\/file\/d\/1GSo6UquJTxLO4VMSmi1-CvVK8BDNOE39\/view?usp=share_link\">2020<\/a> &#8211; <a href=\"https:\/\/drive.google.com\/file\/d\/1dAgKIKeezXdT0XqDuDq5-DgOEgBrRP2J\/view?usp=share_link\">2021<\/a> &#8211; <a href=\"https:\/\/drive.google.com\/file\/d\/1ZNyqJfsgXAOj7-12dDCHTIyK9Ng0s2we\/view?usp=share_link\">2022<\/a>&#8211; <a href=\"https:\/\/drive.google.com\/file\/d\/1FyiBkHl-ZpqWLw7ZfZd40w89c02SOSFD\/view?usp=sharing\">2024<\/a><\/td><\/tr><tr><td>15<\/td><td>Psicolog\u00eda social e institucional<\/td><td>2015 &#8211; 2017 &#8211; 2018 &#8211; 2019- 2020 &#8211; 2021 &#8211;<a href=\"https:\/\/drive.google.com\/file\/d\/1sWQItd3OUBBPwqW90uLWGohbXGjippLl\/view?usp=sharing\">2022<\/a> &#8211; <a href=\"https:\/\/drive.google.com\/file\/d\/1YqeJ0gedPr-ITjBrACrGmZFb977z7o1v\/view?usp=sharing\">2023<\/a>&#8211; <a href=\"https:\/\/drive.google.com\/file\/d\/1bJR18aU8WFbmA45oTk6ytTHWmOSrHIMQ\/view?usp=sharing\">2025<\/a><\/td><\/tr><tr><td>16<\/td><td>Cultura, comunicaci\u00f3n y educaci\u00f3n<\/td><td><a href=\"upload\/TELMA_MARTINES_PROGRAMA_2015_INICIAL_2_107.pdf\">2015<\/a> &#8211; 2017 &#8211; <a href=\"https:\/\/drive.google.com\/open?id=1CfG-_RoT9CLANcgyDJV-y52G3Dkgky42\">2018&nbsp;<\/a>&nbsp;&#8211; <a href=\"https:\/\/drive.google.com\/file\/d\/12fHpD1XlyIAFSC5EoKBg0YmKfQYXmoBA\/view?usp=sharing\">2019<\/a>&nbsp;&#8211; <a href=\"https:\/\/drive.google.com\/file\/d\/1Zu01hJ6WX43xCXvaKPFCgjre7STGloMg\/view?usp=sharing\">2020<\/a> &#8211; <a href=\"https:\/\/drive.google.com\/file\/d\/1nSSFiTmIX-7ifuasbFzeZGzMmwspmnns\/view?usp=sharing\">2021<\/a> &#8211; <a href=\"https:\/\/drive.google.com\/file\/d\/1in9uqq39JL-gijDBMTLGuYfiJTFLWPjA\/view?usp=sharing\">2024<\/a>&#8211; <a href=\"https:\/\/drive.google.com\/file\/d\/1-aIylngMb_PjcQ5uzUjFfCuhzeC-kGRL\/view?usp=sharing\">2025<\/a><\/td><\/tr><tr><td>17<\/td><td>Educaci\u00f3n Pl\u00e1stica<\/td><td>2015 &#8211; 2017 &#8211; 2018-<a href=\"https:\/\/drive.google.com\/file\/d\/1_xX3ieYEozmwtaCXbeQkCF4dZiLxnP0U\/view?usp=sharing\">2025<\/a><\/td><\/tr><tr><td>18<\/td><td>Did\u00e1ctica de Pr\u00e1cticas del Lenguaje y la literatura<\/td><td>2015 &#8211; <a href=\"https:\/\/drive.google.com\/open?id=0Bw--L-eEILkZZjZmQThHNHB2RDg\">2017<\/a> &#8211; 2018 &#8211; <a href=\"https:\/\/drive.google.com\/file\/d\/145eLQh2OS86bNzU-ZMO4OLkuEv8YwUOL\/view?usp=sharing\">2020<\/a> &#8211; 2021 -2022 &#8211; <a href=\"https:\/\/drive.google.com\/file\/d\/1tkFUzcJn14yXCl2UlSwzEN2tQivLJxWW\/view?usp=sharing\">2023<\/a> &#8211; <a href=\"https:\/\/drive.google.com\/file\/d\/1Pb3pXpdk-02NnwsiEDFFUNZv3zFZbPxG\/view?usp=sharing\">2024<\/a>&#8211; <a href=\"https:\/\/drive.google.com\/file\/d\/1SdjhaRwjr_H69dyLUVA7ODhy8V5QmTGG\/view?usp=sharing\">2025<\/a><\/td><\/tr><tr><td>19<\/td><td>Did\u00e1ctica de las Ciencias Sociales<\/td><td>2015 &#8211; 2017 &#8211; 2018- <a href=\"https:\/\/drive.google.com\/file\/d\/1zo8gdAl3yerGny015V-5DlzFZCFqvqr8\/view?usp=sharing\">2025<\/a><\/td><\/tr><tr><td>20<\/td><td>Did\u00e1ctica de las Ciencias Naturales<\/td><td>2015 &#8211; 2017 &#8211; 2018 &#8211;<a href=\"https:\/\/drive.google.com\/open?id=1yzzlgf3ogkiiGJ5fjAN_9-UQT-nutvLR\">2019<\/a>&#8211;<a href=\"https:\/\/drive.google.com\/file\/d\/1cKyKDktvMGiDGbN2dZP9vC36iSGkdPur\/view?usp=sharing\">2024<\/a>&#8211; <a href=\"https:\/\/drive.google.com\/file\/d\/1aiF2YlB8k8xnBvOn6Y1dNhAdNtnYdwhS\/view?usp=sharing\">2025<\/a><\/td><\/tr><tr><td>21<\/td><td>Did\u00e1ctica de la Matem\u00e1tica<\/td><td>2015 &#8211; 2017 &#8211; 2018- <a href=\"https:\/\/drive.google.com\/file\/d\/1RFPfNFwfoc27J4bG-f8xPQOm3cOOWJoJ\/view?usp=sharing\">2025<\/a><\/td><\/tr><tr><td>22<\/td><td>Trayecto formativo Opcional<\/td><td>2015 &#8211; 2017 &#8211; 2018- <a href=\"https:\/\/drive.google.com\/file\/d\/1l5UGM8HOfrf3GCQUnvfdi8YL-Ks803ar\/view?usp=sharing\">2025<\/a><\/td><\/tr><tr><td>23<\/td><td>Campo de la Pr\u00e1ctica Docente II<\/td><td>2015 &#8211; 2017 &#8211; 2018- <a href=\"https:\/\/drive.google.com\/file\/d\/1u8ooDFAyuSpBa5a-Rwbufl2zcncIpH7p\/view?usp=sharing\">2025<\/a><\/td><\/tr><tr><td>&nbsp;<\/td><td><strong>3\u00b0 A\u00d1O<\/strong><strong>&nbsp;<\/strong><\/td><\/tr><tr><td>24<\/td><td>Historia y prospectiva de la educaci\u00f3n<\/td><td><a href=\"upload\/Pernigotti-_Historia_y_prospectiva_de_la_educaci%F3n_2015.doc\">2015<\/a> &#8211; 2017 &#8211; 2018 &#8211; <a href=\"https:\/\/drive.google.com\/file\/d\/1UyjNlg8c9pMIjYv_EbROdGM8iXMPBp1p\/view?usp=sharing\">2019<\/a> &#8211; 2020 -2021 &#8211; 2022 &#8211;<a href=\"https:\/\/drive.google.com\/file\/d\/1EQZScrIlFFfQCHv4R99ggvbDXETLuTa7\/view?usp=sharing\"> 2023<\/a> &#8211; <a href=\"https:\/\/drive.google.com\/file\/d\/1p8nzBWIl6PSKmBRNQnQpPGMHimXFGEsN\/view?usp=sharing\">2024<\/a>&#8211; <a href=\"https:\/\/drive.google.com\/file\/d\/1A54WauBPnnGKnexo2nkzkXJkKRpHyM9N\/view?usp=sharing\">2025<\/a><\/td><\/tr><tr><td>25<\/td><td>Pol\u00edticas, Legislaci\u00f3n y Administraci\u00f3n del trabajo Escolar<\/td><td>2015 &#8211; <a href=\"https:\/\/drive.google.com\/file\/d\/1XSQrNFGs5yRhIc6xxEpZ9-wlXmTXqk3D\/view?usp=sharing\">2017<\/a> &#8211; <a href=\"https:\/\/drive.google.com\/file\/d\/13INAdFbIciznSwLjoBkiguTUPhWqquv0\/view?usp=sharing\">2018 <\/a>&#8211; <a href=\"https:\/\/drive.google.com\/file\/d\/0B9J59nfa5Qs4X1ZiMjJRaEI3S0g1VnNMaDNWTFAzWlg2OXE4\/view?usp=sharing\">2019<\/a> &#8211; 2020 &#8211; 2021- 2022 &#8211; <a href=\"https:\/\/drive.google.com\/file\/d\/1H93GiQKDhSSRrdTkyIu3NIwArigqklx0\/view?usp=sharing\">2023 <\/a>&#8211; <a href=\"https:\/\/drive.google.com\/file\/d\/15h9HFMI5vP0Hzom-Ualg9SnTPdvmYBvo\/view?usp=sharing\">2025<\/a><\/td><\/tr><tr><td>26<\/td><td>Juego y desarrollo infantil<\/td><td>2015 &#8211; 2017 &#8211; 2018 &#8211; <a href=\"https:\/\/drive.google.com\/file\/d\/1GQECBZPnLGHwKsG0mphu3l-oFAWClHDy\/view?usp=sharing\">202<\/a>2 &#8211; 2023- <a href=\"https:\/\/drive.google.com\/file\/d\/1erMY5hXGaanbpfqS5fel8LEqgV4z1TWA\/view?usp=sharing\">2024<\/a>&#8211; <a href=\"https:\/\/drive.google.com\/file\/d\/1R0mE17XGN1CfK22Z_-0Ts5LsiHznJwZX\/view?usp=sharing\">2025<\/a><\/td><\/tr><tr><td>27<\/td><td>Medios Audiovisuales, TIC y educaci\u00f3n<\/td><td><a href=\"upload\/TELMA_MARTINES_PROGRAMA_2015_INICIAL_3_107.pdf\">2015<\/a> &#8211; 2017 &#8211; 2018 &#8211;<a href=\"https:\/\/drive.google.com\/file\/d\/1XmABtKQJVs74fkFDqWOY0yX4eE-Nz7nR\/view?usp=sharing\"> 2019<\/a>&nbsp; &#8211;<a href=\"https:\/\/drive.google.com\/file\/d\/19uesPet2ddkKMMSa8ym2zIsnqfJuVbVV\/view?usp=sharing\">2020<\/a> &#8211; <a href=\"https:\/\/drive.google.com\/file\/d\/1xhd187kMINIaGIYourJTTvC-PsdXZnTk\/view?usp=sharing\">2021<\/a> &#8211; <a href=\"https:\/\/drive.google.com\/file\/d\/1Z7QQ_g1TW3zULn0x0j67GnUublmbTi3y\/view?usp=sharing\">2024<\/a>&#8211; <a href=\"https:\/\/drive.google.com\/file\/d\/17tteXuRwOAbIzas2RufCKn6wGaMZLCyX\/view?usp=sharing\">2025<\/a><\/td><\/tr><tr><td>28<\/td><td>Educaci\u00f3n Musical<\/td><td>2015 &#8211; 2017 &#8211; 2018<\/td><\/tr><tr><td>29<\/td><td>Educaci\u00f3n F\u00edsica Escolar<\/td><td><a href=\"https:\/\/drive.google.com\/open?id=0Bw--L-eEILkZMklkcFVQUWh6STQ\">2015<\/a> &#8211; 2017 &#8211; <a href=\"https:\/\/drive.google.com\/file\/d\/1Lu9ru3Ig8_O65dvgADFXzgqzvKpb33yy\/view?usp=sharing\">2018<\/a> &#8211;<a href=\"https:\/\/drive.google.com\/open?id=1C6OIyJpKZI6jQsAa2wiRI86oXDDzktpt\">2019<\/a> &#8211;<a href=\"https:\/\/drive.google.com\/file\/d\/1-ngTfy3yLs2H_NWiF_fxTO0j_7_IStwW\/view?usp=sharing\">2020<\/a>&#8211;  <a href=\"https:\/\/drive.google.com\/file\/d\/1otAqW8rDx4kDBWpoTV3_vA9YRFeQTuCh\/view?usp=sharing\">2022<\/a>&#8211; <a href=\"https:\/\/drive.google.com\/file\/d\/1-_yIFQyr-mTFJ6ifFYtkzmSIHFi6hiUh\/view?usp=sharing\">2024<\/a>&#8211; <a href=\"https:\/\/drive.google.com\/file\/d\/1Tjud7kGwMUY2J4jA4i-QQdFPvThebWa6\/view?usp=sharing\">2025<\/a><\/td><\/tr><tr><td>30<\/td><td>Taller literatura infantil<\/td><td>2015 &#8211; <a href=\"https:\/\/drive.google.com\/open?id=0Bw--L-eEILkZMklkcFVQUWh6STQ\">2017<\/a> &#8211; 2018 &#8211; 2019 &#8211; <a href=\"https:\/\/drive.google.com\/file\/d\/1lT0X4AYe7BEPKxG5tU1f5gdYDoNPmoX3\/view?usp=sharing\">2020<\/a> &#8211; <a href=\"https:\/\/drive.google.com\/file\/d\/1k0PIG2rKiftNv-DME1hVmIKRBI5bbUAG\/view?usp=sharing\">2024<\/a>&#8211; <a href=\"https:\/\/drive.google.com\/file\/d\/11OB-UZB8gy2BdFh-kst54txkhjRtrnIj\/view?usp=sharing\">2025<\/a><\/td><\/tr><tr><td>31<\/td><td>Taller de Ciencias Sociales<\/td><td>2015 &#8211; 2017 &#8211; 2018 &#8211; 2019 &#8211; 2020 &#8211; 2021 &#8211; 2022 &#8211; 2023 &#8211; <a href=\"https:\/\/drive.google.com\/file\/d\/104wje-ZEpiTP8_uFsotQxjEw6rmjFBIR\/view?usp=drive_link\">2024<\/a><\/td><\/tr><tr><td>32-<\/td><td>Taller de Ciencias Naturales<\/td><td>2015 &#8211; 2017 &#8211; 2018 &#8211; <a href=\"https:\/\/drive.google.com\/open?id=1JCkLYb4VjJ_2hhjeEeQnWTDj9T3x8ESG\">2019<\/a>&#8211;<a href=\"https:\/\/drive.google.com\/file\/d\/15gIYbXMCYNO8_li9R4XsTciuPdhnnlIF\/view?usp=sharing\">2024<\/a>&#8211; <a href=\"https:\/\/drive.google.com\/file\/d\/1SK1lg9qVzhdVvIK9jmUaXn4wT96Zlx9R\/view?usp=sharing\">2025<\/a><\/td><\/tr><tr><td>33<\/td><td>Taller de Matem\u00e1tica<\/td><td>2015 &#8211; 2017 &#8211; 2018- <a href=\"https:\/\/drive.google.com\/file\/d\/1UDQL9GTGiRitfYmzH8tUiusrulUFxREL\/view?usp=sharing\">2023<\/a> &#8211;<a href=\"https:\/\/drive.google.com\/file\/d\/1JL9OmVHexvnK-9lRI3wyn-52axgSYeBg\/view?usp=sharing\">2024<\/a><\/td><\/tr><tr><td>34 &#8211;<\/td><td>Producci\u00f3n de Materiales y Objetos L\u00fadicos<\/td><td>2015 &#8211; 2017 &#8211; 2018 &#8211; <a href=\"https:\/\/drive.google.com\/file\/d\/1LcG3rI19kqZvCbtuh6PvMuHDm7TR10hm\/view?usp=sharing\">2023<\/a> &#8211;<a href=\"https:\/\/drive.google.com\/file\/d\/1eYPADvh8ytrQm2ogwen2Kj6WXZ4XtANd\/view?usp=sharing\">2025<\/a><\/td><\/tr><tr><td>35<\/td><td>Trayecto formativo opcional<\/td><td>2015 &#8211; 2017 &#8211; 2018- <a href=\"https:\/\/drive.google.com\/file\/d\/1cQ87cn9hVYvfWkhGRolHAa_bnVX7KBdm\/view?usp=sharing\">2025<\/a><\/td><\/tr><tr><td>36-<\/td><td>Campo de la Pr\u00e1ctica Docente III<\/td><td>2015 &#8211; <a href=\"https:\/\/drive.google.com\/open?id=0Bw--L-eEILkZTGE0LVRJc0lJY3c\">2017<\/a> &#8211; 2018- <a href=\"https:\/\/drive.google.com\/file\/d\/1DdiTxGmV9Dtj85Onw_C9ffZxJH7VGo4D\/view?usp=sharing\">2025<\/a><\/td><\/tr><tr><td>&nbsp;<\/td><td><strong>4\u00b0 A\u00d1O<\/strong><strong>&nbsp;<\/strong><\/td><\/tr><tr><td>37<\/td><td>Reflexi\u00f3n filos\u00f3fica de la Educaci\u00f3n<\/td><td>2015 &#8211; 2017 &#8211; 2018<\/td><\/tr><tr><td>38<\/td><td>Dimensi\u00f3n \u00e9tica pol\u00edtica de la Praxis Docente<\/td><td>2015 &#8211; <a href=\"https:\/\/drive.google.com\/open?id=0Bw--L-eEILkZa0tLNWY0Uno4ZTA\">2017<\/a> &#8211; <a href=\"https:\/\/drive.google.com\/file\/d\/1hfcDtKaGSk6JOIwqtWrrMOrZNFzvbDz5\/view?usp=sharing\">2018<\/a> &#8211; 2019- 2020- 2021-<a href=\"https:\/\/drive.google.com\/file\/d\/1HMESuWD28dhC6gFPhaKx0LqqOyYB3TKn\/view?usp=share_link\"> 2022<\/a> &#8211; <a href=\"https:\/\/drive.google.com\/file\/d\/1FeDFLvzvsorA-G-XIEMJQpQs8rgH2yMr\/view?usp=sharing\">2023<\/a> &#8211;<a href=\"https:\/\/drive.google.com\/file\/d\/1xGGyDlubK-S_iNFhYN0LNUiNIno-3Vhy\/view?usp=sharing\">2024<\/a>&#8211; <a href=\"https:\/\/drive.google.com\/file\/d\/1MLgm7kBai8izol4Bz2vJJFmkjhAVO05h\/view?usp=sharing\">2025<\/a><\/td><\/tr><tr><td>39<\/td><td>Educaci\u00f3n en y para la Salud<\/td><td>2015 &#8211; 2017 &#8211; 2018 &#8211; <a href=\"https:\/\/drive.google.com\/open?id=1iSBhfRlcpTsdBc268TQzy4wvpWnjRCrQ\">2019<\/a>&#8211; <a href=\"https:\/\/drive.google.com\/file\/d\/1AbX5faerUrokv4vC4j7uI_BO2eS3zum1\/view?usp=sharing\">2025<\/a><\/td><\/tr><tr><td>40<\/td><td>Ateneo de Pr\u00e1cticas del Lenguaje y la Literatura<\/td><td>2015 &#8211; <a href=\"https:\/\/drive.google.com\/file\/d\/17KpqVhP28OMlXDGspcHwIp62mTMQfk7s\/view?usp=sharing\">2017<\/a> &#8211; 2018 &#8211; 2019 &#8211; <a href=\"https:\/\/drive.google.com\/file\/d\/1dJ3gt9JytrvuoFUOqOrm5WXy1S-ky4Pv\/view?usp=sharing\">2020<\/a> &#8211; <a href=\"https:\/\/drive.google.com\/file\/d\/1CVhRjJLc0ChZ9HvDMskFP3E_O_NcBQkl\/view?usp=sharing\">2024<\/a><\/td><\/tr><tr><td>41<\/td><td>Ateneo de la Matem\u00e1tica<\/td><td>2015 &#8211; <a href=\"https:\/\/drive.google.com\/open?id=0Bw--L-eEILkZQUVpaUY4WDBXaU0\">2017<\/a> &#8211; 2018 &#8211; <a href=\"https:\/\/drive.google.com\/file\/d\/1Zj80axFT6fI0ztsjEG4i_jnqytv4L4H0\/view?usp=sharing\">2024<\/a>&#8211; <a href=\"https:\/\/drive.google.com\/file\/d\/1OnuqLA2b9XPvynIQgp8LkOgPYTOoE9zx\/view?usp=sharing\">2025<\/a><\/td><\/tr><tr><td>42<\/td><td>Ateneo de Naturaleza y Sociedad<\/td><td>2015 &#8211; 2017 &#8211; 2018- <a href=\"https:\/\/drive.google.com\/file\/d\/1nbgS-YjE6AIRG411FaU_RRxIQ8KRBxeJ\/view?usp=sharing\">2025<\/a><\/td><\/tr><tr><td>43<\/td><td>Ateneo de Nuevas Expresiones Est\u00e9ticas<\/td><td>2015 &#8211; 2017 &#8211; 2018- <a href=\"https:\/\/drive.google.com\/file\/d\/1miQJM71voPMBkJClGG-WecXr0D53Pt3s\/view?usp=sharing\">2024<\/a><\/td><\/tr><tr><td>44<\/td><td>Campo de la Pr\u00e1ctica Docente IV<\/td><td>2015 &#8211; 2017 &#8211; 2018 &#8211;<a href=\"https:\/\/drive.google.com\/file\/d\/11tbmdJ4TJdsfteqeAjyGK6NFUfgSoW8o\/view?usp=sharing\">2024<\/a>&#8211; <a href=\"https:\/\/drive.google.com\/file\/d\/1MtNfMnG-jvLBSByhKS2pYlsADuSrXdPH\/view?usp=sharing\">2025<\/a><\/td><\/tr><tr><td>45<\/td><td>EDI : Infancia, g\u00e9nero y diversidad<\/td><td>2015 &#8211; <a href=\"https:\/\/drive.google.com\/open?id=0Bw--L-eEILkZMEcteW4tSjZwcjg\">2017<\/a> &#8211; <a href=\"https:\/\/drive.google.com\/open?id=1wHRC-rF2qTj6veNTLhNd_Mfith0SScpa\">2018<\/a>&#8211; <a href=\"https:\/\/drive.google.com\/open?id=1xaR3KVAV2Asn_RhNS92VRNskyFxaQ6q8\">2019<\/a><\/td><\/tr><\/tbody><\/table><\/figure>\n","protected":false},"excerpt":{"rendered":"<p>&nbsp;&nbsp;Los programas aparecen con link, de acuerdo con el a\u00f1o. &nbsp;N\u00b0 1\u00b0 A\u00d1O 1 Taller de lectura, escritura y oralidad 2015 &#8211; 2017 &#8211; 2018 &#8211; 2020 &#8211; 2024&#8211; 2025 2 Taller de pensamiento l\u00f3gico matem\u00e1tico 2015 &#8211; 2017 &#8211; 2018 &#8211;2025 3 Taller de definici\u00f3n Institucional: Juego 2015 &#8211; 2017 &#8211; 2018 4 Filosof\u00eda &#8230; <a title=\"Programas\" class=\"read-more\" href=\"https:\/\/isfd107-bue.infd.edu.ar\/sitio\/programas-pei\/\" aria-label=\"More on Programas\">[+]<\/a><\/p>\n","protected":false},"author":1454,"featured_media":0,"parent":0,"menu_order":0,"comment_status":"closed","ping_status":"closed","template":"","meta":[],"acf":[],"_links":{"self":[{"href":"https:\/\/isfd107-bue.infd.edu.ar\/sitio\/wp-json\/wp\/v2\/pages\/1458"}],"collection":[{"href":"https:\/\/isfd107-bue.infd.edu.ar\/sitio\/wp-json\/wp\/v2\/pages"}],"about":[{"href":"https:\/\/isfd107-bue.infd.edu.ar\/sitio\/wp-json\/wp\/v2\/types\/page"}],"author":[{"embeddable":true,"href":"https:\/\/isfd107-bue.infd.edu.ar\/sitio\/wp-json\/wp\/v2\/users\/1454"}],"replies":[{"embeddable":true,"href":"https:\/\/isfd107-bue.infd.edu.ar\/sitio\/wp-json\/wp\/v2\/comments?post=1458"}],"version-history":[{"count":116,"href":"https:\/\/isfd107-bue.infd.edu.ar\/sitio\/wp-json\/wp\/v2\/pages\/1458\/revisions"}],"predecessor-version":[{"id":5410,"href":"https:\/\/isfd107-bue.infd.edu.ar\/sitio\/wp-json\/wp\/v2\/pages\/1458\/revisions\/5410"}],"wp:attachment":[{"href":"https:\/\/isfd107-bue.infd.edu.ar\/sitio\/wp-json\/wp\/v2\/media?parent=1458"}],"curies":[{"name":"wp","href":"https:\/\/api.w.org\/{rel}","templated":true}]}}