{"id":1456,"date":"2018-08-29T18:58:53","date_gmt":"2018-08-29T21:58:53","guid":{"rendered":"https:\/\/isfd107-bue.infd.edu.ar\/sitio\/docentes-y-programas-3\/"},"modified":"2024-11-27T12:19:54","modified_gmt":"2024-11-27T15:19:54","slug":"programas-pep","status":"publish","type":"page","link":"https:\/\/isfd107-bue.infd.edu.ar\/sitio\/programas-pep\/","title":{"rendered":"Programas"},"content":{"rendered":"\n<p class=\"has-text-align-center\">&nbsp; <strong>Los programas aparecen con link, de acuerdo con el a\u00f1o de la carrera y el ciclo lectivo.<\/strong><\/p>\n\n\n\n<figure class=\"wp-block-table\"><table><tbody><tr><td>\n<h5>&nbsp;N\u00ba<\/h5>\n<\/td><td><strong>1\u00b0 A\u00d1O<\/strong><\/td><\/tr><tr><td>1<\/td><td>Taller de lectura, escritura y oralidad<\/td><td>2015 &#8211; 2017 &#8211; 2018<\/td><\/tr><tr><td>2<\/td><td>Taller de pensamiento l\u00f3gico matem\u00e1tico<\/td><td>2015 &#8211; 2017 &#8211; 2018<\/td><\/tr><tr><td>3<\/td><td>Taller de definici\u00f3n Institucional<\/td><td>2015 &#8211; 2017 &#8211; 2018<\/td><\/tr><tr><td>4<\/td><td>Filosof\u00eda<\/td><td><a href=\"upload\/Moiso._Filosofia-_1__PEP.pdf\">2015<\/a> &#8211; <a href=\"https:\/\/drive.google.com\/open?id=0Bw--L-eEILkZNElrYzZ6dkpzM2s\">2017<\/a> &#8211; &#8211; <a href=\"https:\/\/drive.google.com\/file\/d\/1Cv2rxyp9uynOd9fgc7D6hC558dZwxJnE\/view?usp=share_link\">2022<\/a>&#8211; <a href=\"https:\/\/drive.google.com\/file\/d\/1U1QY9GHqOwTGLnUaf3fyZWaQqSFV4Jag\/view?usp=sharing\">2024<\/a><\/td><\/tr><tr><td>5<\/td><td>Did\u00e1ctica General<\/td><td><a href=\"upload\/Mendoza-_Didactica_general_1.pdf\">2015<\/a> &#8211; 2017 &#8211; 2018<\/td><\/tr><tr><td>6<\/td><td>Pedagog\u00eda<\/td><td>2015 &#8211; <a href=\"https:\/\/drive.google.com\/file\/d\/1crZtEDXjCIJ604g2nq5sEPydk5wiNUvD\/view?usp=sharing\">2017<\/a>&nbsp;&#8211; <a href=\"https:\/\/drive.google.com\/open?id=13L9QY1eKi48-FEwnrpR65S9JXPFM4zi6\">2018<\/a>&#8211; <a href=\"https:\/\/drive.google.com\/open?id=1s4TVOC_XlnnCqMAJOgJuihgcHrp6o4sC\">2019<\/a> &#8211; <a href=\"https:\/\/drive.google.com\/file\/d\/1dg7xHH8LrT0KUfIlSYo3L7r-xwdf90id\/view?usp=share_link\">2020<\/a> &#8211;<a href=\"https:\/\/drive.google.com\/file\/d\/19vjZHIH8d3C0BHA3uOCngOGOmqvksU9w\/view?usp=share_link\">2021<\/a> &#8211;<a href=\"https:\/\/drive.google.com\/file\/d\/1u2AR1SLmFBSqjvNEF3M3LKS14T2kwk1_\/view?usp=share_link\">2022<\/a> &#8211; <a href=\"https:\/\/drive.google.com\/file\/d\/1t7HC29RoalBi0OAaSO3q7EWxqrlWrqdu\/view?usp=sharing\">2023 <\/a><\/td><\/tr><tr><td>7<\/td><td>An\u00e1lisis del Mundo contempor\u00e1neo<\/td><td>2015 &#8211; 2017 &#8211; <a href=\"https:\/\/drive.google.com\/file\/d\/1TFH3r7GcXFVeWKejrV1OSsInA_W9KIYY\/view?usp=sharing\">2018<\/a>  &#8211; <a href=\"https:\/\/drive.google.com\/file\/d\/1UNE0iwAwNo9LQqTB4-w67_UUrSocZMSa\/view?usp=sharing\">2023<\/a> &#8211; <a href=\"https:\/\/drive.google.com\/file\/d\/1cI38DPvflH2NaGYnVld-tTKb9hEEpqUC\/view?usp=sharing\">2024<\/a><\/td><\/tr><tr><td>8<\/td><td>Psicolog\u00eda del desarrollo y el aprendizaje I<\/td><td><a href=\"upload\/Cornador-__PSICOLOGIA_DEL_DESARROLLO_Y_EL_APRENDIZAJE_I_P.E.P.pdf\">2015<\/a> &#8211; 2017 &#8211; 2018- <a href=\"https:\/\/drive.google.com\/file\/d\/1dojbXta5rsSLSHQO6YqjKrVNHFRl-5Kv\/view?usp=sharing\">2021<\/a>&#8211; <a href=\"https:\/\/drive.google.com\/file\/d\/1nciGuIzLh3b71TpYpP1FbzteMicYJQBm\/view?usp=sharing\">2022<\/a> &#8211; <a href=\"https:\/\/drive.google.com\/file\/d\/12Z969avCnOMOyU6Ip8YI4vA8ZyXoxeno\/view?usp=sharing\">2023<\/a><\/td><\/tr><tr><td>9<\/td><td>Corporeidad y motricidad<\/td><td><a href=\"upload\/Dellatorre_1_PRIMARIA_2015.pdf\">2015<\/a> &#8211; 2017 &#8211; 2018 &#8211; <a href=\"https:\/\/drive.google.com\/open?id=1XJLYshYYTLZn9lLwDrZKJfHXHSWXQ0OM\">2019<\/a> &#8211;<a href=\"https:\/\/drive.google.com\/file\/d\/12UVD5UOZ0JhGrLPJErAY463cX2Np4UZT\/view?usp=sharing\">2020<\/a>&#8211;  <a href=\"https:\/\/drive.google.com\/file\/d\/1thr3A8tcmUpaRnfaRPEUFt1kTLVfz7Fw\/view?usp=sharing\">2022<\/a>&#8211; <a href=\"https:\/\/drive.google.com\/file\/d\/1wWTzF6b48cnBZiXJRS6MQMEeIZB2wugt\/view?usp=sharing\">2024<\/a><\/td><\/tr><tr><td>10<\/td><td>Arte y Educaci\u00f3n<\/td><td>2015 &#8211; 2017 &#8211; 2018<\/td><\/tr><tr><td>11<\/td><td>Campo De la Pr\u00e1ctica Docente I<\/td><td><a href=\"upload\/Mendoza-_PROYECTO_CAMPO_DE_LA_PRACTICA_I_.pdf\">2015 <\/a>&#8211; 2017 &#8211; 2018<\/td><\/tr><tr><td><strong>&nbsp;2\u00b0 A\u00d1O&nbsp;<\/strong><\/td><\/tr><tr><td>12<\/td><td>Teor\u00edas sociopol\u00edticas y Educaci\u00f3n<\/td><td>2015 &#8211; 2017 &#8211; 2018 &#8211; <a href=\"https:\/\/drive.google.com\/file\/d\/1jYlJXfVHwMB8ua4v2zGie6jlCDRJ26aH\/view?usp=sharing\">2023<\/a><\/td><\/tr><tr><td>13<\/td><td>Did\u00e1ctica y curr\u00edculum del Nivel Primario<\/td><td><a href=\"upload\/Mendoza_-_PROYECTO_DIDAC_Y_CURRI-_2do_PEP.pdf\">2015<\/a> &#8211; 2017 &#8211; 2018<\/td><\/tr><tr><td>14<\/td><td>Psicolog\u00eda del desarrollo y el aprendizaje II<\/td><td><a href=\"upload\/Cornador-__PSICOLOGIA_DEL_DESARROLLO_Y_EL_APRENDIZAJE_II_P.E.P.pdf\">2015<\/a> &#8211;  <a href=\"https:\/\/drive.google.com\/file\/d\/1MDKwxMXUJpb8_mtJqEhcbKVUARQuf_St\/view?usp=share_link\">2022<\/a>&#8211; <a href=\"https:\/\/drive.google.com\/file\/d\/1FtjW8n7vAkLh6twCLGmmXVgDBuE_VwCp\/view?usp=sharing\">2023<\/a><\/td><\/tr><tr><td>15<\/td><td>Psicolog\u00eda social e institucional<\/td><td><a href=\"upload\/Cornador_-__PSICOLOGIA_SOCIAL.pdf\">2015<\/a> &#8212; <a href=\"https:\/\/drive.google.com\/file\/d\/1YTrk9ZzqeKEFLuzcScy8DF6bV259diuk\/view?usp=share_link\">2022<\/a>&#8211; <a href=\"https:\/\/drive.google.com\/file\/d\/1YF0R61LJACn7fUnZnxzZ0OAgGARJUaad\/view?usp=sharing\">2023<\/a><\/td><\/tr><tr><td>16<\/td><td>Cultura, comunicaci\u00f3n y educaci\u00f3n<\/td><td><a href=\"upload\/TELMA_MARTINES_PROGRAMA_2015_PRIMARIA_2_107.pdf\">2015<\/a> &#8211; 2017 &#8211; <a href=\"https:\/\/drive.google.com\/open?id=1ap9VdekHSPVZVUeOcXuWU30sMBQnafvp\">2018<\/a>&#8211; <a href=\"https:\/\/drive.google.com\/file\/d\/1x-7UhF3Gmxv53Hrj9oPPnVpYW1jLESSs\/view?usp=sharing\">2019<\/a> &#8211; <a href=\"https:\/\/drive.google.com\/file\/d\/1pWCG_pvGuljNd20KzMgsd9V3VLlYdIi8\/view?usp=sharing\">2024<\/a><\/td><\/tr><tr><td>17<\/td><td>Educaci\u00f3n Art\u00edstica<\/td><td>2015 &#8211; 2017 &#8211; 2018<\/td><\/tr><tr><td>18<\/td><td>Did\u00e1ctica de las Pr\u00e1cticas del Lenguaje y la literatura I<\/td><td><a href=\"https:\/\/www.dropbox.com\/s\/vj5ek03cp507mal\/programa%20didactica%20practicas%20lenguaje%20I%20-%202%C2%BA%20a%C3%B1o%20PEP-2016.pdf\">2016<\/a> &#8211; <a href=\"https:\/\/www.dropbox.com\/s\/zy4kbbg13n54oer\/Programa%20didactica%20practicas%20lenguaje%20I%20-%202%C2%BA%20a%C3%B1o%20PEP-2017.pdf\">2017<\/a> &#8211; <a href=\"https:\/\/drive.google.com\/open?id=0Bw--L-eEILkZSUVfaS1kRVRsbWs\">2018 <\/a>&#8211; <a href=\"https:\/\/drive.google.com\/open?id=1mQhgPDm22waGNIM4GVVTJduhAru1vVSB\">2019<\/a>&nbsp;&#8211;<a href=\"https:\/\/drive.google.com\/file\/d\/10KU64QxtfE7tJxzdWsw6-JJtBbPjtViy\/view?usp=sharing\"> 2020<\/a>&nbsp;&#8211; <a style=\"font-size: inherit; font-family: inherit; font-weight: inherit;\" href=\"https:\/\/drive.google.com\/file\/d\/1IJFBGEKoN0D6Czbem2H4_bJ4HmzRu66C\/view\">2021<\/a><span style=\"font-size: inherit; font-family: inherit; font-weight: inherit;\"> &#8211; <\/span><a style=\"font-size: inherit; font-family: inherit; font-weight: inherit;\" href=\"https:\/\/drive.google.com\/file\/d\/1CQq_3zpIUXDsLvZ5riXsMDHvRtwJ1S3A\/view?usp=sharing\">2022<\/a> &#8211; <a href=\"https:\/\/drive.google.com\/file\/d\/1_gb30QSjbzFkFJSFIXKaWVQVdKuaPMT2\/view?usp=sharing\">2023<\/a> &#8211; <a href=\"https:\/\/drive.google.com\/file\/d\/1prRqqqy2eWjbiEYUew3Vv9ikWYwn_NX8\/view?usp=sharing\">2024<\/a><\/td><\/tr><tr><td>19<\/td><td>Did\u00e1ctica de las Ciencias Sociales I<\/td><td>2015 &#8211; 2017 &#8211; 2018<\/td><\/tr><tr><td>20<\/td><td>Did\u00e1ctica de las Ciencias Naturales I<\/td><td><a href=\"upload\/Malcorra_-_2do__PEP-_2015..pdf\">2015<\/a> &#8211; 2017 &#8211; 2018 &#8211; <a href=\"https:\/\/drive.google.com\/open?id=1O1P01q9SkmXlEZ77CVvwtFpuXh62gZS1\">2019<\/a>&#8211;<a href=\"https:\/\/drive.google.com\/file\/d\/1aDn4Q_p6SA75-7-ORTJXMX2_3gDSxPkr\/view?usp=sharing\">2024<\/a><\/td><\/tr><tr><td>21<\/td><td>Did\u00e1ctica de la Matem\u00e1tica I<\/td><td>2015 &#8211; 2017 &#8211; 2018<\/td><\/tr><tr><td>22<\/td><td>Trayecto formativo Opcional (ESI)<\/td><td>2015 &#8211; <a href=\"https:\/\/drive.google.com\/open?id=0Bw--L-eEILkZRWhDM2xSUE5NOGs\">2017<\/a> &#8211; <a href=\"https:\/\/drive.google.com\/open?id=18ao80xYNFY5f17cYbISZ8Ln0W7ma-o5E\">2018<\/a>&#8211; <a href=\"https:\/\/drive.google.com\/open?id=1yH6oz57E_KLhMcE3fOx5PjDd39jSjics\">2019<\/a><\/td><\/tr><tr><td>23<\/td><td>Campo de la Pr\u00e1ctica Docente II<\/td><td><a href=\"upload\/Mendoza-_PROYECTO_CAMPO_2_PRIMARIA.pdf\">2015<\/a> &#8211; 2017 &#8211; 2018<\/td><\/tr><tr><td>&nbsp;<strong>3\u00b0 A\u00d1O<\/strong><strong>&nbsp;<\/strong><\/td><\/tr><tr><td>24<\/td><td>Historia y prospectiva de la Educaci\u00f3n<\/td><td>2015 &#8211; 2017 &#8211; 2018 &#8211; <a href=\"https:\/\/drive.google.com\/file\/d\/15JAn-v0Qr7KyK0qx3vRPc11vvchnyRk_\/view?usp=sharing\">2023<\/a><\/td><\/tr><tr><td>25<\/td><td>Pol\u00edticas, Legislaci\u00f3n y Administraci\u00f3n del trabajo Escolar<\/td><td><a href=\"upload\/Bonavita-POL._LEG._Y_ADMI._TRABAJO_ESCOLAR_3RO_PEP.pdf\">2015<\/a> &#8211; <a href=\"https:\/\/drive.google.com\/file\/d\/1V8ut0LIsBB9Y42e2xc5oPHKCduPWGVFJ\/view?usp=sharing\">2017<\/a> &#8211; <a href=\"https:\/\/drive.google.com\/file\/d\/1bXcgDVAjr7qN8g-7QkKr_2jnG_7Favtw\/view?usp=sharing\">2018<\/a> &#8211; <a href=\"https:\/\/drive.google.com\/file\/d\/0B9J59nfa5Qs4OFg1NFE5M01ubzQ0V0dLV0t4WVlPMnUtc2Zv\/view?usp=sharing\">2019<\/a><\/td><\/tr><tr><td>26<\/td><td>Configuraciones culturales del sujeto educativo de primaria<\/td><td><a href=\"upload\/Cornador-_CONFIGURACIONES_CULTURALES_DEL_SUJETO_EDUCATIVO_DE_PRIMARIA_3er_an_o.pdf\">2015<\/a> &#8211; 2017 &#8211; 2018 &#8211;<a href=\"https:\/\/drive.google.com\/file\/d\/1V4FpbcNtRYUpNf18Q-ZdVAPGEjx0sCtD\/view?usp=share_link\">2020<\/a>&nbsp;&#8211; 2021- <a href=\"https:\/\/drive.google.com\/file\/d\/1eVwP-ZsvRpoK-BFjikVmLsUduDNHo5oF\/view?usp=share_link\">2022<\/a>&#8211; <a href=\"https:\/\/drive.google.com\/file\/d\/1AVjFDl8grECiYrQDsZ2fjxOAFDaktxwl\/view?usp=sharing\">2023<\/a><\/td><\/tr><tr><td>27<\/td><td>Medios Audiovisuales, TIC y Educaci\u00f3n<\/td><td><a href=\"upload\/TELMA_MARTINES_PROGRAMA_2015_PRIMARIA_3_107.pdf\">2015<\/a> &#8211; 2017 &#8211; 2018 &#8211; <a href=\"https:\/\/drive.google.com\/file\/d\/1HJ-dbhfOyZD8wmGSz4cJbBtc_LVt-c_n\/view?usp=sharing\">2019<\/a>&nbsp;&#8211; <a href=\"https:\/\/drive.google.com\/file\/d\/1q_Rsr_7Lddf4nk6K41NFNj6GmAtC9umB\/view?usp=sharing\">2020<\/a> &#8211; <a href=\"https:\/\/drive.google.com\/file\/d\/1Jjsmt132aQsKoMQNuxuKe_Fw5_3U30_R\/view?usp=sharing\">2021<\/a><\/td><\/tr><tr><td>28<\/td><td>Educaci\u00f3n F\u00edsica Escolar<\/td><td><a href=\"upload\/Dellatorre_3_PRIMARIA_2015.pdf\">2015<\/a> &#8211; 2017 &#8211; 2018 &#8211; <a href=\"https:\/\/drive.google.com\/open?id=1GAW-D07umQiIyFDCW-kGZT5yqCz3UH9f\">2019<\/a> &#8211;<a href=\"https:\/\/drive.google.com\/file\/d\/1QcI3kUsb4AhhwIO7GHTdiN5izQYCzzoG\/view?usp=sharing\">2020<\/a>&#8211;  <a href=\"https:\/\/drive.google.com\/file\/d\/1fSRfEqtVCBPM0zV-fBFrrQqTwy00q8iB\/view?usp=sharing\">2022<\/a>&#8211; <a href=\"https:\/\/drive.google.com\/file\/d\/11yjX0n9K5_vks2XYOlswjlRGanmEC8LD\/view?usp=drive_link\">2024<\/a><\/td><\/tr><tr><td>29<\/td><td>Did\u00e1ctica de las Pr\u00e1cticas del Lenguaje y la literatura II<\/td><td><a href=\"https:\/\/www.dropbox.com\/s\/8u0i439kl2i2c96\/programa%20didactica%20practicas%20lenguaje%20I%20I-%203%C2%BA%20a%C3%B1o%20PEP-2016.pdf\">2016<\/a> &#8211; <a href=\"https:\/\/www.dropbox.com\/s\/4bfmuwr3qdw9cuz\/Programa%20didactica%20practicas%20lenguaje%20I%20I-%203%C2%BA%20a%C3%B1o%20PEP-2017.pdf\">2017<\/a> &#8211; <a href=\"https:\/\/drive.google.com\/open?id=1LmdEkINGbt84L7l1BRXT4JTXsU_DJi43\">2018<\/a> &#8211; <a href=\"https:\/\/drive.google.com\/open?id=14aI1BZ6TWrNxJd4KC828Iy2u4LWO4H4_\">2019<\/a>&nbsp;&#8211; <a href=\"https:\/\/drive.google.com\/file\/d\/1m4NnLtx25loq7_ATpN4oxoFeetT2I04u\/view?usp=sharing\">2020<\/a>&#8211; <a href=\"https:\/\/drive.google.com\/file\/d\/1OuKubVCqL4GkdexHQCvxzging6rYy_Lj\/view\">2021<\/a> &#8211; <a href=\"https:\/\/drive.google.com\/file\/d\/1E7aT3FvS0SOEyP0yJAgNbbjnLIzEypBE\/view?usp=sharing\">2022<\/a> &#8211; <a href=\"https:\/\/drive.google.com\/file\/d\/1HUb1g-D1BKfKSbckvTAGsp2D18NghMG2\/view?usp=sharing\">2023<\/a> &#8211; <a href=\"https:\/\/drive.google.com\/file\/d\/15xCs5vxstC3jHRoqe-cWr5yCJccnsgAm\/view?usp=sharing\">2024<\/a><\/td><\/tr><tr><td>30<\/td><td>Did\u00e1ctica de las Ciencias Sociales II<\/td><td>2015 &#8211; 2017 &#8211; 2018 &#8211; <a href=\"https:\/\/drive.google.com\/open?id=1SLMSrEQQC9RqatOxOJXyA8VJ3PeSFssl\">2019<\/a><\/td><\/tr><tr><td>31<\/td><td>Did\u00e1ctica de las Ciencias Naturales II<\/td><td>2015 &#8211; 2017 &#8211; 2018<\/td><\/tr><tr><td>32<\/td><td>Did\u00e1ctica de la Matem\u00e1tica II<\/td><td><a href=\"upload\/Bogado___Didactica_de_la_matematica_II._PEP.pdf\">2015<\/a> &#8211; 2017 &#8211; 2018- <a href=\"https:\/\/drive.google.com\/open?id=1hCjq9RLHlauK5xcBG78ILcdJxo8xXnWA\">2019<\/a><\/td><\/tr><tr><td>33<\/td><td>Trayecto formativo opcional<\/td><td>2015 &#8211; <a href=\"https:\/\/drive.google.com\/open?id=0Bw--L-eEILkZSjF1MTJNRGs5UWM\">2017<\/a> &#8211; 2018<\/td><\/tr><tr><td>34<\/td><td>Campo de la Pr\u00e1ctica Docente III<\/td><td><a href=\"upload\/Maccarrein-Practica_Docente_III_EP_2015.pdf\">2015<\/a> &#8211; 2017 &#8211; 2018<\/td><\/tr><tr><td>&nbsp;<\/td><td><strong>4\u00b0 A\u00d1O<\/strong><\/td><\/tr><tr><td>35<\/td><td>Reflexi\u00f3n filos\u00f3fica de la Educaci\u00f3n<\/td><td>2015 &#8211; <a href=\"https:\/\/drive.google.com\/open?id=0Bw--L-eEILkZQ2lPZ0oydXNSQnc\">2017<\/a> &#8211; 2018 -2019-2020-2021-<a href=\"https:\/\/drive.google.com\/file\/d\/14ZeM0qd6ieiKwhqyEQbiLYmjJ44LyASX\/view?usp=share_link\">2022&nbsp;<\/a>&#8211;<a href=\"https:\/\/drive.google.com\/file\/d\/1S56kNe82jtIRnk7HCC4ah2KQcy8MnOkC\/view?usp=sharing\">2023<\/a>&#8211; <a href=\"https:\/\/drive.google.com\/file\/d\/1kACK0Tf2AFpAsSG9ZjDLAdYh_pvbR4A7\/view?usp=sharing\">2024<\/a><\/td><\/tr><tr><td>36<\/td><td>Dimensi\u00f3n \u00e9tica pol\u00edtica de la Praxis Docente<\/td><td>2015 &#8211; <a href=\"https:\/\/drive.google.com\/open?id=0Bw--L-eEILkZZW5qdldJRGRhb3c\">2017<\/a> &#8211; 2018 -2019-2020- 2021- <a href=\"https:\/\/drive.google.com\/file\/d\/1n_RK62o6t9kgjN7xdtOpl75saCaeuWlm\/view?usp=share_link\">2022<\/a>&#8211; <a href=\"https:\/\/drive.google.com\/file\/d\/1vZhwXJVWpr13y-YJTd7dzbcL_9joi2pD\/view?usp=sharing\">2023<\/a>&#8211; <a href=\"https:\/\/drive.google.com\/file\/d\/1NLMCh3U50XPdtc5USgNkKRJzzq4B_36N\/view?usp=sharing\">2024<\/a><\/td><\/tr><tr><td>37<\/td><td>Pedagog\u00eda cr\u00edtica de las diferencias<\/td><td>2015 &#8211; 2017 &#8211; 2018<\/td><\/tr><tr><td>38<\/td><td>Ateneo de Pr\u00e1cticas del Lenguaje y la Literatura<\/td><td>2015 &#8211; 2017 &#8211; 2018<\/td><\/tr><tr><td>39<\/td><td>Ateneo de Ciencias Naturales<\/td><td>2015 &#8211; 2017 &#8211; 2018<\/td><\/tr><tr><td>40<\/td><td>Ateneo de Ciencias Sociales<\/td><td>2015 &#8211; 2017 &#8211; 2018<\/td><\/tr><tr><td>41<\/td><td>Ateneo de Matem\u00e1tica<\/td><td>2015 &#8211; 2017 &#8211; 2018<\/td><\/tr><tr><td>42<\/td><td>Campo de la Pr\u00e1ctica Docente IV<\/td><td>2015 &#8211; <a href=\"https:\/\/drive.google.com\/open?id=0Bw--L-eEILkZZi1lSG94YkZpVHM\">2017<\/a> &#8211; 2018<\/td><\/tr><\/tbody><\/table><\/figure>\n","protected":false},"excerpt":{"rendered":"<p>&nbsp; Los programas aparecen con link, de acuerdo con el a\u00f1o de la carrera y el ciclo lectivo. &nbsp;N\u00ba 1\u00b0 A\u00d1O 1 Taller de lectura, escritura y oralidad 2015 &#8211; 2017 &#8211; 2018 2 Taller de pensamiento l\u00f3gico matem\u00e1tico 2015 &#8211; 2017 &#8211; 2018 3 Taller de definici\u00f3n Institucional 2015 &#8211; 2017 &#8211; 2018 4 &#8230; <a title=\"Programas\" class=\"read-more\" href=\"https:\/\/isfd107-bue.infd.edu.ar\/sitio\/programas-pep\/\" aria-label=\"More on Programas\">[+]<\/a><\/p>\n","protected":false},"author":1454,"featured_media":0,"parent":0,"menu_order":0,"comment_status":"closed","ping_status":"closed","template":"","meta":[],"acf":[],"_links":{"self":[{"href":"https:\/\/isfd107-bue.infd.edu.ar\/sitio\/wp-json\/wp\/v2\/pages\/1456"}],"collection":[{"href":"https:\/\/isfd107-bue.infd.edu.ar\/sitio\/wp-json\/wp\/v2\/pages"}],"about":[{"href":"https:\/\/isfd107-bue.infd.edu.ar\/sitio\/wp-json\/wp\/v2\/types\/page"}],"author":[{"embeddable":true,"href":"https:\/\/isfd107-bue.infd.edu.ar\/sitio\/wp-json\/wp\/v2\/users\/1454"}],"replies":[{"embeddable":true,"href":"https:\/\/isfd107-bue.infd.edu.ar\/sitio\/wp-json\/wp\/v2\/comments?post=1456"}],"version-history":[{"count":64,"href":"https:\/\/isfd107-bue.infd.edu.ar\/sitio\/wp-json\/wp\/v2\/pages\/1456\/revisions"}],"predecessor-version":[{"id":5170,"href":"https:\/\/isfd107-bue.infd.edu.ar\/sitio\/wp-json\/wp\/v2\/pages\/1456\/revisions\/5170"}],"wp:attachment":[{"href":"https:\/\/isfd107-bue.infd.edu.ar\/sitio\/wp-json\/wp\/v2\/media?parent=1456"}],"curies":[{"name":"wp","href":"https:\/\/api.w.org\/{rel}","templated":true}]}}