{"id":1454,"date":"2018-08-29T18:58:53","date_gmt":"2018-08-29T21:58:53","guid":{"rendered":"https:\/\/isfd107-bue.infd.edu.ar\/sitio\/docentes-y-programas-2\/"},"modified":"2024-11-27T12:21:33","modified_gmt":"2024-11-27T15:21:33","slug":"programas-pee","status":"publish","type":"page","link":"https:\/\/isfd107-bue.infd.edu.ar\/sitio\/programas-pee\/","title":{"rendered":"Programas"},"content":{"rendered":"\n<p class=\"has-text-align-center\">&nbsp;<strong>Los programas aparecen con link, de acuerdo con el a\u00f1o.<\/strong><\/p>\n\n\n\n<figure class=\"wp-block-table\"><table><tbody><tr><td>&nbsp;N\u00b0<\/td><td><strong>1\u00b0 A\u00d1O<\/strong><\/td><td>&nbsp;<\/td><\/tr><tr><td>1<\/td><td>Taller de lectura, escritura y oralidad<\/td><td>&nbsp;2015 &#8211; 2017 &#8211; 2018<\/td><\/tr><tr><td>2<\/td><td>Taller de pensamiento l\u00f3gico matem\u00e1tico<\/td><td>2015 &#8211; 2017 &#8211; 2018<\/td><\/tr><tr><td>3<\/td><td>Filosof\u00eda<\/td><td>2015 &#8211; 2017 &#8211; 2018<\/td><\/tr><tr><td>4<\/td><td>Did\u00e1ctica General<\/td><td><a href=\"upload\/Maccarrein_-Didactica_General_EE_2015.pdf\">2015<\/a> &#8211; 2017 &#8211; 2018<\/td><\/tr><tr><td>5<\/td><td>Pedagog\u00eda<\/td><td>2015 &#8211; 2017 &#8211; 2018 &#8211; <a href=\"https:\/\/drive.google.com\/file\/d\/1m3KG9kAahT0vLH5O6kvE-j523vtkFhhT\/view?usp=sharing\">2019<\/a> &#8211; 2020 &#8211; 2021<\/td><\/tr><tr><td>6<\/td><td>An\u00e1lisis del Mundo contempor\u00e1neo<\/td><td>2015 &#8211; 2017 &#8211; <a href=\"https:\/\/drive.google.com\/file\/d\/16-jK9khoIrOO-RHsV6znXATCKX2yIaI2\/view?usp=sharing\">2018<\/a> &#8211; 2019 &#8211; 2020 -2021 -2022 &#8211; <a href=\"https:\/\/drive.google.com\/file\/d\/1frG7NQW68NKdWpJNXWrf0tIbFukhGJ3z\/view?usp=sharing\">2023<\/a> &#8211; <a href=\"https:\/\/drive.google.com\/file\/d\/1Fcy-zbW3WNM83Ctd42ru4XfEBVgyB7cZ\/view?usp=sharing\">2024<\/a><\/td><\/tr><tr><td>7<\/td><td>Psicolog\u00eda del desarrollo y el aprendizaje I<\/td><td>2015 &#8211; 2017 &#8211; 2018 &#8211; <a href=\"https:\/\/drive.google.com\/file\/d\/1KoWEbkbLkHrRxG65EhRXAOhoZ7q0VpsA\/view?usp=sharing\">2019<\/a> &#8211; 2020 &#8211; 2021-<a href=\"https:\/\/drive.google.com\/file\/d\/1EP0e3sJnnzKv0lq3DBI23dkvjsTcGji6\/view?usp=share_link\">2022<\/a> &#8211; <a href=\"https:\/\/drive.google.com\/file\/d\/17LgI3HZa0jwWMUbi7qtdePhYu4yxPZ_s\/view?usp=sharing\">2023<\/a><\/td><\/tr><tr><td>8<\/td><td>Corporeidad y motricidad<\/td><td>2015 &#8211; 2017 &#8211; <a href=\"https:\/\/drive.google.com\/file\/d\/1mGLEbQxqC1ppVxp-gos9YZcuWxzxKZnn\/view?usp=sharing\">2018<\/a> &#8211; <a href=\"https:\/\/drive.google.com\/open?id=1AsSpwiWCNkuSojeCfRsIdU0q4SrA6GU4\">2019<\/a> &#8211;<a href=\"https:\/\/drive.google.com\/file\/d\/10QCB6ar1bVkuYv6viof0xcTSy95tERNH\/view?usp=sharing\">2020<\/a>&#8211;  <a href=\"https:\/\/drive.google.com\/file\/d\/10CJAp2VM_ewY22fOeOjtYuoX47r_6PCq\/view?usp=sharing\">2022<\/a>&#8211; <a href=\"https:\/\/drive.google.com\/file\/d\/1Wr5fMs5st6NQHyVUrzZEKh8xKZm2bAtJ\/view?usp=sharing\">2024<\/a><\/td><\/tr><tr><td>9<\/td><td>Introducci\u00f3n a la Educaci\u00f3n Especial<\/td><td>2015-<a href=\"https:\/\/drive.google.com\/open?id=0Bw--L-eEILkZTWREUkxOS3pvOTA\">2017<\/a> &#8211;<a href=\"https:\/\/drive.google.com\/open?id=1qzLi447PWSjBVwIFqPpch1aUJGlj7Duc\">2018<\/a>&#8211; <a href=\"https:\/\/drive.google.com\/open?id=1KuN7LeYPx4ZKaSUdA5E8xc8inYgG6LGR\">2019<\/a> &#8211; <a href=\"https:\/\/drive.google.com\/file\/d\/1ttexee6nJ5yXoSPOZcu2yngq-m3GFwFe\/view?usp=sharing\">2022<\/a> &#8211; <a href=\"https:\/\/drive.google.com\/file\/d\/1ymjDBCftxh4rPT_I7ONdnoLI7-qGk9bL\/view?usp=sharing\">2023<\/a> <\/td><\/tr><tr><td>10<\/td><td>Did\u00e1ctica de Pr\u00e1cticas del Lenguaje<\/td><td>2015 &#8211; 2017 &#8211; 2018<\/td><\/tr><tr><td>11<\/td><td>Did\u00e1ctica de la Matem\u00e1tica I<\/td><td>2015 &#8211; 2017 &#8211; 2018 &#8211; <a href=\"https:\/\/drive.google.com\/file\/d\/1MpNqImD3vGzb3oOr2os8HZ2wGkq0jYyH\/view?usp=sharing\">2023<\/a><\/td><\/tr><tr><td>12<\/td><td>Did\u00e1ctica de las Ciencias Sociales I<\/td><td>2015 &#8211; 2017 &#8211; <a href=\"https:\/\/drive.google.com\/file\/d\/1-_JMauNg7lMeQ2MMrbOk2wYukGpO4bhS\/view?usp=sharing\">2018<\/a><\/td><\/tr><tr><td>13<\/td><td>Did\u00e1ctica de las Ciencias Naturales I<\/td><td>2015 &#8211; 2017 &#8211; 2018 &#8211; <a href=\"https:\/\/drive.google.com\/open?id=1QRBYbctavq1YY9DSXyCT9Q_AELflQ6SI\">2019<\/a> &#8211;<a href=\"https:\/\/drive.google.com\/file\/d\/15gIYbXMCYNO8_li9R4XsTciuPdhnnlIF\/view?usp=sharing\">2024<\/a><\/td><\/tr><tr><td>14<\/td><td>Espacio De la Pr\u00e1ctica Docente I<\/td><td><a href=\"upload\/Pacifico_Practica_1_2015.pdf\">2015<\/a> &#8211; 2017 &#8211; 2018 &#8211;<a href=\"https:\/\/drive.google.com\/file\/d\/1seZABB-bKyARX0uGIJOBTTRZHvb52O2e\/view?usp=sharing\">2023<\/a><\/td><\/tr><tr><td><strong>&nbsp;<\/strong><\/td><td><strong>2\u00b0 A\u00d1O<\/strong><\/td><td>&nbsp;<\/td><\/tr><tr><td>15<\/td><td>Teor\u00edas sociopol\u00edticas y Educaci\u00f3n<\/td><td>2015 &#8211; <a href=\"https:\/\/drive.google.com\/open?id=0Bw--L-eEILkZMDZvRzFMeHZXTW8\">2017<\/a> &#8211; <a style=\"outline-width: 0px !important; user-select: auto !important;\" href=\"https:\/\/drive.google.com\/open?id=1iz271N_l25gq2LiMroFDxIY7SqMez5rY\">2018<\/a>&nbsp; &#8211; <a href=\"https:\/\/drive.google.com\/file\/d\/0B9J59nfa5Qs4d3FMUkdFWlZ2SWh5V0lpM1p2LUpUbGVWVGU4\/view?usp=sharing\">2019<\/a><\/td><\/tr><tr><td>16<\/td><td>Did\u00e1ctica y curr\u00edculum<\/td><td><a href=\"upload\/Did%E1ctica_y_Curriculum__2_PEE_Di_Nucci___2015.pdf\">2015<\/a> &#8211; 2017 &#8211; <a href=\"https:\/\/drive.google.com\/file\/d\/1VC2rXDFkt2yvateT1V-iaegQo2N2d1Iu\/view?usp=sharing\">2018\/2019<\/a>&nbsp;&#8211; <a href=\"https:\/\/drive.google.com\/file\/d\/1rwmpvOlzg5FYSz6yZPfNO62x_cnPNUQL\/view?usp=sharing\">2020<\/a> &#8211; 2021 &#8211; 2022 &#8211; 2023<\/td><\/tr><tr><td>17<\/td><td>Psicolog\u00eda del desarrollo y el aprendizaje II<\/td><td>2015 &#8211; 2017 &#8211; 2018 &#8211; <a href=\"https:\/\/drive.google.com\/file\/d\/1OWypR-ljX7v_RA1ooPbA8OzBaJN5LHzh\/view?usp=sharing\">2023<\/a><\/td><\/tr><tr><td>18<\/td><td>Cultura, comunicaci\u00f3n y educaci\u00f3n<\/td><td><a href=\"upload\/TELMA_MARTINES_PROGRAMA_2015_ESPECIAL_2_107.pdf\">2015<\/a> &#8211; 2017 &#8211; <a href=\"https:\/\/drive.google.com\/open?id=1qNA69Pmaj0_SLAlOcU0RM3iQ-4vHTvcJ\">2018 &#8211;&nbsp;<\/a><a href=\"https:\/\/drive.google.com\/file\/d\/1CQ26Q4liHTA8nf_TloICbX5kDNxUZ97U\/view?usp=sharing\">2019<\/a>&nbsp;&#8211; <a href=\"https:\/\/drive.google.com\/file\/d\/1s9CyGYBoDMu3iWMc1g8jtbVX-gLhlZPL\/view?usp=sharing\">2020<\/a> &#8211; <a href=\"https:\/\/drive.google.com\/file\/d\/1WLbxxP7X3jIHB72GLjVwhvKwWfg2Mtvt\/view?usp=sharing\">2021<\/a> &#8211; <a href=\"https:\/\/drive.google.com\/file\/d\/1xPjne9cJbYiT-pTSBL4fBLw5R5Mshx7n\/view?usp=sharing\">2024<\/a><\/td><\/tr><tr><td>19<\/td><td>Neurociencias<\/td><td><a href=\"https:\/\/drive.google.com\/open?id=1-N2APFj6WJl_jbiPBn-mGBzLLhPGklI2\">2015<\/a> &#8211; 2017 &#8211; 2018 &#8211; 2019 &#8211;<a href=\"https:\/\/drive.google.com\/file\/d\/1-m1IFgT12hHA2P3yIgVfRTxEV_YlfQHL\/view?usp=sharing\">2023<\/a><\/td><\/tr><tr><td>20<\/td><td>Did\u00e1ctica de Pr\u00e1cticas del Lenguaje y la literatura II<\/td><td>2015 &#8211; 2017 &#8211; 2018<\/td><\/tr><tr><td>21<\/td><td>Did\u00e1ctica de las Ciencias Sociales II<\/td><td>2015 &#8211; 2017 &#8211; 2018<\/td><\/tr><tr><td>22<\/td><td>Did\u00e1ctica de las Ciencias Naturales II<\/td><td>2015 &#8211; 2017 &#8211; <a href=\"https:\/\/drive.google.com\/file\/d\/1ha8Vof6hZFgiXY2eA2bbzCAv8K6wkG_Q\/view?usp=sharing\">2018<\/a> &#8211; <a href=\"https:\/\/drive.google.com\/open?id=1KRpKdRoyLsA9IEWaMNwS04sG1S-tjr5_\">2019 &#8211; 2020 -2021<\/a>&#8211;<a href=\"https:\/\/drive.google.com\/file\/d\/1EFqUfv-PEgSHG1zUztpYmskBCZD9Ctbj\/view?usp=sharing\">2024<\/a><\/td><\/tr><tr><td>23<\/td><td>Did\u00e1ctica de la Matem\u00e1tica II<\/td><td>2015 &#8211; 2017 &#8211; 2018 &#8211;<a href=\"https:\/\/drive.google.com\/file\/d\/1exNiCzMcch9_HRPsKLTvMFJTDYZTjMxM\/view?usp=sharing\">2023<\/a><\/td><\/tr><tr><td>24<\/td><td>Arte y Educaci\u00f3n<\/td><td>2015 &#8211; 2017 &#8211; 2018<\/td><\/tr><tr><td>25<\/td><td>Trayecto formativo Opcional<\/td><td>2015 &#8211; <a href=\"https:\/\/drive.google.com\/open?id=0Bw--L-eEILkZUElpNmtqM01na1k\">2017<\/a> &#8211; 2018<\/td><\/tr><tr><td>26<\/td><td>Campo de la Pr\u00e1ctica Docente II<\/td><td><a href=\"upload\/Pacifico__Practica_II-2015_en_construccion.pdf\">2015<\/a> &#8211; 2017 &#8211; 2018<\/td><\/tr><tr><td><strong>&nbsp;<\/strong><\/td><td><strong>3\u00b0 A\u00d1O<\/strong><\/td><td>&nbsp;<\/td><\/tr><tr><td>27<\/td><td>Psicolog\u00eda del desarrollo y el aprendizaje III<\/td><td>2015 &#8211; 2017 &#8211; 2018 &#8211;<a href=\"https:\/\/drive.google.com\/file\/d\/10y567gh7CeIEBXyncwdFIWfYRbCDhKoF\/view?usp=share_link\">2020<\/a>&nbsp;&#8211; 2021- <a href=\"https:\/\/drive.google.com\/file\/d\/1BYVJgsfx2gEJWZyr7waOnppYTZ8WCY0_\/view?usp=share_link\">2022<\/a>&#8211; <a href=\"https:\/\/drive.google.com\/file\/d\/1YnLkz6JJqWllhkPQmtHyWSwscs6WdiYO\/view?usp=sharing\">2024<\/a><\/td><\/tr><tr><td>28<\/td><td>Abordaje Psicopedag\u00f3gico de los sujetos con discapacidad<\/td><td>2015 &#8211; <a href=\"upload\/Vortaire_Abordaje_psicopedagogico_de_los_sujetos_con_discapacidad.pdf\">2017<\/a> &#8211; <a href=\"https:\/\/drive.google.com\/open?id=15qXagmg-KtCmbyRDIRnR3MPhCMxW2c0C\">2018<\/a> &#8211; <a href=\"https:\/\/drive.google.com\/file\/d\/1Dh8P_keYPW2mDUBLrmHsrq0pirkwPXQN\/view?usp=sharing\">2023<\/a><\/td><\/tr><tr><td>29<\/td><td>Lenguaje y Comunicaci\u00f3n en el sujeto con discapacidad<\/td><td>2015 &#8211; <a href=\"https:\/\/drive.google.com\/file\/d\/1Xt1MrscVZFHrE11keTb2zCgBeHLjSoXb\/view?usp=sharing\">2017 &#8211; 2018<\/a> &#8211; <a href=\"https:\/\/drive.google.com\/file\/d\/1La1dNgB63nQTH9l4llntAC1XsFNnZXdu\/view?usp=sharing\">2023<\/a> &#8211; <a href=\"https:\/\/drive.google.com\/file\/d\/1s5upuozKD1RUEBIabDUsS95JY9Fbl95w\/view?usp=sharing\">2024<\/a><\/td><\/tr><tr><td>30<\/td><td>Sujeto con discapacidad intelectual<\/td><td>2015 &#8211; <a href=\"https:\/\/drive.google.com\/open?id=0Bw--L-eEILkZb3owek1vRUZUZ00\">2017<\/a> &#8211; 2018 &#8211; <a href=\"https:\/\/drive.google.com\/open?id=1KD0vNL7zKCgA1GsJgjN48d60ccjgF5Us\">201<\/a>9 &#8211; <a href=\"https:\/\/drive.google.com\/file\/d\/1eouDxLfQe3wvqqkwp2Szr0gDQfml4duN\/view?usp=sharing\">2023<\/a> &#8211; <a href=\"https:\/\/drive.google.com\/file\/d\/1pAimJdEbXPL_6gSoB-FpuCPb_k92DOwa\/view?usp=sharing\">2024<\/a> <\/td><\/tr><tr><td>31<\/td><td>Curr\u00edculum y Discapacidad intelectual<\/td><td>2015 &#8211; 2017 &#8211; 2018&nbsp;&#8211; <a href=\"https:\/\/drive.google.com\/open?id=1pwEm1d03ukwqJyrUEXAEQgKjDAyY1zyZ\">2019<\/a> &#8211; <a href=\"https:\/\/drive.google.com\/file\/d\/1fbSDs579TNQqeHiWv7v83WdCXmc0M9mn\/view?usp=sharing\">2023<\/a><\/td><\/tr><tr><td>32<\/td><td>Atenci\u00f3n Temprana del desarrollo infantil<\/td><td>2015 &#8211; <a href=\"https:\/\/drive.google.com\/open?id=0Bw--L-eEILkZYVBNSHRjZDdJZ1k\">2017<\/a> &#8211; 2018 &#8211; <a href=\"https:\/\/drive.google.com\/file\/d\/1XZMWLGSdjAEFxn94P2H6pj3BGxDtiB3R\/view?usp=sharing\">2023<\/a> &#8211; <a href=\"https:\/\/drive.google.com\/file\/d\/1PC9vGzgLLjo8yPB3xSVu7K9rnaBrOC9H\/view?usp=sharing\">2024<\/a><\/td><\/tr><tr><td>33<\/td><td>Producci\u00f3n de Materiales y Objetos Did\u00e1cticos<\/td><td>2015 &#8211; <a href=\"upload\/VORTAIRE_Produccion_de_objetos_y_recursos_didacticos_-.pdf\">2017<\/a> &#8211; <a href=\"https:\/\/drive.google.com\/open?id=1fDpjE9ebSwHIdzMyAgG5mQr-WRvPdNTQ\">2018<\/a> &#8211; <a href=\"https:\/\/drive.google.com\/file\/d\/1StUx_3wvEbT4Bfhy-FAQa9BKU2tZq4Jf\/view?usp=sharing\">2023<\/a>&#8211; <a href=\"https:\/\/drive.google.com\/file\/d\/1BxnSakOqbFnmJbGYfbFnpiThf028SodF\/view?usp=sharing\">2024<\/a><\/td><\/tr><tr><td>34<\/td><td>Historia pol\u00edtica y Legislaci\u00f3n Educativa Argentina<\/td><td>2015 &#8211; <a href=\"https:\/\/drive.google.com\/file\/d\/0Bw--L-eEILkZb3lBTmdwQWl4MVU\/view?usp=sharing&amp;resourcekey=0-NG44pHkmmyeYiKey1x0jtg\">2017<\/a> &#8211; <a style=\"outline-width: 0px !important; user-select: auto !important;\" href=\"https:\/\/drive.google.com\/drive\/folders\/159K28Rnmujt-2wlIuXhecE0QkX13Ytti\">2018 <\/a>&#8211; <a href=\"https:\/\/drive.google.com\/file\/d\/0B9J59nfa5Qs4ZkVqNU4yMXVRbnFBXzU5enpWRXNlZlF0ZlV3\/view?usp=sharing\">2019<\/a>&nbsp;&#8211;<a href=\"https:\/\/drive.google.com\/file\/d\/1Y6I3cVQAhPVREr_5Q9KJgIJTiQ3z44o2\/view?usp=sharing\"> 2020<\/a> &#8211; 2021- 2022- 2023<\/td><\/tr><tr><td>35<\/td><td>Trayecto formativo opcional<\/td><td>2015 &#8211; <a href=\"https:\/\/drive.google.com\/open?id=0Bw--L-eEILkZeFhfTktjRUVaWVk\">2017<\/a> &#8211; <a href=\"https:\/\/drive.google.com\/open?id=18WOh6DwESWhkrdKhv0u66r3ap7lBSr3k\">2018<\/a> &#8211; <a href=\"https:\/\/drive.google.com\/file\/d\/1mz4Cit6ZuM0JkWwNhkKGK6t-cGkwMu5u\/view?usp=sharing\">2019<\/a> &#8211; <\/td><\/tr><tr><td>36<\/td><td>Campo de la Pr\u00e1ctica Docente III<\/td><td><a href=\"upload\/Maccarrein-_Practica_Docente_III_EE_2015.pdf\">2015<\/a> &#8211; 2017 &#8211; <a href=\"https:\/\/drive.google.com\/file\/d\/1DZSEdgqnQ1qltNrCjWqyskUCbmS80SKu\/view?usp=sharing\">2018<\/a><\/td><\/tr><tr><td>&nbsp;<\/td><td><strong>4\u00b0 A\u00d1O<\/strong><\/td><td>&nbsp;<\/td><\/tr><tr><td>37<\/td><td>Interacciones Sociales<\/td><td>2015 &#8211; <a href=\"https:\/\/drive.google.com\/open?id=0Bw--L-eEILkZbWVGNk1TdHFHVUE\">2017<\/a> &#8211; <a href=\"https:\/\/drive.google.com\/open?id=1fPPkv5ov2uQkaB6GXZ97ss5ffEdkllVs\">2018<\/a><\/td><\/tr><tr><td>38<\/td><td>Psicopatolog\u00eda<\/td><td>2015 &#8211; <a style=\"outline-width: 0px !important; user-select: auto !important;\" href=\"https:\/\/drive.google.com\/open?id=1ZxZsPuFpJFqtUxzRJRh9eaXDReqZnw_k\">2016 a 2019<\/a><\/td><\/tr><tr><td>39<\/td><td>Curr\u00edculum y Discapacidad intelectual II<\/td><td>2015 &#8211; 2017 &#8211; 2018<\/td><\/tr><tr><td>40<\/td><td>Taller de Abordaje Familiar en la Escuela<\/td><td><a href=\"upload\/Bonavita-TALLER_ABORD._FLIAR._EN_ESC._4TO_PEE.pdf\">2015<\/a> &#8211; 2017 &#8211; 2018 &#8211;<a href=\"https:\/\/drive.google.com\/file\/d\/1dvQ6DQa_-CqZ444DlYOWhCtWuG19EKbf\/view?usp=sharing\">2022<\/a> &#8211; <a href=\"https:\/\/drive.google.com\/file\/d\/1SMYEkhfEahoTJOQuhcVhiYQKm6oNcxdc\/view?usp=sharing\">2023<\/a> <\/td><\/tr><tr><td>41<\/td><td>Formaci\u00f3n Laboral<\/td><td><a href=\"upload\/TALAMO_programa_formac_laboral_2015.pdf\">2015<\/a> &#8211; 2017 &#8211; 2018 &#8211; <a href=\"https:\/\/drive.google.com\/file\/d\/1dYJNHEdAYr-6fSYOFl4QxuE-YZDrHNsp\/view?usp=sharing\">2023<\/a><\/td><\/tr><tr><td>42<\/td><td>Multidiscapacidad<\/td><td>2015 &#8211; 2017 &#8211; 2018 &#8211; <a href=\"https:\/\/drive.google.com\/file\/d\/1vAw_Ig8VzbAbODKhQgWAdUA1qC_598d_\/view?usp=sharing\">2023<\/a><\/td><\/tr><tr><td>43<\/td><td>Educaci\u00f3n y nuevas Tecnolog\u00edas<\/td><td>2015 &#8211; <a href=\"https:\/\/drive.google.com\/file\/d\/0Bw--L-eEILkZV284T1pXdGJycmc\/view?usp=sharing&amp;resourcekey=0-vlfsQKFW5ExitxZOfxxCXA\">2017<\/a> &#8211; 2018 &#8211; 2020 -2021 &#8211;<a href=\"https:\/\/drive.google.com\/file\/d\/18DG9bbG4H6GQEQXr7tsVxr0RzFhiZE5X\/view?usp=share_link\">2022<\/a> &#8211;<a href=\"https:\/\/drive.google.com\/file\/d\/1YcfarhXLqJXBtHN0qwQ1VwsL6wGr3Xvm\/view?usp=sharing\"> 2023<\/a> <\/td><\/tr><tr><td>44<\/td><td>Pol\u00edtica y Legislaci\u00f3n Referida a la Discapacidad<\/td><td><a href=\"upload\/Bonavita-POL._Y_LEG._REF._A_LA_DISCAPACIDAD_4TO_PEE.pdf\">2015<\/a> &#8211; <a href=\"https:\/\/drive.google.com\/open?id=0Bw--L-eEILkZQ19TZmpURmFRbTQ\">2017<\/a> &#8211; <a style=\"outline-width: 0px !important; user-select: auto !important;\" href=\"https:\/\/drive.google.com\/file\/d\/1DlWf4MffgccIQhvR4YNwjz7ZWcjpmgjh\/view?usp=sharing\">2018 <\/a>&#8211; <a href=\"https:\/\/drive.google.com\/file\/d\/0B9J59nfa5Qs4dm5uMW1SWUQxd3BKNk4xSDV5d292TTByNzRv\/view?usp=sharing\">2019<\/a> &#8211; <a href=\"https:\/\/drive.google.com\/file\/d\/1XgqvxfzwJujk0d2AzmU57VSxLqFu2sQe\/view?usp=sharing\">2023<\/a><\/td><\/tr><tr><td>45<\/td><td>Reflexi\u00f3n Filos\u00f3fica de la Educaci\u00f3n<\/td><td>2015 &#8211; 2017 &#8211; 2018- <a href=\"https:\/\/drive.google.com\/file\/d\/1jKe8qmo4SSvgQuZ3BApbNzFz-NNM714e\/view?usp=drive_link\">2024<\/a><\/td><\/tr><tr><td>46<\/td><td>Dimensi\u00f3n \u00c9tico Pol\u00edtica de la Praxis Docente<\/td><td>2015 &#8211; <a href=\"https:\/\/drive.google.com\/open?id=0Bw--L-eEILkZSFJ3TkZnSVZFMkE\">2017<\/a> &#8211; <a href=\"https:\/\/drive.google.com\/file\/d\/156BskvaprELPAOn2LoK0OMyLQ_Nsz4M3\/view?usp=sharing\">2018<\/a> &#8211; 2019- 2020- 2021- <a href=\"https:\/\/drive.google.com\/file\/d\/1j-wf0C5-NMYu7JyHnDtnhiQiVvyfqLZx\/view?usp=share_link\">2022<\/a> &#8211; <a href=\"https:\/\/drive.google.com\/file\/d\/16X7PVE0icMbUCA7CKMAIPfJyCAmHuawZ\/view?usp=sharing\">2023<\/a> &#8211; <a href=\"https:\/\/drive.google.com\/file\/d\/1i-lr8zg_QHfkpw8BVO2m9tTxqNxgMJpH\/view?usp=drive_link\">2024<\/a><\/td><\/tr><tr><td>47<\/td><td>Campo de la Pr\u00e1ctica Docente IV<\/td><td>2015 &#8211; 2017 &#8211; 2018 &#8211;<a href=\"https:\/\/drive.google.com\/file\/d\/13msTCZuLLFQLCCNq6PczvVrNmm3C6ChD\/view?usp=sharing\">2022<\/a>&#8211;  <a href=\"https:\/\/drive.google.com\/file\/d\/1nI4Kn9zwlDb3bTKRiaTc4y2EEXq-fzGI\/view?usp=sharing\">2023<\/a><\/td><\/tr><\/tbody><\/table><\/figure>\n","protected":false},"excerpt":{"rendered":"<p>&nbsp;Los programas aparecen con link, de acuerdo con el a\u00f1o. &nbsp;N\u00b0 1\u00b0 A\u00d1O &nbsp; 1 Taller de lectura, escritura y oralidad &nbsp;2015 &#8211; 2017 &#8211; 2018 2 Taller de pensamiento l\u00f3gico matem\u00e1tico 2015 &#8211; 2017 &#8211; 2018 3 Filosof\u00eda 2015 &#8211; 2017 &#8211; 2018 4 Did\u00e1ctica General 2015 &#8211; 2017 &#8211; 2018 5 Pedagog\u00eda 2015 &#8230; <a title=\"Programas\" class=\"read-more\" href=\"https:\/\/isfd107-bue.infd.edu.ar\/sitio\/programas-pee\/\" aria-label=\"More on Programas\">[+]<\/a><\/p>\n","protected":false},"author":1454,"featured_media":0,"parent":0,"menu_order":0,"comment_status":"closed","ping_status":"closed","template":"","meta":[],"acf":[],"_links":{"self":[{"href":"https:\/\/isfd107-bue.infd.edu.ar\/sitio\/wp-json\/wp\/v2\/pages\/1454"}],"collection":[{"href":"https:\/\/isfd107-bue.infd.edu.ar\/sitio\/wp-json\/wp\/v2\/pages"}],"about":[{"href":"https:\/\/isfd107-bue.infd.edu.ar\/sitio\/wp-json\/wp\/v2\/types\/page"}],"author":[{"embeddable":true,"href":"https:\/\/isfd107-bue.infd.edu.ar\/sitio\/wp-json\/wp\/v2\/users\/1454"}],"replies":[{"embeddable":true,"href":"https:\/\/isfd107-bue.infd.edu.ar\/sitio\/wp-json\/wp\/v2\/comments?post=1454"}],"version-history":[{"count":71,"href":"https:\/\/isfd107-bue.infd.edu.ar\/sitio\/wp-json\/wp\/v2\/pages\/1454\/revisions"}],"predecessor-version":[{"id":5167,"href":"https:\/\/isfd107-bue.infd.edu.ar\/sitio\/wp-json\/wp\/v2\/pages\/1454\/revisions\/5167"}],"wp:attachment":[{"href":"https:\/\/isfd107-bue.infd.edu.ar\/sitio\/wp-json\/wp\/v2\/media?parent=1454"}],"curies":[{"name":"wp","href":"https:\/\/api.w.org\/{rel}","templated":true}]}}