{"id":1452,"date":"2022-03-29T14:58:52","date_gmt":"2022-03-29T17:58:52","guid":{"rendered":"https:\/\/isfd107-bue.infd.edu.ar\/sitio\/docentes-y-programas\/"},"modified":"2026-02-27T20:32:49","modified_gmt":"2026-02-27T23:32:49","slug":"docentes-y-programas","status":"publish","type":"page","link":"https:\/\/isfd107-bue.infd.edu.ar\/sitio\/docentes-y-programas\/","title":{"rendered":"Plan vigente (RM 1862\/17)"},"content":{"rendered":"\n<p class=\"has-text-align-center\"><strong>LENGUA Y LITERATURA<\/strong>  <strong>RESOLUCI\u00d3N 1862\/17<\/strong><\/p>\n\n\n\n<p class=\"has-text-align-center\">&nbsp;&nbsp;<strong>Los programas aparecen con link, de acuerdo con el a\u00f1o de la carrera y ciclo lectivo.&nbsp;<\/strong><\/p>\n\n\n\n<figure class=\"wp-block-table\"><table><tbody><tr><td colspan=\"4\"><strong>1\u00b0 A\u00d1O<\/strong><\/td><\/tr><tr><td colspan=\"4\"><strong>Campo de la Formaci\u00f3n General<\/strong><\/td><\/tr><tr><td>&nbsp;1<\/td><td>&nbsp;Pedagog\u00eda<\/td><td><a href=\"https:\/\/drive.google.com\/open?id=1wmb3NVXV54fJ8AvY0iAvOjlj1B8K0kRKt5nk4BaWc3o\">2018<\/a>&#8211; <a href=\"https:\/\/drive.google.com\/open?id=1dwtva4wN7zBdfoigBcr34lWYucPPk6Op\">2019<\/a> &#8211; <a href=\"https:\/\/drive.google.com\/file\/d\/1aV2t4qHYhV_CxB6hstv_ZLz2rE7HCOSX\/view?usp=sharing\">2022<\/a> &#8211;<a href=\"https:\/\/drive.google.com\/file\/d\/104XXaBduuM743qAr7SvccRGGUzpiDWpg\/view?usp=sharing\">2024<\/a><\/td><\/tr><tr><td>&nbsp;2<\/td><td>&nbsp;Did\u00e1ctica General<\/td><td>2018- <a href=\"https:\/\/drive.google.com\/file\/d\/15pPbihthGW86D-wCq-i3Lrbeftza43Tb\/view?usp=sharing\">2022<\/a><\/td><\/tr><tr><td>&nbsp;3<\/td><td>&nbsp;Problem\u00e1ticas Socio-Institucionales<\/td><td> <a style=\"font-size: revert; font-family: inherit; font-weight: inherit;\" href=\"https:\/\/drive.google.com\/file\/d\/1dg82K7Et2szx2PZhf9REmsMkuEWAtPw5\/view?usp=sharing\">2018<\/a><span style=\"font-size: revert; font-family: inherit; font-weight: inherit;\">&nbsp;&#8211;<\/span><a style=\"font-size: revert; font-family: inherit; font-weight: inherit;\" href=\"https:\/\/drive.google.com\/file\/d\/1E_ZR3L5liv8ecneqLd032e432d0zdedx\/view?usp=sharing\">2019<\/a><span style=\"font-size: revert; font-family: inherit; font-weight: inherit;\">&#8211; 2020 &#8211; <\/span><a style=\"font-size: revert; font-family: inherit; font-weight: inherit;\" href=\"https:\/\/drive.google.com\/file\/d\/1YHX6QopT7H6NFFzlJo4aO1ZMNWMGYV_i\/view?usp=share_link\">2021<\/a><span style=\"font-size: revert; font-family: inherit; font-weight: inherit;\">&#8211; 2022 &#8211; <\/span><a style=\"font-size: revert; font-family: inherit; font-weight: inherit;\" href=\"https:\/\/drive.google.com\/file\/d\/1ZTzIWPrl8WKUlNTDJXyCecYmVc4sM8a5\/view?usp=sharing\">2023<\/a>  &#8211; <a href=\"https:\/\/drive.google.com\/file\/d\/1IslRr6TG8V7oAj0CiIj3RUBUKuq5Ng-9\/view?usp=sharing\">2024<\/a><\/td><\/tr><tr><td colspan=\"4\"><strong>Campo de la Formaci\u00f3n Espec\u00edfica<\/strong><\/td><\/tr><tr><td>4<\/td><td>Ling\u00fc\u00edstica y Gram\u00e1tica I<\/td><td><a href=\"https:\/\/drive.google.com\/file\/d\/1UhasOKxb5sdWgOxcvXM96jDaXIfngVU9\/view?usp=sharing\">2018<\/a> &#8211; <a href=\"https:\/\/drive.google.com\/file\/d\/1DHqYF5bHs-NmLTKtUSPbEc2qYeKY-0S0\/view?usp=sharing\">2019 <\/a>&#8211; <a href=\"https:\/\/drive.google.com\/file\/d\/1tJuVZ3EVdgqr7dsBc5YU56godEhzzDAg\/view?usp=sharing\">2023<\/a> &#8211;&nbsp;<a href=\"https:\/\/drive.google.com\/file\/d\/1aY8UlX9dyMorPnc6XX4VtqgQMoLd2k7l\/view?usp=sharing\">2024<\/a><\/td><\/tr><tr><td>5<\/td><td>Historia Social y cultural I<\/td><td>2018 &#8211; 2019 &#8211; 2020<\/td><\/tr><tr><td>6<\/td><td>Teor\u00eda Literaria I<\/td><td>2018 &#8211; 2019 &#8211; 2020<\/td><\/tr><tr><td>7<\/td><td>Taller: Lectura y Escritura<\/td><td>2018 &#8211; 2019 &#8211; 2020<\/td><\/tr><tr><td>8<\/td><td>Historia de la Lengua Espa\u00f1ola<\/td><td><a href=\"https:\/\/drive.google.com\/open?id=1EQGXjQS0wylJs4uNyEGgU4PQ7Co9Nj4h\">2019<\/a> &#8211; 2020<\/td><\/tr><tr><td colspan=\"4\"><strong>Campo de la Formaci\u00f3n en la Pr\u00e1ctica Profesional <\/strong><\/td><\/tr><tr><td>9<\/td><td>CFPP 1:El trabajo docente: complejidades y entramados<\/td><td><a style=\"outline-width: 0px !important; user-select: auto !important;\" href=\"https:\/\/drive.google.com\/open?id=1WTsCPbWJvqC0_JVVpTiqcIwYT5EKBaVU\">2018<\/a>&#8211; <a href=\"https:\/\/drive.google.com\/open?id=1WTsCPbWJvqC0_JVVpTiqcIwYT5EKBaVU\">2019<\/a>&nbsp;&#8211; 2020- <a href=\"https:\/\/drive.google.com\/file\/d\/1YTfXI4C7zqHv6Nw2yfZqDKRD7ec9JUZ7\/view?usp=sharing\">2024<\/a><\/td><\/tr><tr><td colspan=\"4\"><strong>2\u00b0 A\u00d1O<\/strong><\/td><\/tr><tr><td colspan=\"4\"><strong>Campo de la Formaci\u00f3n General<\/strong><\/td><\/tr><tr><td>10<\/td><td>Historia y Pol\u00edtica Argentina<\/td><td><a href=\"https:\/\/drive.google.com\/file\/d\/1U6MI5GBuLOMycMnNdBYOOwL9kCss2jM3\/view?usp=sharing\">2023<\/a>&#8211; <a href=\"https:\/\/drive.google.com\/file\/d\/1tXPKex3X5vE2UP8vQInGXk345dxmSwm0\/view?usp=sharing\">2024<\/a>&#8211; <a href=\"https:\/\/drive.google.com\/file\/d\/1DwgCgTcRYQGx8ATZG95c_l_q6GbalYAC\/view?usp=sharing\">2025<\/a><\/td><\/tr><tr><td>11<\/td><td>Ense\u00f1ar con tecnolog\u00edas<\/td><td><a href=\"https:\/\/drive.google.com\/file\/d\/1Jh5MFkeCpNLRIS0sbq0aNrOCoLwa1qKK\/view?usp=sharing\">2023<\/a>&#8211;<a href=\"https:\/\/drive.google.com\/file\/d\/1475l_fnTPBayA-7T1T58jJQFohgi6WnQ\/view?usp=sharing\"> 2025<\/a><\/td><\/tr><tr><td>12<\/td><td>Perspectivas acerca de los sujetos de la Educaci\u00f3n<\/td><td><a href=\"https:\/\/drive.google.com\/file\/d\/1bhfEi2o4Z5x_6B5BZ8B7nfO-gQvCSqXe\/view?usp=sharing\">2019<\/a>&nbsp; &#8211; <a href=\"https:\/\/drive.google.com\/file\/d\/1bhfEi2o4Z5x_6B5BZ8B7nfO-gQvCSqXe\/view?usp=sharing\">2022<\/a> &#8211; <a href=\"https:\/\/drive.google.com\/file\/d\/1IslRr6TG8V7oAj0CiIj3RUBUKuq5Ng-9\/view?usp=drive_link\">2024<\/a>&#8211; <a href=\"https:\/\/drive.google.com\/file\/d\/17kjbQvsRS2qxBCioXH7l8DGX5kaoc2r8\/view?usp=sharing\">2025<\/a><\/td><\/tr><tr><td colspan=\"4\"><strong>Campo de la Formaci\u00f3n Espec\u00edfica<\/strong><\/td><\/tr><tr><td>13<\/td><td>Ling\u00fc\u00edstica y Gram\u00e1tica II<\/td><td><a href=\"https:\/\/drive.google.com\/open?id=1bauRaHo0X3UNrksHN8wCR5b2SP_NnNAk\">2019 <\/a>&#8211; <a href=\"https:\/\/drive.google.com\/file\/d\/1oZVPZ5XLqYbgAWYfCiVUHSfZSThgQ88K\/view?usp=sharing\">2023<\/a> &#8211;&nbsp;<a href=\"https:\/\/drive.google.com\/file\/d\/1_xNsOc0Vg_AyrIE62DpIn9RTRPihcVSU\/view?usp=sharing\">2024<\/a>&#8211; <a href=\"https:\/\/drive.google.com\/file\/d\/1o38NKsFkZxhh9mcvy7sEXUEZEVtQFRx9\/view?usp=sharing\">2025<\/a><\/td><\/tr><tr><td>14<\/td><td>Historia Social y cultural II<\/td><td>2019<\/td><\/tr><tr><td>15<\/td><td>Teor\u00eda Literaria II<\/td><td> <a style=\"font-size: revert; font-family: inherit; font-weight: inherit;\" href=\"https:\/\/drive.google.com\/file\/d\/1GX2PZk5XRS4ypsoV_rvFtPF2FG9bujAv\/view?usp=sharing\">2019<\/a><span style=\"font-size: revert; font-family: inherit; font-weight: inherit;\">&nbsp;&#8211; <\/span><a style=\"font-size: revert; font-family: inherit; font-weight: inherit;\" href=\"https:\/\/drive.google.com\/file\/d\/1ePuba2DoHpDcYOY-vytWRU1hVJ5DHPVs\/view?usp=sharing\">2020<\/a><span style=\"font-size: revert; font-family: inherit; font-weight: inherit;\">&nbsp;&#8211; <\/span><a style=\"font-size: revert; font-family: inherit; font-weight: inherit;\" href=\"https:\/\/drive.google.com\/file\/d\/1QBVKPIHMzJlBIYgqpiy0V3hIWrCSF-qc\/view?usp=sharing\">2021<\/a><span style=\"font-size: revert; font-family: inherit; font-weight: inherit;\"> &#8211; <\/span><a style=\"font-size: revert; font-family: inherit; font-weight: inherit;\" href=\"https:\/\/drive.google.com\/file\/d\/1n0JQdXgZO3JbLNnpsd6NbpYpp_hrkfUo\/view?usp=sharing\">2022<\/a><span style=\"font-size: revert; font-family: inherit; font-weight: inherit;\">&nbsp;&#8211; <\/span><a style=\"font-size: revert; font-family: inherit; font-weight: inherit;\" href=\"https:\/\/drive.google.com\/file\/d\/1VnNC8IvEqx6B0OhKOFpnHFAS4r1o4_NT\/view?usp=sharing\">2023<\/a><span style=\"font-size: revert; font-family: inherit; font-weight: inherit;\"> &#8211; <\/span><a style=\"font-size: revert; font-family: inherit; font-weight: inherit;\" href=\"https:\/\/drive.google.com\/file\/d\/1W-EhJ1nu9hEOAA0HQgumNNA2frzzkzL5\/view?usp=sharing\">2024<\/a> &#8211;<a href=\"https:\/\/drive.google.com\/file\/d\/1abSXWL7QunCSCBGGy647sK6A0dFRWhUW\/view?usp=sharing\">2025<\/a><\/td><\/tr><tr><td>16<\/td><td>Semi\u00f3tica<\/td><td> <a style=\"font-size: revert; font-family: inherit; font-weight: inherit;\" href=\"https:\/\/drive.google.com\/open?id=1kO6pnoXJrdnm2mhKJyWN_t-1xN2pBj5m\">2019<\/a><span style=\"font-size: revert; font-family: inherit; font-weight: inherit;\">&#8211; <\/span><a style=\"font-size: revert; font-family: inherit; font-weight: inherit;\" href=\"https:\/\/drive.google.com\/file\/d\/1zV4mNajUQcx_aj4-WM9bEZ_QpB2H_Ays\/view?usp=sharing\">2020<\/a><span style=\"font-size: revert; font-family: inherit; font-weight: inherit;\">&nbsp;&#8211; <\/span><a style=\"font-size: revert; font-family: inherit; font-weight: inherit;\" href=\"https:\/\/drive.google.com\/file\/d\/1vgJl9Ly5syQzweLY4CU_xBN3EacHjHqb\/view?usp=sharing\">2021<\/a><span style=\"font-size: revert; font-family: inherit; font-weight: inherit;\">&nbsp;&#8211; <\/span><a style=\"font-size: revert; font-family: inherit; font-weight: inherit;\" href=\"https:\/\/drive.google.com\/file\/d\/1ri3x9WqE5l6iWrgGcycGUPQzEh1THZCg\/view?usp=sharing\">2022 <\/a><span style=\"font-size: revert; font-family: inherit; font-weight: inherit;\">&#8211;<\/span><a style=\"font-size: revert; font-family: inherit; font-weight: inherit;\" href=\"https:\/\/drive.google.com\/file\/d\/1-x3rlte0FnI62RVdf5-Wz3Gr2yFTVZ9g\/view?usp=sharing\"> 2023<\/a><span style=\"font-size: revert; font-family: inherit; font-weight: inherit;\"> &#8211; <\/span><a style=\"font-size: revert; font-family: inherit; font-weight: inherit;\" href=\"https:\/\/drive.google.com\/file\/d\/1uc_HnYqa2aIXbGLV4HmqclP3ggPpYqhH\/view?usp=sharing\">2024<\/a>&#8211; <a href=\"https:\/\/drive.google.com\/file\/d\/17GmyNqjxKOplruHm7ZEJ1yx2nB23irIO\/view?usp=sharing\">2025 <\/a><\/td><\/tr><tr><td>17<\/td><td>Taller de Alfabetizaci\u00f3n&nbsp; Inicial en Lectura,&nbsp; escritura y Lit.<\/td><td> <a style=\"font-size: revert; font-family: inherit; font-weight: inherit;\" href=\"https:\/\/drive.google.com\/open?id=1b7V1JccRCNpRp8Ewt-c-OlzHb0iw7BOV\">2019<\/a><span style=\"font-size: revert; font-family: inherit; font-weight: inherit;\">&nbsp;&#8211; <\/span><a style=\"font-size: revert; font-family: inherit; font-weight: inherit;\" href=\"https:\/\/drive.google.com\/file\/d\/1hnXkzaX5hvX7PpWwg-co63KHJMnuz5PZ\/view?usp=sharing\">2020<\/a><span style=\"font-size: revert; font-family: inherit; font-weight: inherit;\">&nbsp;&#8211; <\/span><a style=\"font-size: revert; font-family: inherit; font-weight: inherit;\" href=\"https:\/\/drive.google.com\/file\/d\/1Ve37VTySgVLSrXZ_wBB97LNHYanJjIBt\/view?usp=sharing\">2021<\/a><span style=\"font-size: revert; font-family: inherit; font-weight: inherit;\"> &#8211; <\/span><a style=\"font-size: revert; font-family: inherit; font-weight: inherit;\" href=\"https:\/\/drive.google.com\/file\/d\/1WEIG8dLH7cdCqxHaRgqM0sfeIijj6tse\/view?usp=sharing\">2022<\/a><span style=\"font-size: revert; font-family: inherit; font-weight: inherit;\"> &#8211; <\/span><a style=\"font-size: revert; font-family: inherit; font-weight: inherit;\" href=\"https:\/\/drive.google.com\/file\/d\/1e7fEHn0S72BQE3VifLXAS7m9R81aCZBc\/view?usp=sharing\">2023<\/a><span style=\"font-size: revert; font-family: inherit; font-weight: inherit;\"> &#8211; <a href=\"https:\/\/drive.google.com\/file\/d\/1PME2v1JIlrK6NFLEMWiwpKRZ654dPU3D\/view?usp=sharing\">2024 <\/a><\/span>&#8211;<a href=\"https:\/\/drive.google.com\/file\/d\/1kN9tFxpG8ZBCKxy0r8kzXpwCfEbCsPnj\/view?usp=sharing\">2025<\/a><\/td><\/tr><tr><td>18<\/td><td>Did\u00e1ctica de la Lengua y la Lit. I: Did. Y Curric.<\/td><td><a href=\"https:\/\/drive.google.com\/open?id=10IeWw06yEDYN6O_D2vc-61RQafIsqhdM\">2019<\/a>&nbsp;&#8211; 2020- <a href=\"https:\/\/drive.google.com\/file\/d\/1zAOuLbooMuHlNBtUw8SI8sz7H2ljke5J\/view?usp=sharing\">2025<\/a><\/td><\/tr><tr><td colspan=\"4\"><strong>Campo de la Formaci\u00f3n en la Pr\u00e1ctica Profesional<\/strong><\/td><\/tr><tr><td>19<\/td><td>CFPP 2:La construcci\u00f3n del&nbsp; trabajo docente en la Escuela Secundaria<\/td><td><a href=\"https:\/\/drive.google.com\/open?id=1xSIKMQg4Yz4aGxw7r1UajDpMtT7d7jw1\">2019<\/a>&nbsp;&#8211; <a href=\"https:\/\/drive.google.com\/file\/d\/1D7STKV6UH2gQNwzqMl8X1gFUwbWytZ3W\/view?usp=sharing\">2020 <\/a>&#8211;<a href=\"https:\/\/drive.google.com\/file\/d\/1_IPIBEumwxN2tWFE6Fu2F2wBDXX5fDIL\/view?usp=sharing\"> 2021<\/a> &#8211; <a href=\"https:\/\/drive.google.com\/file\/d\/1oG5Kd2nQ08XJ9UmRSCSOqF3K96QBudMB\/view?usp=sharing\">2022 <\/a>&#8211; <a href=\"https:\/\/drive.google.com\/file\/d\/1xIl_-tZouK9dgG8o1KlrX8syWhSDe30w\/view?usp=sharing\">2023<\/a> &#8211;&nbsp;<a href=\"https:\/\/drive.google.com\/file\/d\/1Ux2dD1qiTE6QVDXFAkoOjOUzJgW96IpB\/view?usp=sharing\">2024<\/a> &#8211; <a href=\"https:\/\/drive.google.com\/file\/d\/1-x3WTa0UcRNmUEWW9oG8SaCUnUw24_mk\/view?usp=sharing\">2025<\/a><\/td><\/tr><tr><td colspan=\"4\"><strong>&nbsp; &nbsp; &nbsp; &nbsp; 3\u00b0 A\u00d1O<\/strong><\/td><\/tr><tr><td colspan=\"4\"><strong>Campo de la Formaci\u00f3n General<\/strong><\/td><\/tr><tr><td>20<\/td><td>Educaci\u00f3n para la diversidad<\/td><td>2020 &#8211; <a href=\"https:\/\/drive.google.com\/file\/d\/1dwJKkLg4x76vM1Hwt_CEvK8DwPRoHMEk\/view?usp=sharing\">2023<\/a> &#8211; <a href=\"https:\/\/drive.google.com\/file\/d\/1RUef67-SKDR4aHU98nUWygrhI4F71MZz\/view?usp=sharing\">2024<\/a> &#8211; <a href=\"https:\/\/drive.google.com\/file\/d\/1ZjOiO3cQCeo5iArN2NBc7dJVS03OxK7U\/view?usp=sharing\">2025<\/a><\/td><td>&nbsp;<\/td><\/tr><tr><td>21<\/td><td>Filosof\u00eda y Educaci\u00f3n<\/td><td>2020- <a href=\"https:\/\/drive.google.com\/file\/d\/1FDdN9pFE25ktbG3CMKVJI6T8jrlts5cH\/view?usp=sharing\">2025<\/a><\/td><\/tr><tr><td>22<\/td><td>Evaluaci\u00f3n de los aprendizajes<\/td><td>2020 &#8211; <a href=\"https:\/\/drive.google.com\/file\/d\/1cJalAadOA3h6wHspwjsHGP-T5K2GE7Od\/view?usp=sharing\">2023<\/a><\/td><\/tr><tr><td colspan=\"4\"><strong>OFERTA DE UNIDADES CURRICULARES ANUALES OPTATIVAS <\/strong><\/td><\/tr><tr><td>23<\/td><td>Opci\u00f3n 1: Nivel1 de Ingl\u00e9s<\/td><td> <a style=\"font-size: revert; font-family: inherit; font-weight: inherit;\" href=\"https:\/\/drive.google.com\/file\/d\/1a4kF05-Xm261c9J0NmyCvlO6krT03oOe\/view?usp=sharing\">2020<\/a><span style=\"font-size: revert; font-family: inherit; font-weight: inherit;\">&nbsp;&#8211;&nbsp;<\/span><a style=\"font-size: revert; font-family: inherit; font-weight: inherit;\" href=\"https:\/\/drive.google.com\/file\/d\/172Az8hAh7pCmV6uaOfmY0oeUDO_G5Q5B\/view?usp=sharing\"> 2021<\/a><span style=\"font-size: revert; font-family: inherit; font-weight: inherit;\">&#8211; 2022<\/span> <\/td><\/tr><tr><td>24<\/td><td>Opci\u00f3n 2: Narrativa pedag\u00f3gica<\/td><td>2020 &#8211; <a href=\"https:\/\/drive.google.com\/file\/d\/1fEVSpIhBBwz70YmkKVMwBtNgQputgrwd\/view?usp=sharing\">2023<\/a>&nbsp;&#8211; <a href=\"https:\/\/drive.google.com\/file\/d\/1NuGXgi93JCllJkqrZo669aHYp4IDrhUP\/view?usp=sharing\">2024<\/a> &#8211; <a href=\"https:\/\/drive.google.com\/file\/d\/1kDtmXdo9I_7EqFaNSqrtKWR-EcD5fTjD\/view?usp=sharing\">2025<\/a><\/td><\/tr><tr><td colspan=\"4\"><strong>Campo de la Formaci\u00f3n Espec\u00edfica<\/strong><\/td><\/tr><tr><td>25<\/td><td>Ling\u00fc\u00edstica y Gram\u00e1tica III<\/td><td>2020<\/td><\/tr><tr><td>26<\/td><td>Literatura Espa\u00f1ola y Latinoamericana<\/td><td>2020<\/td><\/tr><tr><td>27<\/td><td>Psicoling\u00fc\u00edstica<\/td><td><p><a href=\"https:\/\/drive.google.com\/file\/d\/1t3GSYEwt1FV5EmfzVhBxD_Lq6tUe77L7\/view?usp=sharing\">2020<\/a>&nbsp;&#8211;<a href=\"https:\/\/drive.google.com\/file\/d\/19xzITuJ4FOLVlF0VfYj3gyBtFpGMEAtu\/view?usp=sharing\">2021<\/a> &#8211;<a href=\"https:\/\/drive.google.com\/file\/d\/11Z1zbl4SPkT4GsEENyillt5iOpcsKoB9\/view?usp=sharing\">2022<\/a> &#8211; <a href=\"https:\/\/drive.google.com\/file\/d\/1wmsDz2c9I2QU99KhLgBssCJeHp4Ps8tX\/view?usp=sharing\">2023<\/a> &#8211;<span style=\"font-family: inherit; font-size: inherit; font-weight: inherit;\"><a href=\"https:\/\/drive.google.com\/file\/d\/1n4rwRtn7fb6Erb39iB-RGyGp6PFxBSjo\/view?usp=sharing\">2024<\/a><\/span><span style=\"font-family: inherit; font-size: inherit; font-weight: inherit;\">&#8211;<\/span><a style=\"font-family: inherit; font-size: inherit; font-weight: inherit;\" href=\"https:\/\/drive.google.com\/file\/d\/1DNyiav8_5RIPEC9QzQpN7nvTyZbUTlAC\/view?usp=sharing\"> <\/a><a style=\"font-family: inherit; font-size: inherit; font-weight: inherit;\" href=\"https:\/\/drive.google.com\/file\/d\/1DNyiav8_5RIPEC9QzQpN7nvTyZbUTlAC\/view?usp=sharing\">2025<\/a><\/p><\/td><\/tr><tr><td>28<\/td><td>Teor\u00eda Literaria III<\/td><td>2020<\/td><\/tr><tr><td>29<\/td><td><span class=\"fontstyle0\">Did\u00e1ctica de la Lengua y la Literatura II: ense\u00f1anza con TIC<\/span><\/td><td><a href=\"https:\/\/drive.google.com\/file\/d\/1lkzwpKGDd-C65zKfqVnLUCmcYrZOgzpX\/view?usp=sharing\">2020<\/a>&nbsp;&#8211; <a href=\"https:\/\/drive.google.com\/file\/d\/1jJFU9D6J5wBWNUpMOHEUAJ5JNUzNItLX\/view?usp=sharing\">2021<\/a> &#8211;<a href=\"https:\/\/drive.google.com\/file\/d\/19Hx8eFs3ESkapLIyK_Es08UnubykmH12\/view?usp=sharing\">2022<\/a> &#8211; <a href=\"https:\/\/drive.google.com\/file\/d\/1Hx8wDUhbNvLzqcLXERVBpXTkKpG9HTB-\/view?usp=sharing\">2023<\/a> &#8211;&nbsp;<a href=\"https:\/\/drive.google.com\/file\/d\/1bwnJepo0bw90w9NPOx-rkrC2e2ZhDUqY\/view?usp=sharing\">2024<\/a> &#8211; <a href=\"https:\/\/drive.google.com\/file\/d\/19RUTIb7QmRc8Jh4-tRolbYXuRLSNUH7j\/view?usp=sharing\">2025<\/a><\/td><\/tr><tr><td colspan=\"4\"><strong>Campo de la Formaci\u00f3n en la Pr\u00e1ctica Profesional<\/strong><\/td><\/tr><tr><td>30<\/td><td>CFPP 3:La construcci\u00f3n de la tarea docente espec\u00edfica en la ense\u00f1anza del nivel<\/td><td><a href=\"https:\/\/drive.google.com\/file\/d\/10RnLKnJxpT5J68rZRHfC41m0SnCDwYZI\/view?usp=sharing\">2020<\/a>&nbsp;&#8211; <a href=\"https:\/\/drive.google.com\/file\/d\/1Ob0SSrO4kIsoF3wttALjLdFNz-7gkMFZ\/view?usp=sharing\">2021<\/a> &#8211; <a href=\"https:\/\/drive.google.com\/file\/d\/1Be9gmkpOXJ5YcUMHsYleiOSvU531Dvno\/view?usp=sharing\">2022<\/a> &#8211; <a href=\"https:\/\/drive.google.com\/file\/d\/1MWX8gNeGUvyngThP9aXAZtiWBupH55nT\/view?usp=sharing\">2023<\/a> &#8211;<a href=\"https:\/\/drive.google.com\/file\/d\/11WEQ4UyaA32l6skK7IR62e-KWrX4uCLK\/view?usp=sharing\">2024<\/a> &#8211;<a href=\"https:\/\/drive.google.com\/file\/d\/157O32DOjBz89SBVnKj9KKPbA8wdJSIco\/view?usp=sharing\"> 2025<\/a><\/td><\/tr><tr><td colspan=\"4\"><strong>4\u00b0 A\u00d1O<\/strong><\/td><\/tr><tr><td colspan=\"4\"><strong>Campo de la Formaci\u00f3n General<\/strong><\/td><\/tr><tr><td>31<\/td><td>An\u00e1lisis e intervenci\u00f3n en situaciones de convivencia&nbsp; escolar<\/td><td>&nbsp;<a href=\"https:\/\/drive.google.com\/file\/d\/17klZuz99NrjJz5NeZGg4zcFl9BkS6-D5\/view?usp=sharing\">2022<\/a> &#8211; 2023 &#8211; 2024 &#8211; <\/td><\/tr><tr><td colspan=\"4\"><strong>OFERTA DE UNIDADES CURRICULARES ANUALES OPTATIVAS PAR EL ESTUDIANTE<\/strong><\/td><\/tr><tr><td>32<\/td><td>Opci\u00f3n 1:Nivel 2 de Ingl\u00e9s<\/td><td>&nbsp;<\/td><\/tr><tr><td>33<\/td><td>Opci\u00f3n 2:Tutor\u00edas y orientaci\u00f3n escolar<\/td><td>&nbsp;<a href=\"https:\/\/drive.google.com\/file\/d\/1Nit8nDXTbmLXXvFcic6B4m7dG7haePYg\/view?usp=sharing\">2024<\/a><\/td><td>&nbsp;<\/td><\/tr><tr><td colspan=\"4\"><strong>Campo de la Formaci\u00f3n Espec\u00edfica<\/strong><\/td><\/tr><tr><td>34<\/td><td>Ling\u00fc\u00edstica y Gram\u00e1tica IV<\/td><td>&nbsp;<a href=\"https:\/\/drive.google.com\/file\/d\/12HlaN-42GMIH8gFAEM0G9CAEPX00fIUi\/view?usp=sharing\">2024<\/a><\/td><\/tr><tr><td>35<\/td><td>Literatura Argentina<\/td><td>&nbsp;<\/td><\/tr><tr><td>36<\/td><td>Socioling\u00fc\u00edstica<\/td><td><a href=\"https:\/\/drive.google.com\/file\/d\/1l-QTW-Nhq9oGqzRd-fbVTLYTKVjy_g5C\/view?usp=sharing\">2023<\/a> &#8211;&nbsp;<a href=\"https:\/\/drive.google.com\/file\/d\/1ZM12E54uQOaLAl-02JOSeEcxgBC8PjPc\/view?usp=sharing\">2024<\/a>&#8211; <a href=\"https:\/\/drive.google.com\/file\/d\/1zSN5XK3-qdWLppchvlsl533wO2iTr8Ku\/view?usp=sharing\">2025<\/a><\/td><\/tr><tr><td>37<\/td><td>Seminario Lit. y otros Lenguajes&nbsp; art\u00edsticos.<\/td><td>&nbsp;<a href=\"https:\/\/drive.google.com\/file\/d\/1UzSgq0x7TtOK0u8Clb7oI_29H3j_-aVc\/view?usp=sharing\">2025<\/a><\/td><\/tr><tr><td>38<\/td><td>Did\u00e1ctica de la Lengua y Lit. III: Inv. de los problemas de la ense\u00f1anza<\/td><td><a href=\"https:\/\/drive.google.com\/file\/d\/1PpTjIiCTiSsQhQs7VOMx5qVMukV_TpYY\/view?usp=sharing\">2021<\/a> &#8211;<a href=\"https:\/\/drive.google.com\/file\/d\/1uKjJUEj2j_ctBL7GeVCHfS3G1sX63OqA\/view?usp=sharing\">2022<\/a> &#8211; <a href=\"https:\/\/drive.google.com\/file\/d\/1x-qGPCsf_B96Ntaqak05DaiZZ1ofKMzF\/view?usp=sharing\">202<\/a>3 &#8211;&nbsp;<a href=\"https:\/\/drive.google.com\/file\/d\/1wMsaF0REhV2yo0MdUuEdDtOGfdEsgo04\/view?usp=sharing\">2024<\/a>&#8211; <a href=\"https:\/\/drive.google.com\/file\/d\/1JgpoBmmTfvR1QJIoC6YvRr0VfqPSsoIL\/view?usp=sharing\">2025<\/a><\/td><\/tr><tr><td>39<\/td><td>Espaci\u00f3 de definici\u00f3n institucional (EDI)<\/td><td><a href=\"https:\/\/drive.google.com\/file\/d\/1vYAyL3DpmnE8leuirxR9zmowGqwhGKSo\/view\">2021<\/a>&#8211; 2022- <a href=\"https:\/\/drive.google.com\/file\/d\/1wwSq85rPRyObSwmmw3uvuJeZrrQf4DMN\/view?usp=sharing\">2025<\/a><\/td><\/tr><tr><td colspan=\"4\"><strong>Campo de la Formaci\u00f3n en la Pr\u00e1ctica Profesional<\/strong><\/td><\/tr><tr><td>&nbsp;40<\/td><td>&nbsp;CFPP 4:La reflexi\u00f3n sobre la tarea docente<\/td><td>&nbsp;<a href=\"https:\/\/drive.google.com\/file\/d\/16e0fg6Vvjw16qI9NaSdvo6SYIvK0dSa6\/view?usp=sharing\">2025<\/a><\/td><\/tr><\/tbody><\/table><\/figure>\n","protected":false},"excerpt":{"rendered":"<p>LENGUA Y LITERATURA RESOLUCI\u00d3N 1862\/17 &nbsp;&nbsp;Los programas aparecen con link, de acuerdo con el a\u00f1o de la carrera y ciclo lectivo.&nbsp; 1\u00b0 A\u00d1O Campo de la Formaci\u00f3n General &nbsp;1 &nbsp;Pedagog\u00eda 2018&#8211; 2019 &#8211; 2022 &#8211;2024 &nbsp;2 &nbsp;Did\u00e1ctica General 2018- 2022 &nbsp;3 &nbsp;Problem\u00e1ticas Socio-Institucionales 2018&nbsp;&#8211;2019&#8211; 2020 &#8211; 2021&#8211; 2022 &#8211; 2023 &#8211; 2024 Campo de la &#8230; <a title=\"Plan vigente (RM 1862\/17)\" class=\"read-more\" href=\"https:\/\/isfd107-bue.infd.edu.ar\/sitio\/docentes-y-programas\/\" aria-label=\"More on Plan vigente (RM 1862\/17)\">[+]<\/a><\/p>\n","protected":false},"author":1454,"featured_media":0,"parent":0,"menu_order":0,"comment_status":"closed","ping_status":"closed","template":"","meta":[],"acf":[],"_links":{"self":[{"href":"https:\/\/isfd107-bue.infd.edu.ar\/sitio\/wp-json\/wp\/v2\/pages\/1452"}],"collection":[{"href":"https:\/\/isfd107-bue.infd.edu.ar\/sitio\/wp-json\/wp\/v2\/pages"}],"about":[{"href":"https:\/\/isfd107-bue.infd.edu.ar\/sitio\/wp-json\/wp\/v2\/types\/page"}],"author":[{"embeddable":true,"href":"https:\/\/isfd107-bue.infd.edu.ar\/sitio\/wp-json\/wp\/v2\/users\/1454"}],"replies":[{"embeddable":true,"href":"https:\/\/isfd107-bue.infd.edu.ar\/sitio\/wp-json\/wp\/v2\/comments?post=1452"}],"version-history":[{"count":167,"href":"https:\/\/isfd107-bue.infd.edu.ar\/sitio\/wp-json\/wp\/v2\/pages\/1452\/revisions"}],"predecessor-version":[{"id":5647,"href":"https:\/\/isfd107-bue.infd.edu.ar\/sitio\/wp-json\/wp\/v2\/pages\/1452\/revisions\/5647"}],"wp:attachment":[{"href":"https:\/\/isfd107-bue.infd.edu.ar\/sitio\/wp-json\/wp\/v2\/media?parent=1452"}],"curies":[{"name":"wp","href":"https:\/\/api.w.org\/{rel}","templated":true}]}}