{"id":1406,"date":"2018-08-29T18:58:34","date_gmt":"2018-08-29T21:58:34","guid":{"rendered":"https:\/\/isfd107-bue.infd.edu.ar\/sitio\/secundaria-matematica\/"},"modified":"2018-11-13T23:01:45","modified_gmt":"2018-11-14T02:01:45","slug":"secundaria-matematica","status":"publish","type":"page","link":"https:\/\/isfd107-bue.infd.edu.ar\/sitio\/secundaria-matematica\/","title":{"rendered":"Secundaria &#8211;  Matem\u00e1tica"},"content":{"rendered":"<p><img decoding=\"async\" loading=\"lazy\" style=\"border: 0;\" src=\"https:\/\/lh6.googleusercontent.com\/-KqYkhTKaId4\/T-UB51wBAFI\/AAAAAAAAA78\/1HWKus6Yq_s\/s681\/matema.png\" width=\"681\" height=\"257\" border=\"0\" \/><\/p>\n<table border=\"0\">\n<tbody>\n<tr>\n<td style=\"border: 1px solid #0099ff;\"><strong>Nombre<\/strong><\/td>\n<td style=\"border: 1px solid #0099ff;\"><strong>Descripci\u00f3n<\/strong><\/td>\n<td style=\"border: 1px solid #0099ff;\">\u00a0<strong>Acceso<\/strong><\/td>\n<\/tr>\n<tr>\n<td style=\"border: 1px solid #0099ff;\"><strong>Recursos matem\u00e1ticos \u00a0 \u00a0<\/strong><\/td>\n<td style=\"border: 1px solid #0099ff;\">\u00a0 \u00a0 \u00a0 \u00a0Videos varios<\/td>\n<td style=\"border: 1px solid #0099ff;\"><a href=\"https:\/\/www.sectormatematica.cl\/videos.htm\"><img decoding=\"async\" loading=\"lazy\" class=\"alignnone\" src=\"https:\/\/lh5.googleusercontent.com\/-Mwx1OSm_mFA\/T-SVKlYupZI\/AAAAAAAAA4s\/SdYhJlycSIQ\/s193\/clic%2520aqui.png\" alt=\"\" width=\"50\" height=\"50\" border=\"0\" \/><\/a><\/td>\n<\/tr>\n<tr>\n<td style=\"border: 1px solid #0099ff;\">\u00a0<strong>Matem\u00e1ticas<\/strong><\/td>\n<td style=\"border: 1px solid #0099ff;\">\u00a0\u00a0Recursos, programas, did\u00e1cticas, juegos, notas, y todo lo que tenga relaci\u00f3n con el mundo matem\u00e1tico<\/td>\n<td style=\"border: 1px solid #0099ff;\">\u00a0<a href=\"http:\/\/www.scoop.it\/t\/matematicas\"><img decoding=\"async\" loading=\"lazy\" src=\"https:\/\/lh5.googleusercontent.com\/-Mwx1OSm_mFA\/T-SVKlYupZI\/AAAAAAAAA4s\/SdYhJlycSIQ\/s193\/clic%2520aqui.png\" width=\"50\" height=\"50\" border=\"0\" \/><\/a><\/td>\n<\/tr>\n<tr>\n<td style=\"border: 1px solid #0099ff;\"><strong>lasmatematicas.es<\/strong><\/td>\n<td style=\"border: 1px solid #0099ff; text-align: justify;\">Proyecto de Juan Medina Molina (@juanmemol), profesor de Matem\u00e1tica Aplicada y Estad\u00edstica en la Escuela T\u00e9cnica Superior de Ingenier\u00eda Industrial de la Universidad Polit\u00e9cnica de Cartagena. Dispone de canal en Youtube con 2261 v\u00eddeos de matem\u00e1ticas.<\/td>\n<td style=\"border: 1px solid #0099ff;\">\u00a0<a href=\"http:\/\/www.youtube.com\/user\/juanmemol?feature=sub_widget_1\"><img decoding=\"async\" loading=\"lazy\" src=\"https:\/\/lh5.googleusercontent.com\/-Mwx1OSm_mFA\/T-SVKlYupZI\/AAAAAAAAA4s\/SdYhJlycSIQ\/s193\/clic%2520aqui.png\" width=\"50\" height=\"50\" border=\"0\" \/><\/a><\/td>\n<\/tr>\n<tr>\n<td style=\"border: 1px solid #0099ff;\">\u00a0<strong>KhanAcademy en Espa\u00f1ol\u00a0<\/strong><\/td>\n<td style=\"border: 1px solid #0099ff; text-align: justify;\">\u00a0Los videos han sido categorizados en las listas de reproducci\u00f3n.<\/td>\n<td style=\"border: 1px solid #0099ff;\">\u00a0<a href=\"http:\/\/www.youtube.com\/user\/KhanAcademyEspanol\" target=\"_blank\" rel=\"noopener\"><img decoding=\"async\" loading=\"lazy\" src=\"https:\/\/lh5.googleusercontent.com\/-Mwx1OSm_mFA\/T-SVKlYupZI\/AAAAAAAAA4s\/SdYhJlycSIQ\/s193\/clic%2520aqui.png\" width=\"50\" height=\"50\" border=\"0\" \/><\/a><\/td>\n<\/tr>\n<tr>\n<td style=\"border: 1px solid #0099ff;\">\u00a0<strong>Disfruta las Matem\u00e1ticas<\/strong><\/td>\n<td style=\"border: 1px solid #0099ff; text-align: justify;\">Web que, a trav\u00e9s de herramientas interactivas, lograr\u00e1 que tus alumnos incrementen su inter\u00e9s y complementen sus conocimientos sobre esta singular materia.Este divertido y did\u00e1ctico portal brinda descripciones entendibles sobre los temas b\u00e1sicos que conforman las matem\u00e1ticas:<\/td>\n<td style=\"border: 1px solid #0099ff;\">\u00a0<a href=\"http:\/\/www.disfrutalasmatematicas.com\/\" target=\"_blank\" rel=\"noopener\"><img decoding=\"async\" loading=\"lazy\" src=\"https:\/\/lh5.googleusercontent.com\/-Mwx1OSm_mFA\/T-SVKlYupZI\/AAAAAAAAA4s\/SdYhJlycSIQ\/s193\/clic%2520aqui.png\" width=\"50\" height=\"50\" border=\"0\" \/><\/a><\/td>\n<\/tr>\n<tr>\n<td style=\"border: 1px solid #0099ff;\"><strong>\u00a0learnerstv<\/strong><\/td>\n<td style=\"border: 1px solid #0099ff; text-align: justify;\">\u00a0Web que recopila animaciones y las clasifica en categor\u00edas, existiendo ya una enorme selecci\u00f3n de los m\u00e1s variados temas dentro de biolog\u00eda, qu\u00edmica y f\u00edsica. Podemos encontrar tambi\u00e9n v\u00eddeos con lecturas y conferencias en otros temas, como econom\u00eda, ingenier\u00eda o psicolog\u00eda, aunque no son tan did\u00e1cticos como las animaciones mencionadas<\/td>\n<td style=\"border: 1px solid #0099ff;\">\u00a0<a href=\"http:\/\/wwwhatsnew.com\/2012\/05\/23\/learnerstv-cientos-de-animaciones-educativas-sobre-ciencia\/\" target=\"_blank\" rel=\"noopener\"><img decoding=\"async\" loading=\"lazy\" src=\"https:\/\/lh5.googleusercontent.com\/-Mwx1OSm_mFA\/T-SVKlYupZI\/AAAAAAAAA4s\/SdYhJlycSIQ\/s193\/clic%2520aqui.png\" width=\"50\" height=\"50\" border=\"0\" \/><\/a><\/td>\n<\/tr>\n<tr>\n<td style=\"border: 1px solid #0099ff;\"><strong>\u00a0Fonemato-\u00a0Matem\u00e1ticas para Bachillerato y Carreras de Ciencias<\/strong><\/td>\n<td style=\"border: 1px solid #0099ff; text-align: justify;\">\u00a0Sitio que re\u00fane una gran colecci\u00f3n de videotutoriales de matem\u00e1ticas, tambi\u00e9n algunos libros online, que supondr\u00e1n una gran ayuda para los estudiantes pre-universitarios y universitarios de la rama de ciencias<\/td>\n<td style=\"border: 1px solid #0099ff;\">\u00a0<a href=\"http:\/\/www.matematicasbachiller.com\/\" target=\"_blank\" rel=\"noopener\"><img decoding=\"async\" loading=\"lazy\" src=\"https:\/\/lh5.googleusercontent.com\/-Mwx1OSm_mFA\/T-SVKlYupZI\/AAAAAAAAA4s\/SdYhJlycSIQ\/s193\/clic%2520aqui.png\" width=\"50\" height=\"50\" border=\"0\" \/><\/a><\/td>\n<\/tr>\n<tr>\n<td style=\"border: 1px solid #0099ff;\">\u00a0<strong>Mathematical Assistant on Web\u00a0<\/strong><\/td>\n<td style=\"border: 1px solid #0099ff;\">\u00a0Proyecto online alojado en souceforge.net , que nos permite realizar una gran cantidad de operaciones y acciones relacionadas con el C\u00e1lculo Diferencial e Integral, con una o dos variables y nos muestra los pasos intermedios para comprender mejor el resultado de cada uno de los c\u00e1lculos, pudiendo obtener en algunos casos el proceso completo en Pdf.En el caso que el programa no pueda ofrecer un resultado, indica las causas.<\/td>\n<td style=\"border: 1px solid #0099ff;\">\u00a0<a href=\"http:\/\/enlanubetic.blogspot.fr\/2012\/04\/recursos-para-calculo-con-una-o-dos.html\" target=\"_blank\" rel=\"noopener\"><img decoding=\"async\" loading=\"lazy\" src=\"https:\/\/lh5.googleusercontent.com\/-Mwx1OSm_mFA\/T-SVKlYupZI\/AAAAAAAAA4s\/SdYhJlycSIQ\/s193\/clic%2520aqui.png\" width=\"50\" height=\"50\" border=\"0\" \/><\/a><\/td>\n<\/tr>\n<tr>\n<td style=\"border: 1px solid #0099ff;\"><strong>\u00a0Graphmatica<\/strong><\/td>\n<td style=\"border: 1px solid #0099ff; text-align: justify;\">\u00a0Graphmatica es una utilidad matem\u00e1tica dise\u00f1ada para poder representar gr\u00e1ficamente todo tipo de c\u00e1lculos y ecuaciones num\u00e9ricas.<\/td>\n<td style=\"border: 1px solid #0099ff;\">\u00a0<a href=\"http:\/\/www.graphmatica.com\/espanol\/\" target=\"_blank\" rel=\"noopener\"><img decoding=\"async\" loading=\"lazy\" src=\"https:\/\/lh5.googleusercontent.com\/-Mwx1OSm_mFA\/T-SVKlYupZI\/AAAAAAAAA4s\/SdYhJlycSIQ\/s193\/clic%2520aqui.png\" width=\"50\" height=\"50\" border=\"0\" \/><\/a><\/td>\n<\/tr>\n<tr>\n<td style=\"border: 1px solid #0099ff;\"><strong>\u00a0Modellus<\/strong><\/td>\n<td style=\"border: 1px solid #0099ff; text-align: justify;\">\u00a0Modellus es un programa de simulaci\u00f3n. Se pueden realizar experimentos de f\u00edsica o ecuaciones matem\u00e1ticas a trav\u00e9s del tiempo o en cuanto a la variaci\u00f3n de valores num\u00e9ricos (variables) presentes en todo fen\u00f3meno a simular.<\/td>\n<td style=\"border: 1px solid #0099ff;\">\u00a0<a href=\"http:\/\/modellus.fct.unl.pt\/\" target=\"_blank\" rel=\"noopener\"><img decoding=\"async\" loading=\"lazy\" src=\"https:\/\/lh5.googleusercontent.com\/-Mwx1OSm_mFA\/T-SVKlYupZI\/AAAAAAAAA4s\/SdYhJlycSIQ\/s193\/clic%2520aqui.png\" width=\"50\" height=\"50\" border=\"0\" \/><\/a><\/td>\n<\/tr>\n<tr>\n<td style=\"border: 1px solid #0099ff;\"><strong>\u00a0Problemas con gancho\u00a0<\/strong><\/td>\n<td style=\"border: 1px solid #0099ff; text-align: justify;\">\u00a0300 problemas \u00abcon gancho\u00bb para la secundaria b\u00e1sica (ESO en Espa\u00f1a): aritm\u00e9tica, \u00e1lgebra, geometr\u00eda, an\u00e1lisis y razonamiento matem\u00e1tico en tres niveles de dificultad \u00a0y con \u00a0soluciones razonadas<\/td>\n<td style=\"border: 1px solid #0099ff;\">\u00a0<a href=\"http:\/\/www.amejor.com\/index.php?option=com_content&amp;view=category&amp;id=1&amp;Itemid=45\" target=\"_blank\" rel=\"noopener\"><img decoding=\"async\" loading=\"lazy\" src=\"https:\/\/lh5.googleusercontent.com\/-Mwx1OSm_mFA\/T-SVKlYupZI\/AAAAAAAAA4s\/SdYhJlycSIQ\/s193\/clic%2520aqui.png\" width=\"50\" height=\"50\" border=\"0\" \/><\/a><\/td>\n<\/tr>\n<tr>\n<td style=\"border: 1px solid #0099ff;\">\u00a0<strong>Winplot<img decoding=\"async\" loading=\"lazy\" src=\"https:\/\/lh4.googleusercontent.com\/-a8gUKAsPjN8\/T_2l4kNYYpI\/AAAAAAAABBc\/m6I_Rn7KDZ8\/s402\/winplot.jpg\" width=\"72\" height=\"43\" border=\"0\" \/><\/strong><\/td>\n<td style=\"border: 1px solid #0099ff; text-align: justify;\">\u00a0Winplot es un generador de funciones gr\u00e1ficas especialmente dise\u00f1ado para el estudio visual de una serie de ecuaciones matem\u00e1ticas. Hay que descargarlo; hay <a href=\"http:\/\/math.exeter.edu\/rparris\/peanut\/wpsp32z.exe\">versi\u00f3n en espa\u00f1ol<\/a>\u00a0(link al ejecutable)<\/td>\n<td style=\"border: 1px solid #0099ff;\">\u00a0<a href=\"http:\/\/math.exeter.edu\/rparris\/winplot.html\"><img decoding=\"async\" loading=\"lazy\" src=\"https:\/\/lh5.googleusercontent.com\/-Mwx1OSm_mFA\/T-SVKlYupZI\/AAAAAAAAA4s\/SdYhJlycSIQ\/s193\/clic%2520aqui.png\" width=\"50\" height=\"50\" border=\"0\" \/><\/a><\/td>\n<\/tr>\n<tr>\n<td style=\"border: 1px solid #0099ff;\"><\/td>\n<td style=\"border: 1px solid #0099ff;\"><\/td>\n<td style=\"border: 1px solid #0099ff;\"><\/td>\n<\/tr>\n<tr>\n<td style=\"border: 1px solid #0099ff;\"><\/td>\n<td style=\"border: 1px solid #0099ff;\"><\/td>\n<td style=\"border: 1px solid #0099ff;\"><\/td>\n<\/tr>\n<\/tbody>\n<\/table>\n","protected":false},"excerpt":{"rendered":"<p>Nombre Descripci\u00f3n \u00a0Acceso Recursos matem\u00e1ticos \u00a0 \u00a0 \u00a0 \u00a0 \u00a0 \u00a0Videos varios \u00a0Matem\u00e1ticas \u00a0\u00a0Recursos, programas, did\u00e1cticas, juegos, notas, y todo lo que tenga relaci\u00f3n con el mundo matem\u00e1tico \u00a0 lasmatematicas.es Proyecto de Juan Medina Molina (@juanmemol), profesor de Matem\u00e1tica Aplicada y Estad\u00edstica en la Escuela T\u00e9cnica Superior de Ingenier\u00eda Industrial de la Universidad Polit\u00e9cnica de &#8230; <a title=\"Secundaria &#8211;  Matem\u00e1tica\" class=\"read-more\" href=\"https:\/\/isfd107-bue.infd.edu.ar\/sitio\/secundaria-matematica\/\" aria-label=\"More on Secundaria &#8211;  Matem\u00e1tica\">[+]<\/a><\/p>\n","protected":false},"author":1454,"featured_media":0,"parent":0,"menu_order":0,"comment_status":"closed","ping_status":"closed","template":"","meta":[],"acf":[],"_links":{"self":[{"href":"https:\/\/isfd107-bue.infd.edu.ar\/sitio\/wp-json\/wp\/v2\/pages\/1406"}],"collection":[{"href":"https:\/\/isfd107-bue.infd.edu.ar\/sitio\/wp-json\/wp\/v2\/pages"}],"about":[{"href":"https:\/\/isfd107-bue.infd.edu.ar\/sitio\/wp-json\/wp\/v2\/types\/page"}],"author":[{"embeddable":true,"href":"https:\/\/isfd107-bue.infd.edu.ar\/sitio\/wp-json\/wp\/v2\/users\/1454"}],"replies":[{"embeddable":true,"href":"https:\/\/isfd107-bue.infd.edu.ar\/sitio\/wp-json\/wp\/v2\/comments?post=1406"}],"version-history":[{"count":3,"href":"https:\/\/isfd107-bue.infd.edu.ar\/sitio\/wp-json\/wp\/v2\/pages\/1406\/revisions"}],"predecessor-version":[{"id":1651,"href":"https:\/\/isfd107-bue.infd.edu.ar\/sitio\/wp-json\/wp\/v2\/pages\/1406\/revisions\/1651"}],"wp:attachment":[{"href":"https:\/\/isfd107-bue.infd.edu.ar\/sitio\/wp-json\/wp\/v2\/media?parent=1406"}],"curies":[{"name":"wp","href":"https:\/\/api.w.org\/{rel}","templated":true}]}}