{"id":1402,"date":"2018-08-29T18:58:33","date_gmt":"2018-08-29T21:58:33","guid":{"rendered":"https:\/\/isfd107-bue.infd.edu.ar\/sitio\/secundaria-pract-lenguaje\/"},"modified":"2018-11-13T22:52:38","modified_gmt":"2018-11-14T01:52:38","slug":"secundaria-pract-lenguaje","status":"publish","type":"page","link":"https:\/\/isfd107-bue.infd.edu.ar\/sitio\/secundaria-pract-lenguaje\/","title":{"rendered":"Secundaria &#8211;  Pr\u00e1ct. lenguaje"},"content":{"rendered":"<p style=\"text-align: center;\"><img decoding=\"async\" loading=\"lazy\" class=\"\" src=\"https:\/\/s.nimbusweb.me\/attachment\/2267818\/tig61wg5umnyttylqh2l\/qmbZ7FEF9gYyUExO\/screenshot-static.wixstatic.com-2018.11.13-22-37-37.png\" width=\"342\" height=\"233\" \/><\/p>\n<table border=\"0\">\n<tbody>\n<tr>\n<td style=\"border: 1px solid #0066ff; text-align: center;\"><strong>Nombre<\/strong><\/td>\n<td style=\"border: 1px solid #0066ff; text-align: center;\"><strong>Descripci\u00f3n<\/strong><\/td>\n<td style=\"border: 1px solid #0066ff; text-align: center;\">\u00a0<strong>Acceso<\/strong><\/td>\n<\/tr>\n<tr>\n<td style=\"border: 1px solid #0066ff;\">\u00a0<strong>Popubooks<\/strong><\/td>\n<td style=\"border: 1px solid #0066ff;\">\u00a0\u2018Red social\u2019 para \u00a0aficionados a la literatura que permite escribir libros e historias de forma colaborativa y democr\u00e1tica.<\/td>\n<td style=\"border: 1px solid #0066ff;\">\u00a0<a href=\"http:\/\/www.popubooks.es\"><img decoding=\"async\" loading=\"lazy\" class=\"alignnone\" src=\"https:\/\/lh5.googleusercontent.com\/-Mwx1OSm_mFA\/T-SVKlYupZI\/AAAAAAAAA4s\/SdYhJlycSIQ\/s193\/clic%2520aqui.png\" alt=\"\" width=\"50\" height=\"50\" border=\"0\" \/><\/a><\/td>\n<\/tr>\n<tr>\n<td style=\"border: 1px solid #0066ff;\">\u00a0<strong>Escritura colaborativa<\/strong><\/td>\n<td style=\"border: 1px solid #0066ff; text-align: justify;\">Portal web de escritura colaborativa con dos propuestas.<\/p>\n<p>Portal con webs para trabajar escritura colaborativa<\/td>\n<td style=\"border: 1px solid #0066ff;\">\u00a0<a href=\"http:\/\/www.aprendercolaborando.com\/escritura-colaborativa\/\"><img decoding=\"async\" loading=\"lazy\" class=\"alignnone\" src=\"https:\/\/lh5.googleusercontent.com\/-Mwx1OSm_mFA\/T-SVKlYupZI\/AAAAAAAAA4s\/SdYhJlycSIQ\/s193\/clic%2520aqui.png\" alt=\"\" width=\"50\" height=\"50\" border=\"0\" \/><\/a><\/p>\n<p><a href=\"https:\/\/hipertextual.com\/2016\/12\/herramentas-online-escritura-colaborativa\"><img decoding=\"async\" loading=\"lazy\" class=\"alignnone\" src=\"https:\/\/lh5.googleusercontent.com\/-Mwx1OSm_mFA\/T-SVKlYupZI\/AAAAAAAAA4s\/SdYhJlycSIQ\/s193\/clic%2520aqui.png\" alt=\"\" width=\"50\" height=\"50\" border=\"0\" \/><\/a><\/td>\n<\/tr>\n<tr>\n<td style=\"border: 1px solid #0066ff;\"><strong>\u00a0Recursos de comprensi\u00f3n lectora<\/strong><\/td>\n<td style=\"border: 1px solid #0066ff;\">\u00a0(Debajo de los materiales de Primaria e Infantil)<\/td>\n<td style=\"border: 1px solid #0066ff;\">\u00a0<a href=\"http:\/\/cuadernodejorgepedrosa2.blogspot.com.ar\/2011\/10\/recursos-de-comprension-lectora-para.html\"><img decoding=\"async\" loading=\"lazy\" src=\"https:\/\/lh5.googleusercontent.com\/-Mwx1OSm_mFA\/T-SVKlYupZI\/AAAAAAAAA4s\/SdYhJlycSIQ\/s193\/clic%2520aqui.png\" width=\"50\" height=\"50\" border=\"0\" \/><\/a><\/td>\n<\/tr>\n<tr>\n<td style=\"border: 1px solid #0066ff;\">\u00a0<strong>Estrategias de comprensi\u00f3n de lectura mediadas por TIC en primaria<\/strong><\/td>\n<td style=\"border: 1px solid #0066ff;\">\u00a0Ponencia- Virtual Educa- 2011<\/td>\n<td style=\"border: 1px solid #0066ff;\">\u00a0<a href=\"http:\/\/www.virtualeduca.info\/ponencias2011\/127\/Articulo%20VirtualEduca%20final%202.doc\"><img decoding=\"async\" loading=\"lazy\" class=\"alignnone\" src=\"https:\/\/lh5.googleusercontent.com\/-Mwx1OSm_mFA\/T-SVKlYupZI\/AAAAAAAAA4s\/SdYhJlycSIQ\/s193\/clic%2520aqui.png\" alt=\"\" width=\"50\" height=\"50\" border=\"0\" \/><\/a><\/td>\n<\/tr>\n<tr>\n<td style=\"border: 1px solid #0066ff;\">\u00a0<strong>TIC y comprensi\u00f3n lectora \u00a0(documento)<\/strong><\/td>\n<td style=\"border: 1px solid #0066ff;\">\u00a0La creatividad, el trabajo colaborativo, el pensamiento cr\u00edtico y la argumentaci\u00f3n, pueden desarrollarse en clases con m\u00e1s facilidad si el profesor se apoya en la tecnolog\u00eda. Pero es necesario precisar algunos malentendidos en el uso de los nuevos recursos digitales (Chile)<\/td>\n<td style=\"border: 1px solid #0066ff;\">\u00a0<a href=\"http:\/\/www.educarchile.cl\/Portal.Base\/Web\/VerContenido.aspx?ID=195312\"><img decoding=\"async\" loading=\"lazy\" src=\"https:\/\/lh5.googleusercontent.com\/-Mwx1OSm_mFA\/T-SVKlYupZI\/AAAAAAAAA4s\/SdYhJlycSIQ\/s193\/clic%2520aqui.png\" width=\"50\" height=\"50\" border=\"0\" \/><\/a><\/td>\n<\/tr>\n<tr>\n<td style=\"border: 1px solid #0066ff;\">\u00a0<strong>La importancia de formular buenas preguntas<\/strong><\/td>\n<td style=\"border: 1px solid #0066ff; text-align: justify;\">\u00a0Aprender a formular buenas preguntas es todo un proceso y los primeros que deben recorrer ese camino son los docentes. As\u00ed estar\u00e1n mejor preparados para guiar a sus estudiantes en su propio proceso de aprender a formularlas.<\/td>\n<td style=\"border: 1px solid #0066ff; text-align: center;\">\u00a0<a href=\"http:\/\/www.eduteka.org\/FormularPreguntas.php\" target=\"_blank\" rel=\"noopener\"><img decoding=\"async\" loading=\"lazy\" src=\"https:\/\/lh5.googleusercontent.com\/-Mwx1OSm_mFA\/T-SVKlYupZI\/AAAAAAAAA4s\/SdYhJlycSIQ\/s193\/clic%2520aqui.png\" width=\"50\" height=\"50\" border=\"0\" \/><\/a><\/td>\n<\/tr>\n<tr>\n<td style=\"border: 1px solid #0066ff;\">\u00a0<strong>Del \u00abRadiocassette\u00bb a las TIC: Ideas para trabajar la comprensi\u00f3n oral<\/strong><\/td>\n<td style=\"border: 1px solid #0066ff; text-align: justify;\">\u00a0Habitualmente, las exposiciones orales del profesorado constitu\u00edan el \u00fanico modelo y la mayor fuente de<em>input<\/em>\u00a0de lengua oral en las aulas. Internet ha venido a modificar radicalmente esta situaci\u00f3n y a sustituir al sufrido casette. \u00a0Ahora con un ordenador, un ca\u00f1\u00f3n y una conexi\u00f3n a Internet tenemos acceso a un enorme mundo de posibilidades.<\/td>\n<td style=\"border: 1px solid #0066ff;\">\u00a0<a href=\"http:\/\/www.educacontic.es\/blog\/del-radiocassette-las-tic-ideas-para-trabajar-la-comprension-oral\" target=\"_blank\" rel=\"noopener\"><img decoding=\"async\" loading=\"lazy\" src=\"https:\/\/lh5.googleusercontent.com\/-Mwx1OSm_mFA\/T-SVKlYupZI\/AAAAAAAAA4s\/SdYhJlycSIQ\/s193\/clic%2520aqui.png\" width=\"50\" height=\"50\" border=\"0\" \/><\/a><\/td>\n<\/tr>\n<tr>\n<td style=\"border: 1px solid #0066ff;\"><\/td>\n<td style=\"border: 1px solid #0066ff;\"><\/td>\n<td style=\"border: 1px solid #0066ff;\"><\/td>\n<\/tr>\n<tr>\n<td style=\"border: 1px solid #0066ff;\"><\/td>\n<td style=\"border: 1px solid #0066ff;\"><\/td>\n<td style=\"border: 1px solid #0066ff;\"><\/td>\n<\/tr>\n<tr>\n<td style=\"border: 1px solid #0066ff;\"><\/td>\n<td style=\"border: 1px solid #0066ff;\"><\/td>\n<td style=\"border: 1px solid #0066ff;\"><\/td>\n<\/tr>\n<tr>\n<td style=\"border: 1px solid #0066ff;\"><\/td>\n<td style=\"border: 1px solid #0066ff;\"><\/td>\n<td style=\"border: 1px solid #0066ff;\"><\/td>\n<\/tr>\n<tr>\n<td style=\"border: 1px solid #0066ff;\"><\/td>\n<td style=\"border: 1px solid #0066ff;\"><\/td>\n<td style=\"border: 1px solid #0066ff;\"><\/td>\n<\/tr>\n<tr>\n<td style=\"border: 1px solid #0066ff;\"><\/td>\n<td style=\"border: 1px solid #0066ff;\"><\/td>\n<td style=\"border: 1px solid #0066ff;\"><\/td>\n<\/tr>\n<tr>\n<td style=\"border: 1px solid #0066ff;\"><\/td>\n<td style=\"border: 1px solid #0066ff;\"><\/td>\n<td style=\"border: 1px solid #0066ff;\"><\/td>\n<\/tr>\n<tr>\n<td style=\"border: 1px solid #0066ff;\"><\/td>\n<td style=\"border: 1px solid #0066ff;\"><\/td>\n<td style=\"border: 1px solid #0066ff;\"><\/td>\n<\/tr>\n<tr>\n<td style=\"border: 1px solid #0066ff;\"><\/td>\n<td style=\"border: 1px solid #0066ff;\"><\/td>\n<td style=\"border: 1px solid #0066ff;\"><\/td>\n<\/tr>\n<tr>\n<td style=\"border: 1px solid #0066ff;\"><\/td>\n<td style=\"border: 1px solid #0066ff;\"><\/td>\n<td style=\"border: 1px solid #0066ff;\"><\/td>\n<\/tr>\n<tr>\n<td style=\"border: 1px solid #0066ff;\"><\/td>\n<td style=\"border: 1px solid #0066ff;\"><\/td>\n<td style=\"border: 1px solid #0066ff;\"><\/td>\n<\/tr>\n<tr>\n<td style=\"border: 1px solid #0066ff;\"><\/td>\n<td style=\"border: 1px solid #0066ff;\"><\/td>\n<td style=\"border: 1px solid #0066ff;\"><\/td>\n<\/tr>\n<tr>\n<td style=\"border: 1px solid #0066ff;\"><\/td>\n<td style=\"border: 1px solid #0066ff;\"><\/td>\n<td style=\"border: 1px solid #0066ff;\"><\/td>\n<\/tr>\n<\/tbody>\n<\/table>\n","protected":false},"excerpt":{"rendered":"<p>Nombre Descripci\u00f3n \u00a0Acceso \u00a0Popubooks \u00a0\u2018Red social\u2019 para \u00a0aficionados a la literatura que permite escribir libros e historias de forma colaborativa y democr\u00e1tica. \u00a0 \u00a0Escritura colaborativa Portal web de escritura colaborativa con dos propuestas. Portal con webs para trabajar escritura colaborativa \u00a0 \u00a0Recursos de comprensi\u00f3n lectora \u00a0(Debajo de los materiales de Primaria e Infantil) \u00a0 \u00a0Estrategias &#8230; <a title=\"Secundaria &#8211;  Pr\u00e1ct. lenguaje\" class=\"read-more\" href=\"https:\/\/isfd107-bue.infd.edu.ar\/sitio\/secundaria-pract-lenguaje\/\" aria-label=\"More on Secundaria &#8211;  Pr\u00e1ct. lenguaje\">[+]<\/a><\/p>\n","protected":false},"author":1454,"featured_media":0,"parent":0,"menu_order":0,"comment_status":"closed","ping_status":"closed","template":"","meta":[],"acf":[],"_links":{"self":[{"href":"https:\/\/isfd107-bue.infd.edu.ar\/sitio\/wp-json\/wp\/v2\/pages\/1402"}],"collection":[{"href":"https:\/\/isfd107-bue.infd.edu.ar\/sitio\/wp-json\/wp\/v2\/pages"}],"about":[{"href":"https:\/\/isfd107-bue.infd.edu.ar\/sitio\/wp-json\/wp\/v2\/types\/page"}],"author":[{"embeddable":true,"href":"https:\/\/isfd107-bue.infd.edu.ar\/sitio\/wp-json\/wp\/v2\/users\/1454"}],"replies":[{"embeddable":true,"href":"https:\/\/isfd107-bue.infd.edu.ar\/sitio\/wp-json\/wp\/v2\/comments?post=1402"}],"version-history":[{"count":5,"href":"https:\/\/isfd107-bue.infd.edu.ar\/sitio\/wp-json\/wp\/v2\/pages\/1402\/revisions"}],"predecessor-version":[{"id":1648,"href":"https:\/\/isfd107-bue.infd.edu.ar\/sitio\/wp-json\/wp\/v2\/pages\/1402\/revisions\/1648"}],"wp:attachment":[{"href":"https:\/\/isfd107-bue.infd.edu.ar\/sitio\/wp-json\/wp\/v2\/media?parent=1402"}],"curies":[{"name":"wp","href":"https:\/\/api.w.org\/{rel}","templated":true}]}}