{"id":1390,"date":"2018-08-29T18:58:29","date_gmt":"2018-08-29T21:58:29","guid":{"rendered":"https:\/\/isfd107-bue.infd.edu.ar\/sitio\/primaria-pract-lenguaje\/"},"modified":"2018-11-13T22:17:06","modified_gmt":"2018-11-14T01:17:06","slug":"primaria-pract-lenguaje","status":"publish","type":"page","link":"https:\/\/isfd107-bue.infd.edu.ar\/sitio\/primaria-pract-lenguaje\/","title":{"rendered":"Primaria-  Pr\u00e1ct. lenguaje"},"content":{"rendered":"<table style=\"border-color: #0066ff; border-width: 0px;\" border=\"0\">\n<tbody>\n<tr>\n<td style=\"text-align: center; border: 1px solid #ffffff;\" colspan=\"3\"><strong><img decoding=\"async\" loading=\"lazy\" style=\"border: 0;\" src=\"https:\/\/lh6.googleusercontent.com\/-Q_9x7jJ1aBM\/T-YeR3uQmOI\/AAAAAAAAA-Y\/lsDDdxMQh-w\/s640\/Dibujo.PNG\" width=\"540\" height=\"248\" border=\"0\" \/><\/strong><\/td>\n<\/tr>\n<tr>\n<td style=\"border: 1px solid #0066ff; text-align: center;\"><strong>Nombre<\/strong><\/td>\n<td style=\"border: 1px solid #0066ff; text-align: center;\">\u00a0<strong>Descripci\u00f3n<\/strong><\/td>\n<td style=\"border: 1px solid #0066ff; text-align: center;\"><strong>Acceso<\/strong><\/td>\n<\/tr>\n<tr>\n<td style=\"border: 1px solid #0066ff; text-align: left;\"><strong>Dioses mitol\u00f3gicos\u00a0<\/strong><\/td>\n<td style=\"border: 1px solid #0066ff; text-align: justify;\">Muestra los nombres de los dioses griegos y romanos y su historia<\/td>\n<td style=\"border: 1px solid #0066ff;\"><a style=\"outline-width: 0px !important; user-select: auto !important;\" href=\"http:\/\/www.medellin.edu.co\/sites\/Educativo\/infancia\/interna\/Paginas\/ED8_AP_Diosesmitologicos.aspx\"><img decoding=\"async\" loading=\"lazy\" src=\"https:\/\/lh5.googleusercontent.com\/-Mwx1OSm_mFA\/T-SVKlYupZI\/AAAAAAAAA4s\/SdYhJlycSIQ\/s193\/clic%2520aqui.png\" width=\"50\" height=\"50\" border=\"0\" \/><\/a><\/td>\n<\/tr>\n<tr>\n<td style=\"border: 1px solid #0066ff; text-align: left;\"><strong>Pancho y su m\u00e1quina de hacer cuentos\u00a0<\/strong><\/td>\n<td style=\"border: 1px solid #0066ff; text-align: justify;\">Pancho y su m\u00e1quina de hacer cuentos [Multimedia interactiva] Per\u00fa: Ministerio de Educaci\u00f3n del Per\u00fa.<\/td>\n<td style=\"border: 1px solid #0066ff;\">\u00a0<a href=\"http:\/\/www.medellin.edu.co\/sites\/Educativo\/infancia\/interna\/Paginas\/ED18_IN_Pancho.aspx\"><img decoding=\"async\" loading=\"lazy\" src=\"https:\/\/lh5.googleusercontent.com\/-Mwx1OSm_mFA\/T-SVKlYupZI\/AAAAAAAAA4s\/SdYhJlycSIQ\/s193\/clic%2520aqui.png\" width=\"50\" height=\"50\" border=\"0\" \/><\/a><\/td>\n<\/tr>\n<tr>\n<td style=\"border: 1px solid #0066ff;\"><strong><strong>Recursos de comprensi\u00f3n lectora<\/strong><\/strong><\/td>\n<td style=\"border: 1px solid #0066ff; text-align: justify;\">Muchos materiales variados<\/td>\n<td style=\"border: 1px solid #0066ff;\"><a href=\"http:\/\/cuadernodejorgepedrosa2.blogspot.com.ar\/2011\/10\/recursos-de-comprension-lectora-para.html\"><img decoding=\"async\" loading=\"lazy\" src=\"https:\/\/lh5.googleusercontent.com\/-Mwx1OSm_mFA\/T-SVKlYupZI\/AAAAAAAAA4s\/SdYhJlycSIQ\/s193\/clic%2520aqui.png\" width=\"50\" height=\"50\" border=\"0\" \/><\/a><\/td>\n<\/tr>\n<tr>\n<td style=\"border: 1px solid #0066ff;\"><strong><strong><strong><strong><strong><strong><strong><strong>Actividades TIC de comprensi\u00f3n lectora\u00a0\u00a0<\/strong><\/strong><\/strong><\/strong><\/strong><\/strong><\/strong><\/strong><\/td>\n<td style=\"border: 1px solid #0066ff; text-align: justify;\">Fichas de lectura y actividades<\/td>\n<td style=\"border: 1px solid #0066ff;\"><a href=\"http:\/\/recursosdocentes.cl\/lenguaje-comprension-lectora-3?-y-4?-basico\/\"><img decoding=\"async\" loading=\"lazy\" src=\"https:\/\/lh5.googleusercontent.com\/-Mwx1OSm_mFA\/T-SVKlYupZI\/AAAAAAAAA4s\/SdYhJlycSIQ\/s193\/clic%2520aqui.png\" width=\"50\" height=\"50\" border=\"0\" \/><\/a><\/td>\n<\/tr>\n<tr>\n<td style=\"border: 1px solid #0066ff;\"><strong>Juegos y actividades \u00a0<\/strong><\/td>\n<td style=\"border: 1px solid #0066ff; text-align: justify;\">\u00a0Juegos y actividades sobre comprensi\u00f3n lectora y lectoescritura<\/td>\n<td style=\"border: 1px solid #0066ff;\">\u00a0<a href=\"http:\/\/cuadernodejorgepedrosa2.blogspot.com.ar\/2011\/01\/juegos-y-actividades-sobre-comprension.html\"><img decoding=\"async\" loading=\"lazy\" src=\"https:\/\/lh5.googleusercontent.com\/-Mwx1OSm_mFA\/T-SVKlYupZI\/AAAAAAAAA4s\/SdYhJlycSIQ\/s193\/clic%2520aqui.png\" width=\"50\" height=\"50\" border=\"0\" \/><\/a><\/td>\n<\/tr>\n<tr>\n<td style=\"border: 1px solid #0066ff;\"><strong>Radiotekita- Radioteca<\/strong><\/td>\n<td style=\"border: 1px solid #0066ff; text-align: justify;\">\u00a0Dedicada al audio ,posee mas de 12000,para escuchar o descargar, clasificados por categor\u00eda, y cientos de cuentos para ni\u00f1os Sic.:\u00bb Categor\u00edas DERECHOS HUMANOS (1780) G\u00c9NERO Y SEXUALIDAD (2416) MEDIO AMBIENTE (1886) SALUD (860) CULTURA (3994) CIENCIA (204) POL\u00cdTICA Y SOCIEDAD (731) ECONOM\u00cdA (374) GUERRA Y PAZ (460) COMUNICACI\u00d3N (1151) VALORES (851) PERSONAJES (789<\/td>\n<td style=\"border: 1px solid #0066ff;\">\u00a0<a href=\"http:\/\/www.radioteca.net\/rtk_audios.php?id=12\" target=\"_blank\" rel=\"noopener\"><img decoding=\"async\" loading=\"lazy\" src=\"https:\/\/lh5.googleusercontent.com\/-Mwx1OSm_mFA\/T-SVKlYupZI\/AAAAAAAAA4s\/SdYhJlycSIQ\/s193\/clic%2520aqui.png\" width=\"50\" height=\"50\" border=\"0\" \/><\/a><\/td>\n<\/tr>\n<tr>\n<td style=\"border: 1px solid #0066ff;\"><\/td>\n<td style=\"border: 1px solid #0066ff; text-align: justify;\"><\/td>\n<td style=\"border: 1px solid #0066ff;\"><\/td>\n<\/tr>\n<tr>\n<td style=\"border: 1px solid #0066ff;\"><\/td>\n<td style=\"border: 1px solid #0066ff; text-align: justify;\"><\/td>\n<td style=\"border: 1px solid #0066ff;\"><\/td>\n<\/tr>\n<\/tbody>\n<\/table>\n","protected":false},"excerpt":{"rendered":"<p>Nombre \u00a0Descripci\u00f3n Acceso Dioses mitol\u00f3gicos\u00a0 Muestra los nombres de los dioses griegos y romanos y su historia Pancho y su m\u00e1quina de hacer cuentos\u00a0 Pancho y su m\u00e1quina de hacer cuentos [Multimedia interactiva] Per\u00fa: Ministerio de Educaci\u00f3n del Per\u00fa. \u00a0 Recursos de comprensi\u00f3n lectora Muchos materiales variados Actividades TIC de comprensi\u00f3n lectora\u00a0\u00a0 Fichas de lectura &#8230; <a title=\"Primaria-  Pr\u00e1ct. lenguaje\" class=\"read-more\" href=\"https:\/\/isfd107-bue.infd.edu.ar\/sitio\/primaria-pract-lenguaje\/\" aria-label=\"More on Primaria-  Pr\u00e1ct. lenguaje\">[+]<\/a><\/p>\n","protected":false},"author":1454,"featured_media":0,"parent":0,"menu_order":0,"comment_status":"closed","ping_status":"closed","template":"","meta":[],"acf":[],"_links":{"self":[{"href":"https:\/\/isfd107-bue.infd.edu.ar\/sitio\/wp-json\/wp\/v2\/pages\/1390"}],"collection":[{"href":"https:\/\/isfd107-bue.infd.edu.ar\/sitio\/wp-json\/wp\/v2\/pages"}],"about":[{"href":"https:\/\/isfd107-bue.infd.edu.ar\/sitio\/wp-json\/wp\/v2\/types\/page"}],"author":[{"embeddable":true,"href":"https:\/\/isfd107-bue.infd.edu.ar\/sitio\/wp-json\/wp\/v2\/users\/1454"}],"replies":[{"embeddable":true,"href":"https:\/\/isfd107-bue.infd.edu.ar\/sitio\/wp-json\/wp\/v2\/comments?post=1390"}],"version-history":[{"count":8,"href":"https:\/\/isfd107-bue.infd.edu.ar\/sitio\/wp-json\/wp\/v2\/pages\/1390\/revisions"}],"predecessor-version":[{"id":1635,"href":"https:\/\/isfd107-bue.infd.edu.ar\/sitio\/wp-json\/wp\/v2\/pages\/1390\/revisions\/1635"}],"wp:attachment":[{"href":"https:\/\/isfd107-bue.infd.edu.ar\/sitio\/wp-json\/wp\/v2\/media?parent=1390"}],"curies":[{"name":"wp","href":"https:\/\/api.w.org\/{rel}","templated":true}]}}