{"id":1375,"date":"2018-08-29T18:58:23","date_gmt":"2018-08-29T21:58:23","guid":{"rendered":"https:\/\/isfd107-bue.infd.edu.ar\/sitio\/plan-de-carrera\/"},"modified":"2024-04-13T12:38:50","modified_gmt":"2024-04-13T15:38:50","slug":"plan-de-carrera","status":"publish","type":"page","link":"https:\/\/isfd107-bue.infd.edu.ar\/sitio\/plan-de-carrera\/","title":{"rendered":"Plan de carrera"},"content":{"rendered":"\n<p class=\"has-text-align-center\"><strong>PROFESORADO DE EDUCACI\u00d3N ESPECIAL<\/strong><\/p>\n\n\n\n<p><strong>(1)&nbsp;<\/strong> <strong>Orientaci\u00f3n en <mark>Ciegos y disminuidos visuales<\/mark><\/strong><\/p>\n\n\n\n<p><strong>Espacios curriculares por a\u00f1o&nbsp;<img decoding=\"async\" loading=\"lazy\" class=\"alignnone size-medium wp-image-4564\" src=\"https:\/\/isfd107-bue.infd.edu.ar\/sitio\/wp-content\/uploads\/2023\/12\/PLAN-CARRERA-Orientacion-Ciegos-1-1000x620.jpg\" alt=\"\" width=\"1000\" height=\"620\" srcset=\"https:\/\/isfd107-bue.infd.edu.ar\/sitio\/wp-content\/uploads\/2023\/12\/PLAN-CARRERA-Orientacion-Ciegos-1-1000x620.jpg 1000w, https:\/\/isfd107-bue.infd.edu.ar\/sitio\/wp-content\/uploads\/2023\/12\/PLAN-CARRERA-Orientacion-Ciegos-1-768x476.jpg 768w, https:\/\/isfd107-bue.infd.edu.ar\/sitio\/wp-content\/uploads\/2023\/12\/PLAN-CARRERA-Orientacion-Ciegos-1.jpg 1505w\" sizes=\"(max-width: 1000px) 100vw, 1000px\" \/><\/strong><\/p>\n\n\n\n<p class=\"has-text-align-center\"><strong>ORIENTACI\u00d3N : <mark>DISCAPACIDAD INTELECTUAL<\/mark><\/strong><\/p>\n\n\n<div class=\"wp-block-image\">\n<figure class=\"aligncenter size-full\"><img decoding=\"async\" loading=\"lazy\" width=\"613\" height=\"627\" src=\"https:\/\/isfd107-bue.infd.edu.ar\/sitio\/wp-content\/uploads\/2024\/04\/PLAN-DE-CARRERA-PEE-1-1.png\" alt=\"\" class=\"wp-image-4874\"\/><\/figure><\/div>\n\n\n<p><\/p>\n\n\n\n<p class=\"has-text-align-center\"><span style=\"color: #0000ff;\"><strong>NUEVAS CORRELATIVIDADES (vigencia desde 2024)<\/strong><\/span><\/p>\n\n\n\n<p>\u27bd\u27bd<strong><a href=\"https:\/\/drive.google.com\/file\/d\/1S06ixQ1_plX0cQUhuEbWSMM0R9lCbf0Q\/view?usp=sharing\">Normativa<\/a><\/strong><\/p>\n\n\n\n<p class=\"has-text-align-center\"><iframe loading=\"lazy\" src=\"https:\/\/drive.google.com\/file\/d\/1jSYJwwW8NDsfZ74BxRRPrFsVr_HrNgOf\/preview\" width=\"640\" height=\"480\"><\/iframe><\/p>\n\n\n\n<figure class=\"wp-block-image\"><img alt=\"\"\/><\/figure>\n\n\n\n<figure class=\"wp-block-image\"><img alt=\"\"\/><\/figure>\n\n\n\n<figure class=\"wp-block-gallery has-nested-images columns-default is-cropped wp-block-gallery-1 is-layout-flex\"><\/figure>\n\n\n\n<figure class=\"wp-block-image\"><img alt=\"\"\/><\/figure>\n","protected":false},"excerpt":{"rendered":"<p>PROFESORADO DE EDUCACI\u00d3N ESPECIAL (1)&nbsp; Orientaci\u00f3n en Ciegos y disminuidos visuales Espacios curriculares por a\u00f1o&nbsp; ORIENTACI\u00d3N : DISCAPACIDAD INTELECTUAL NUEVAS CORRELATIVIDADES (vigencia desde 2024) \u27bd\u27bdNormativa<\/p>\n","protected":false},"author":1454,"featured_media":0,"parent":0,"menu_order":0,"comment_status":"closed","ping_status":"closed","template":"","meta":[],"acf":[],"_links":{"self":[{"href":"https:\/\/isfd107-bue.infd.edu.ar\/sitio\/wp-json\/wp\/v2\/pages\/1375"}],"collection":[{"href":"https:\/\/isfd107-bue.infd.edu.ar\/sitio\/wp-json\/wp\/v2\/pages"}],"about":[{"href":"https:\/\/isfd107-bue.infd.edu.ar\/sitio\/wp-json\/wp\/v2\/types\/page"}],"author":[{"embeddable":true,"href":"https:\/\/isfd107-bue.infd.edu.ar\/sitio\/wp-json\/wp\/v2\/users\/1454"}],"replies":[{"embeddable":true,"href":"https:\/\/isfd107-bue.infd.edu.ar\/sitio\/wp-json\/wp\/v2\/comments?post=1375"}],"version-history":[{"count":10,"href":"https:\/\/isfd107-bue.infd.edu.ar\/sitio\/wp-json\/wp\/v2\/pages\/1375\/revisions"}],"predecessor-version":[{"id":4875,"href":"https:\/\/isfd107-bue.infd.edu.ar\/sitio\/wp-json\/wp\/v2\/pages\/1375\/revisions\/4875"}],"wp:attachment":[{"href":"https:\/\/isfd107-bue.infd.edu.ar\/sitio\/wp-json\/wp\/v2\/media?parent=1375"}],"curies":[{"name":"wp","href":"https:\/\/api.w.org\/{rel}","templated":true}]}}