{"id":1356,"date":"2018-08-29T18:58:15","date_gmt":"2018-08-29T21:58:15","guid":{"rendered":"https:\/\/isfd107-bue.infd.edu.ar\/sitio\/biblioteca\/"},"modified":"2018-12-18T13:25:27","modified_gmt":"2018-12-18T16:25:27","slug":"biblioteca","status":"publish","type":"page","link":"https:\/\/isfd107-bue.infd.edu.ar\/sitio\/biblioteca\/","title":{"rendered":"Biblioteca"},"content":{"rendered":"<p><a href=\"https:\/\/drive.google.com\/open?id=0Bw--L-eEILkZZHNqeU9vX1pYQ0FES3lFcXM5dFN2RzBIcU1Z\">Comprobante de Libre de deuda de material bibliogr\u00e1fico<\/a><\/p>\n<table style=\"height: 112px; width: 532px;\" border=\"0\">\n<tbody>\n<tr>\n<td style=\"border: 1px solid #dc143c; text-align: center; background-color: #afeeee;\"><span style=\"font-size: 12pt;\"><strong>Horarios de sala de lectura y pr\u00e9stamos<br \/>\n<\/strong><\/span><\/td>\n<\/tr>\n<tr>\n<td>\n<p style=\"text-align: center;\">\n<p style=\"text-align: center;\"><iframe loading=\"lazy\" src=\"https:\/\/docs.google.com\/presentation\/d\/e\/2PACX-1vQwPF6yMN71K342klkr_hgkZKqw_9GCWLJ7JOIJ7yA3rYcNscxrIkq3TVhKY4zJ1M9U4qpbwWrkodfg\/embed?start=false&amp;loop=false&amp;delayms=3000&amp;wmode=transparent\" width=\"480\" height=\"389\" frameborder=\"0\" allowfullscreen=\"allowfullscreen\"><\/iframe><\/p>\n<p style=\"text-align: center;\">\n<p style=\"text-align: center;\">\n<p style=\"text-align: center;\"><span style=\"font-size: 10pt;\"><strong><em>Lunes a viernes: 9 a 20 hs <\/em><\/strong><\/span><\/p>\n<\/td>\n<\/tr>\n<tr>\n<td><\/td>\n<\/tr>\n<tr>\n<td><span style=\"font-size: 10pt;\"><strong>Ebooks diponibles:<\/strong><\/span><\/td>\n<\/tr>\n<tr>\n<td>\n<table style=\"text-align: left;\" border=\"1\" cellspacing=\"0\" cellpadding=\"0\">\n<tbody>\n<tr>\n<td>\n<address><span style=\"font-size: 8pt;\"><span style=\"font-family: verdana,geneva;\">An\u00f3nimo\u00a0\u00a0\u00a0\u00a0\u00a0\u00a0\u00a0\u00a0\u00a0\u00a0\u00a0\u00a0\u00a0\u00a0\u00a0\u00a0\u00a0\u00a0\u00a0\u00a0\u00a0\u00a0 <\/span><a title=\"upload\/anonimo__amadis_de_gaula_los_4_libros.zip\" href=\"upload\/anonimo__amadis_de_gaula_los_4_libros.zip\"><span style=\"font-family: verdana,geneva;\">Amad\u00eds de Gaula<\/span><\/a><\/span><\/address>\n<\/td>\n<td><span style=\"font-size: 8pt;\"><span style=\"font-family: verdana,geneva;\">\u00a0<\/span><a title=\"upload\/matematica_estas_ahi.pdf\" href=\"upload\/matematica_estas_ahi.pdf\"><span style=\"font-family: verdana,geneva;\"><em>Matem\u00e1tica, est\u00e1s ah\u00ed?<\/em><\/span><\/a><span style=\"font-family: verdana,geneva;\"><em> &#8211; Paenza<\/em><\/span><\/span><\/td>\n<\/tr>\n<tr>\n<td><span style=\"font-size: 8pt;\">Arist\u00f3fanes\u00a0\u00a0\u00a0\u00a0\u00a0\u00a0\u00a0\u00a0\u00a0\u00a0\u00a0\u00a0\u00a0 <a title=\"Aristofanes\" href=\"upload\/aristofanes_obras_completas.pdf\" target=\"_blank\" rel=\"noopener\">Obra completa<\/a><\/span><\/td>\n<td><\/td>\n<\/tr>\n<tr>\n<td>\n<address><span style=\"font-size: 8pt;\"><span style=\"font-family: verdana,geneva;\">Cervantes, Miguel\u00a0\u00a0 \u00a0\u00a0 \u00a0 \u00a0 \u00a0 <\/span><a title=\"upload\/libros_de_literatura__miguel_de_cervantes__obra_completa.zip\" href=\"upload\/libros_de_literatura__miguel_de_cervantes__obra_completa.zip\"><span style=\"font-family: verdana,geneva;\">Obra completa<\/span><\/a><\/span><\/address>\n<\/td>\n<td><span style=\"font-size: 8pt;\"><span style=\"font-family: verdana,geneva;\"><em>\u00a0<\/em><\/span><a title=\"upload\/secundaria1anio.pdf\" href=\"upload\/secundaria1anio.pdf\"><span style=\"font-family: verdana,geneva;\"><em>Dise\u00f1o secundaria primer a\u00f1o<\/em><\/span><\/a><\/span><\/td>\n<\/tr>\n<tr>\n<td valign=\"top\" width=\"288\">\n<address><span style=\"font-size: 8pt;\"><span style=\"font-family: verdana,geneva;\">Hern\u00e1ndez, Jos\u00e9 \u00a0\u00a0\u00a0\u00a0\u00a0\u00a0\u00a0\u00a0\u00a0 \u00a0 <\/span><a title=\"upload\/jose_hernandez_martin_fierro_ida_y_vuelta.pdf\" href=\"upload\/jose_hernandez_martin_fierro_ida_y_vuelta.pdf\"><span style=\"font-family: verdana,geneva;\">Mart\u00edn Fierro <\/span><\/a><\/span><\/address>\n<\/td>\n<td valign=\"top\" width=\"288\">\n<address><span style=\"font-size: 8pt;\"><a title=\"upload\/secundaria2anio.pdf\" href=\"upload\/secundaria2anio.pdf\"><span style=\"font-family: verdana,geneva;\">Dise\u00f1o secundaria segundo a\u00f1o<\/span><\/a><\/span><\/address>\n<\/td>\n<\/tr>\n<tr>\n<td><span style=\"font-size: 8pt;\">Ibsen Henrik \u00a0\u00a0\u00a0\u00a0\u00a0\u00a0\u00a0\u00a0\u00a0\u00a0\u00a0\u00a0<a title=\"Ibsen- Casa\" href=\"upload\/ibsen_henrik__casa_de_muniecas.pdf\" target=\"_blank\" rel=\"noopener\"> Casa de mu\u00f1ecas<\/a><\/span><\/td>\n<td>&nbsp;<\/p>\n<address><span style=\"font-size: 8pt;\"><span style=\"font-family: verdana,geneva;\"><a title=\"upload\/3ero_matematica.pdf\" href=\"upload\/3ero_matematica.pdf\">Dise\u00f1o de secundaria tercer a\u00f1o<br \/>\n<\/a><\/span><\/span><\/address>\n<\/td>\n<\/tr>\n<tr>\n<td valign=\"top\" width=\"288\">\n<address><span style=\"font-size: 8pt;\"><span style=\"font-family: verdana,geneva;\">Ovidio\u00a0\u00a0\u00a0\u00a0\u00a0\u00a0\u00a0\u00a0\u00a0\u00a0\u00a0\u00a0\u00a0\u00a0\u00a0\u00a0\u00a0\u00a0\u00a0\u00a0\u00a0\u00a0\u00a0 \u00a0 <\/span><a title=\"upload\/ovidio__las_metamorfosis.pdf\" href=\"upload\/ovidio__las_metamorfosis.pdf\"><span style=\"font-family: verdana,geneva;\">La metamorfosis<\/span><\/a><\/span><\/address>\n<\/td>\n<td valign=\"top\" width=\"288\">\n<address><span style=\"font-size: 8pt;\"><span style=\"font-family: verdana,geneva;\"><a title=\"Dise\u00f1o 4to\" href=\"upload\/4_matematica_superior.pdf\" target=\"_blank\" rel=\"noopener\">Dise\u00f1o de secundaria cuarto a\u00f1o<\/a><\/span><\/span><\/address>\n<\/td>\n<\/tr>\n<tr>\n<td valign=\"top\" width=\"288\">\n<address><span style=\"font-size: 8pt;\"><span style=\"font-family: verdana,geneva;\">Ovidio\u00a0\u00a0\u00a0\u00a0\u00a0\u00a0\u00a0\u00a0\u00a0\u00a0\u00a0\u00a0\u00a0\u00a0\u00a0\u00a0\u00a0\u00a0\u00a0\u00a0\u00a0\u00a0\u00a0\u00a0\u00a0<\/span><a title=\"upload\/ovidio__el_arte_de_amar.pdf\" href=\"upload\/ovidio__el_arte_de_amar.pdf\"><span style=\"font-family: verdana,geneva;\"> El arte de amar<\/span><\/a><br \/>\n<\/span><\/address>\n<\/td>\n<td valign=\"top\" width=\"288\">\n<address><span style=\"font-size: 8pt;\"><span style=\"font-family: verdana,geneva;\"><a title=\"Matem\u00e1tica est\u00e1s ah\u00ed 2\" href=\"upload\/mate_ep2.pdf\" target=\"_blank\" rel=\"noopener\">Matem\u00e1tica est\u00e1s ah\u00ed 2<\/a><\/span><\/span><\/address>\n<\/td>\n<\/tr>\n<tr>\n<td valign=\"top\" width=\"288\">\n<address><span style=\"font-size: 8pt;\"><span style=\"font-family: verdana,geneva;\">San Juan de la Cruz\u00a0\u00a0\u00a0\u00a0\u00a0\u00a0\u00a0\u00a0 <\/span><a title=\"upload\/san_juan_de_la_cruz_obras_completas.pdf\" href=\"upload\/san_juan_de_la_cruz_obras_completas.pdf\"><span style=\"font-family: verdana,geneva;\">Obra completa<\/span><\/a><br \/>\n<\/span><\/address>\n<\/td>\n<td valign=\"top\" width=\"288\">\n<address><span style=\"font-size: 8pt;\"><span style=\"font-family: verdana,geneva;\"><a title=\"Matem\u00e1tica est\u00e1s ah\u00ed 3\" href=\"upload\/libroe314.pdf\" target=\"_blank\" rel=\"noopener\">Matem\u00e1tica est\u00e1s ah\u00ed 3<\/a><\/span><\/span><\/address>\n<\/td>\n<\/tr>\n<tr>\n<td valign=\"top\" width=\"288\">\n<address><span style=\"font-size: 8pt;\"><span style=\"font-family: verdana,geneva;\">Shakespeare, William\u00a0\u00a0\u00a0 <a title=\"shakespeare obra completa\" href=\"upload\/obras_completas_de_shakespeare.zip\" target=\"_blank\" rel=\"noopener\">Obra completa<\/a><\/span><br \/>\n<\/span><\/address>\n<\/td>\n<td valign=\"top\" width=\"288\">\n<address><span style=\"font-size: 8pt;\"><span style=\"font-family: verdana,geneva;\"><a title=\"Matem\u00e1tica est\u00e1s ah\u00ed 4\" href=\"upload\/matemati4.pdf\" target=\"_blank\" rel=\"noopener\">Matem\u00e1tica est\u00e1s ah\u00ed 4<\/a><br \/>\n<\/span><\/span><\/address>\n<\/td>\n<\/tr>\n<tr>\n<td valign=\"top\" width=\"288\">\n<address><span style=\"font-size: 8pt;\"><span style=\"font-family: verdana,geneva;\">S\u00f3focles\u00a0\u00a0\u00a0\u00a0\u00a0\u00a0\u00a0\u00a0\u00a0\u00a0\u00a0\u00a0\u00a0 \u00a0 \u00a0\u00a0\u00a0\u00a0\u00a0\u00a0 <\/span><a title=\"upload\/tragedias_completas__sofocles.pdf\" href=\"upload\/tragedias_completas__sofocles.pdf\"><span style=\"font-family: verdana,geneva;\">Tragedias (todas)<\/span><\/a><br \/>\n<\/span><\/address>\n<\/td>\n<td valign=\"top\" width=\"288\">\n<address><span style=\"font-size: 8pt;\"><a title=\"Matem\u00e1tica divertida\" href=\"upload\/LIBRO_matematica_divertida.pdf\" target=\"_blank\" rel=\"noopener\">Matem\u00e1tica divetida<\/a><\/span><\/address>\n<\/td>\n<\/tr>\n<tr>\n<td valign=\"top\" width=\"288\">\n<address><span style=\"font-size: 8pt;\">Unamuno Miguel \u00a0\u00a0\u00a0\u00a0\u00a0\u00a0\u00a0\u00a0\u00a0\u00a0\u00a0\u00a0\u00a0\u00a0\u00a0<a title=\"Niebla\" href=\"upload\/Miguel_de_UnamunoNIEBLA.doc\" target=\"_blank\" rel=\"noopener\"> Niebla<\/a><\/span><\/address>\n<\/td>\n<td valign=\"top\" width=\"288\">\n<address><span style=\"font-size: 8pt;\"><a title=\"Acertijos\" href=\"upload\/gardner_martin__los_acertijos_de_sam_loid.pdf\" target=\"_blank\" rel=\"noopener\">Acertijos<\/a><\/span><\/address>\n<\/td>\n<\/tr>\n<tr>\n<td valign=\"top\" width=\"288\">\n<address><span style=\"font-size: 8pt;\">\u00a0<\/span><\/address>\n<\/td>\n<td valign=\"top\" width=\"288\">\n<address><span style=\"font-size: 8pt;\"><a title=\"Geometr\u00eda para segundo ciclo\" href=\"upload\/geometr%EDa_segundo_ciclo.pdf\" target=\"_blank\" rel=\"noopener\">Geometr\u00eda para el segundo ciclo<\/a><\/span><\/address>\n<\/td>\n<\/tr>\n<tr>\n<td valign=\"top\" width=\"288\">\n<address><span style=\"font-size: 8pt;\">\u00a0<\/span><\/address>\n<\/td>\n<td valign=\"top\" width=\"288\">\n<address><span style=\"font-size: 8pt;\">\u00a0<\/span><\/address>\n<\/td>\n<\/tr>\n<tr>\n<td valign=\"top\" width=\"288\">\n<address><span style=\"font-size: 8pt;\">\u00a0<\/span><\/address>\n<\/td>\n<td valign=\"top\" width=\"288\">\n<address><span style=\"font-size: 8pt;\">\u00a0<\/span><\/address>\n<\/td>\n<\/tr>\n<tr>\n<td valign=\"top\" width=\"288\">\n<address><span style=\"font-size: 8pt;\">\u00a0<\/span><\/address>\n<\/td>\n<td valign=\"top\" width=\"288\">\n<address><span style=\"font-size: 8pt;\">\u00a0<\/span><\/address>\n<\/td>\n<\/tr>\n<tr>\n<td valign=\"top\" width=\"288\">\n<address><span style=\"font-size: 8pt;\">\u00a0<\/span><\/address>\n<\/td>\n<td valign=\"top\" width=\"288\">\n<address><span style=\"font-size: 8pt;\">\u00a0<\/span><\/address>\n<\/td>\n<\/tr>\n<tr>\n<td valign=\"top\" width=\"288\">\n<address><span style=\"font-size: 8pt;\">\u00a0<\/span><\/address>\n<\/td>\n<td valign=\"top\" width=\"288\">\n<address><span style=\"font-size: 8pt;\">\u00a0<\/span><\/address>\n<\/td>\n<\/tr>\n<tr>\n<td valign=\"top\" width=\"288\">\n<address><span style=\"font-size: 8pt;\">\u00a0<\/span><\/address>\n<\/td>\n<td valign=\"top\" width=\"288\">\n<address><span style=\"font-size: 8pt;\">\u00a0<\/span><\/address>\n<\/td>\n<\/tr>\n<tr>\n<td valign=\"top\" width=\"288\">\n<address><span style=\"font-size: 8pt;\">\u00a0<\/span><\/address>\n<\/td>\n<td valign=\"top\" width=\"288\">\n<address><span style=\"font-size: 8pt;\">\u00a0<\/span><\/address>\n<\/td>\n<\/tr>\n<tr>\n<td valign=\"top\" width=\"288\">\n<address><span style=\"font-size: 8pt;\">\u00a0<\/span><\/address>\n<\/td>\n<td valign=\"top\" width=\"288\">\n<address><span style=\"font-size: 8pt;\">\u00a0<\/span><\/address>\n<\/td>\n<\/tr>\n<tr>\n<td valign=\"top\" width=\"288\"><\/td>\n<td valign=\"top\" width=\"288\"><\/td>\n<\/tr>\n<tr>\n<td valign=\"top\" width=\"288\"><\/td>\n<td valign=\"top\" width=\"288\"><\/td>\n<\/tr>\n<tr>\n<td valign=\"top\" width=\"288\"><\/td>\n<td valign=\"top\" width=\"288\"><\/td>\n<\/tr>\n<tr>\n<td valign=\"top\" width=\"288\"><\/td>\n<td valign=\"top\" width=\"288\"><\/td>\n<\/tr>\n<tr>\n<td valign=\"top\" width=\"288\"><\/td>\n<td valign=\"top\" width=\"288\"><\/td>\n<\/tr>\n<\/tbody>\n<\/table>\n<\/td>\n<\/tr>\n<\/tbody>\n<\/table>\n","protected":false},"excerpt":{"rendered":"<p>Comprobante de Libre de deuda de material bibliogr\u00e1fico Horarios de sala de lectura y pr\u00e9stamos Lunes a viernes: 9 a 20 hs Ebooks diponibles: An\u00f3nimo\u00a0\u00a0\u00a0\u00a0\u00a0\u00a0\u00a0\u00a0\u00a0\u00a0\u00a0\u00a0\u00a0\u00a0\u00a0\u00a0\u00a0\u00a0\u00a0\u00a0\u00a0\u00a0 Amad\u00eds de Gaula \u00a0Matem\u00e1tica, est\u00e1s ah\u00ed? &#8211; Paenza Arist\u00f3fanes\u00a0\u00a0\u00a0\u00a0\u00a0\u00a0\u00a0\u00a0\u00a0\u00a0\u00a0\u00a0\u00a0 Obra completa Cervantes, Miguel\u00a0\u00a0 \u00a0\u00a0 \u00a0 \u00a0 \u00a0 Obra completa \u00a0Dise\u00f1o secundaria primer a\u00f1o Hern\u00e1ndez, Jos\u00e9 \u00a0\u00a0\u00a0\u00a0\u00a0\u00a0\u00a0\u00a0\u00a0 \u00a0 Mart\u00edn Fierro Dise\u00f1o &#8230; <a title=\"Biblioteca\" class=\"read-more\" href=\"https:\/\/isfd107-bue.infd.edu.ar\/sitio\/biblioteca\/\" aria-label=\"More on Biblioteca\">[+]<\/a><\/p>\n","protected":false},"author":1454,"featured_media":0,"parent":0,"menu_order":0,"comment_status":"closed","ping_status":"closed","template":"","meta":[],"acf":[],"_links":{"self":[{"href":"https:\/\/isfd107-bue.infd.edu.ar\/sitio\/wp-json\/wp\/v2\/pages\/1356"}],"collection":[{"href":"https:\/\/isfd107-bue.infd.edu.ar\/sitio\/wp-json\/wp\/v2\/pages"}],"about":[{"href":"https:\/\/isfd107-bue.infd.edu.ar\/sitio\/wp-json\/wp\/v2\/types\/page"}],"author":[{"embeddable":true,"href":"https:\/\/isfd107-bue.infd.edu.ar\/sitio\/wp-json\/wp\/v2\/users\/1454"}],"replies":[{"embeddable":true,"href":"https:\/\/isfd107-bue.infd.edu.ar\/sitio\/wp-json\/wp\/v2\/comments?post=1356"}],"version-history":[{"count":2,"href":"https:\/\/isfd107-bue.infd.edu.ar\/sitio\/wp-json\/wp\/v2\/pages\/1356\/revisions"}],"predecessor-version":[{"id":1713,"href":"https:\/\/isfd107-bue.infd.edu.ar\/sitio\/wp-json\/wp\/v2\/pages\/1356\/revisions\/1713"}],"wp:attachment":[{"href":"https:\/\/isfd107-bue.infd.edu.ar\/sitio\/wp-json\/wp\/v2\/media?parent=1356"}],"curies":[{"name":"wp","href":"https:\/\/api.w.org\/{rel}","templated":true}]}}