{"id":1340,"date":"2018-08-29T18:58:09","date_gmt":"2018-08-29T21:58:09","guid":{"rendered":"https:\/\/isfd107-bue.infd.edu.ar\/sitio\/mas-sobre-nosotros\/"},"modified":"2025-01-21T20:51:35","modified_gmt":"2025-01-21T23:51:35","slug":"mas-sobre-nosotros","status":"publish","type":"page","link":"https:\/\/isfd107-bue.infd.edu.ar\/sitio\/mas-sobre-nosotros\/","title":{"rendered":"M\u00e1s sobre nosotros"},"content":{"rendered":"<blockquote>\n<blockquote style=\"text-align: justify;\">\n<table style=\"height: 40px;\" border=\"0\" width=\"436\">\n<tbody>\n<tr>\n<td colspan=\"2\"><span style=\"font-size: 10pt;\"><span style=\"font-family: verdana,geneva;\">El ISFD N\u00ba 107 forma parte de una Unidad Acad\u00e9mica (UA). Se denomina de ese modo a los centros educativos conformados por varios niveles de ense\u00f1anza que no s\u00f3lo comparten un espacio f\u00edsico sino- sobre todo- un Proyecto Educativo.<\/span><\/span><\/td>\n<\/tr>\n<tr>\n<td>\u00a0<img decoding=\"async\" loading=\"lazy\" title=\"entrada_interior\" src=\"https:\/\/isfd107-bue.infd.edu.ar\/sitio\/wp-content\/uploads\/2018\/08\/interior.jpg\" alt=\"entrada_interior\" width=\"267\" height=\"177\" border=\"0\" \/><\/td>\n<td>\u00a0<img decoding=\"async\" loading=\"lazy\" title=\"polimodal\" src=\"https:\/\/isfd107-bue.infd.edu.ar\/sitio\/wp-content\/uploads\/2018\/08\/alumnos_poli.jpg\" alt=\"polimodal\" width=\"283\" height=\"190\" border=\"0\" \/><\/td>\n<\/tr>\n<tr>\n<td>\u00a0<img decoding=\"async\" loading=\"lazy\" title=\"la biblioteca\" src=\"https:\/\/isfd107-bue.infd.edu.ar\/sitio\/wp-content\/uploads\/2018\/08\/biblioteca2.jpg\" alt=\"la biblioteca\" width=\"264\" height=\"209\" border=\"0\" \/><\/td>\n<td>\u00a0<img decoding=\"async\" loading=\"lazy\" title=\"pasillos\" src=\"https:\/\/isfd107-bue.infd.edu.ar\/sitio\/wp-content\/uploads\/2018\/08\/pasillos.jpg\" alt=\"pasillos\" width=\"279\" height=\"198\" border=\"0\" \/><\/td>\n<\/tr>\n<\/tbody>\n<\/table>\n<\/blockquote>\n<\/blockquote>\n","protected":false},"excerpt":{"rendered":"<p>El ISFD N\u00ba 107 forma parte de una Unidad Acad\u00e9mica (UA). Se denomina de ese modo a los centros educativos conformados por varios niveles de ense\u00f1anza que no s\u00f3lo comparten un espacio f\u00edsico sino- sobre todo- un Proyecto Educativo. \u00a0 \u00a0 \u00a0 \u00a0<\/p>\n","protected":false},"author":1454,"featured_media":0,"parent":0,"menu_order":0,"comment_status":"closed","ping_status":"closed","template":"","meta":[],"acf":[],"_links":{"self":[{"href":"https:\/\/isfd107-bue.infd.edu.ar\/sitio\/wp-json\/wp\/v2\/pages\/1340"}],"collection":[{"href":"https:\/\/isfd107-bue.infd.edu.ar\/sitio\/wp-json\/wp\/v2\/pages"}],"about":[{"href":"https:\/\/isfd107-bue.infd.edu.ar\/sitio\/wp-json\/wp\/v2\/types\/page"}],"author":[{"embeddable":true,"href":"https:\/\/isfd107-bue.infd.edu.ar\/sitio\/wp-json\/wp\/v2\/users\/1454"}],"replies":[{"embeddable":true,"href":"https:\/\/isfd107-bue.infd.edu.ar\/sitio\/wp-json\/wp\/v2\/comments?post=1340"}],"version-history":[{"count":1,"href":"https:\/\/isfd107-bue.infd.edu.ar\/sitio\/wp-json\/wp\/v2\/pages\/1340\/revisions"}],"predecessor-version":[{"id":5196,"href":"https:\/\/isfd107-bue.infd.edu.ar\/sitio\/wp-json\/wp\/v2\/pages\/1340\/revisions\/5196"}],"wp:attachment":[{"href":"https:\/\/isfd107-bue.infd.edu.ar\/sitio\/wp-json\/wp\/v2\/media?parent=1340"}],"curies":[{"name":"wp","href":"https:\/\/api.w.org\/{rel}","templated":true}]}}