{"id":1331,"date":"2018-08-29T18:58:07","date_gmt":"2018-08-29T21:58:07","guid":{"rendered":"https:\/\/isfd107-bue.infd.edu.ar\/sitio\/recursos-didacticos\/"},"modified":"2020-03-05T00:14:19","modified_gmt":"2020-03-05T03:14:19","slug":"recursos-didacticos","status":"publish","type":"page","link":"https:\/\/isfd107-bue.infd.edu.ar\/sitio\/recursos-didacticos\/","title":{"rendered":"Recursos did\u00e1cticos"},"content":{"rendered":"<h3><strong><span style=\"color: #0000ff;\">INGRESANTES<\/span>: <a href=\"https:\/\/drive.google.com\/file\/d\/1mvu3lQ_8Otic-ktpMAW3JYlCfkcAXu3t\/view?usp=sharing\">M\u00f3dulo para el <em>Taller de alfabetizaci\u00f3n acad\u00e9mica<\/em><\/a><\/strong><\/h3>\n<hr \/>\n<p><img decoding=\"async\" loading=\"lazy\" style=\"border: 0;\" src=\"https:\/\/lh6.googleusercontent.com\/-DrjCBdtc6dE\/T-S7U23KhdI\/AAAAAAAAA5E\/TrpyM43_90s\/s622\/fondo%2520recursos2.png\" width=\"622\" height=\"296\" border=\"0\" \/><\/p>\n<p style=\"padding-left: 30px; text-align: center;\"><strong>Alentamos la inclusi\u00f3n de materiales disponibles en la web. No obstante, sugerimos no usar indiscriminadamente, sino analizar criteriosamente su pertinencia y viabilidad.<\/strong><\/p>\n<table border=\"0\">\n<tbody>\n<tr style=\"background-color: #ffffff;\">\n<td style=\"text-align: left;\" colspan=\"7\"><span style=\"font-family: verdana, geneva; font-size: 10pt;\"><strong>\u00a0<img decoding=\"async\" loading=\"lazy\" src=\"https:\/\/lh6.googleusercontent.com\/-mlkg9I9KZyM\/T-THkii_gEI\/AAAAAAAAA6s\/PRnGy9LD3VE\/s198\/primaria.png\" width=\"198\" height=\"39\" border=\"0\" \/><\/strong><\/span><\/td>\n<\/tr>\n<tr>\n<td style=\"text-align: center;\"><strong>\u00a0<\/strong><\/td>\n<td style=\"text-align: center;\"><\/td>\n<td style=\"text-align: center;\"><\/td>\n<td style=\"text-align: center;\"><\/td>\n<td style=\"text-align: center;\"><\/td>\n<td style=\"text-align: center;\"><strong>\u00a0<\/strong><\/td>\n<td><\/td>\n<\/tr>\n<tr>\n<td style=\"text-align: center;\"><span style=\"font-size: 10pt;\"><strong>\u00a0<a title=\"Primaria- Pr\u00e1ct. lenguaje\" href=\"index.cgi?wid_item=50&amp;wid_seccion=23\" target=\"_blank\" rel=\"noopener\"><img decoding=\"async\" loading=\"lazy\" src=\"https:\/\/lh5.googleusercontent.com\/-rog6JaSWvcw\/T-TEGtxeDuI\/AAAAAAAAA54\/EqyDh5PDh2A\/s138\/pracleng%2520prim.png\" width=\"138\" height=\"63\" border=\"0\" \/><\/a><\/strong><\/span><\/td>\n<td style=\"text-align: center;\"><span style=\"font-size: 10pt;\"><strong>\u00a0<a title=\"Primaria- Matem\u00e1tica\" href=\"index.cgi?wid_item=51&amp;wid_seccion=23\" target=\"_blank\" rel=\"noopener\"><img decoding=\"async\" loading=\"lazy\" src=\"https:\/\/lh5.googleusercontent.com\/-y_9iMD4Xqz0\/T-TERkti2CI\/AAAAAAAAA6A\/APxPv0FMk1o\/s138\/matem%2520prim.png\" width=\"138\" height=\"64\" border=\"0\" \/><\/a><\/strong><\/span><\/td>\n<td style=\"text-align: center;\"><span style=\"font-size: 10pt;\"><strong>\u00a0<a title=\"Primaria - Cs. Naturales\" href=\"index.cgi?wid_item=52&amp;wid_seccion=23\" target=\"_blank\" rel=\"noopener\"><img decoding=\"async\" loading=\"lazy\" src=\"https:\/\/lh3.googleusercontent.com\/-G00GklRuWT8\/T-TERurw9wI\/AAAAAAAAA6E\/S1LUVJXEw5g\/s137\/naturales%2520primn.png\" width=\"139\" height=\"62\" border=\"0\" \/><\/a><\/strong><\/span><\/td>\n<td style=\"text-align: center;\" colspan=\"2\"><span style=\"font-size: 10pt;\"><strong><a title=\"Primaria - Cs Sociales\" href=\"index.cgi?wid_item=53&amp;wid_seccion=23\" target=\"_blank\" rel=\"noopener\"><img decoding=\"async\" loading=\"lazy\" src=\"https:\/\/lh6.googleusercontent.com\/-jK4iUuqGm_Q\/T-TERtXTzVI\/AAAAAAAAA6Q\/X09qu_5216I\/s138\/sociales%2520prijm.png\" width=\"139\" height=\"63\" border=\"0\" \/><\/a><br \/>\n<\/strong><\/span><\/td>\n<td style=\"text-align: center;\"><\/td>\n<td><\/td>\n<\/tr>\n<tr>\n<td><\/td>\n<td><\/td>\n<td><\/td>\n<td><\/td>\n<td><\/td>\n<td><\/td>\n<td><\/td>\n<\/tr>\n<tr>\n<td><\/td>\n<td><\/td>\n<td><\/td>\n<td><\/td>\n<td><\/td>\n<td><\/td>\n<td><\/td>\n<\/tr>\n<tr style=\"background-color: #ffffff;\">\n<td colspan=\"7\"><span style=\"font-family: verdana, geneva; font-size: 10pt;\"><strong><img decoding=\"async\" loading=\"lazy\" src=\"https:\/\/lh6.googleusercontent.com\/-bFwPNm55BeM\/T-TH3Id5hrI\/AAAAAAAAA60\/tdNWW577CoQ\/s252\/secundara.png\" width=\"252\" height=\"56\" border=\"0\" \/><br \/>\n<\/strong><\/span><\/td>\n<\/tr>\n<tr>\n<td style=\"text-align: center;\"><\/td>\n<td><\/td>\n<td><\/td>\n<td><\/td>\n<td><\/td>\n<td><\/td>\n<td><\/td>\n<\/tr>\n<tr>\n<td style=\"text-align: center;\"><\/td>\n<td style=\"text-align: center;\">\u00a0<a title=\"Secundaria - Pr\u00e1ct. lenguaje\" href=\"index.cgi?wid_item=56&amp;wid_seccion=23\" target=\"_blank\" rel=\"noopener\"><img decoding=\"async\" loading=\"lazy\" style=\"border: 0;\" src=\"https:\/\/lh5.googleusercontent.com\/-rog6JaSWvcw\/T-TEGtxeDuI\/AAAAAAAAA54\/EqyDh5PDh2A\/s138\/pracleng%2520prim.png\" width=\"138\" height=\"62\" border=\"0\" \/><\/a><\/td>\n<td style=\"text-align: center;\"><span style=\"font-size: 10pt;\"><a title=\"Secundaria- Literatura \" href=\"index.cgi?wid_item=57&amp;wid_seccion=23\" target=\"_blank\" rel=\"noopener\"><img decoding=\"async\" loading=\"lazy\" src=\"https:\/\/lh6.googleusercontent.com\/-xpUNoNLfqI8\/T-a72DNHGeI\/AAAAAAAABAA\/ugJX6xNX-lg\/s125\/literaturaazul.png\" width=\"139\" height=\"62\" border=\"0\" \/><\/a>\u00a0<\/span><\/td>\n<td style=\"text-align: center;\"><a title=\"Secundaria - Matem\u00e1tica\" href=\"index.cgi?wid_item=58&amp;wid_seccion=23\" target=\"_blank\" rel=\"noopener\"><img decoding=\"async\" loading=\"lazy\" src=\"https:\/\/lh5.googleusercontent.com\/-y_9iMD4Xqz0\/T-TERkti2CI\/AAAAAAAAA6A\/APxPv0FMk1o\/s138\/matem%2520prim.png\" width=\"138\" height=\"64\" border=\"0\" \/><\/a><\/td>\n<td><\/td>\n<td><\/td>\n<td><\/td>\n<\/tr>\n<tr>\n<td style=\"text-align: center;\"><\/td>\n<td><\/td>\n<td><\/td>\n<td><\/td>\n<td><\/td>\n<td><\/td>\n<td><\/td>\n<\/tr>\n<tr>\n<td style=\"text-align: center;\"><\/td>\n<td style=\"text-align: center;\">\u00a0<a title=\"Secundaria- Cs. Sociales\" href=\"index.cgi?wid_item=65&amp;wid_seccion=23\" target=\"_blank\" rel=\"noopener\"><img decoding=\"async\" loading=\"lazy\" src=\"https:\/\/lh6.googleusercontent.com\/-jK4iUuqGm_Q\/T-TERtXTzVI\/AAAAAAAAA6Q\/X09qu_5216I\/s138\/sociales%2520prijm.png\" width=\"138\" height=\"63\" border=\"0\" \/><\/a><\/td>\n<td><\/td>\n<td style=\"text-align: center;\">\u00a0<a title=\"Secundaria- Cs. Naturales\" href=\"index.cgi?wid_item=63&amp;wid_seccion=23\" target=\"_blank\" rel=\"noopener\"><img decoding=\"async\" loading=\"lazy\" src=\"https:\/\/lh3.googleusercontent.com\/-G00GklRuWT8\/T-TERurw9wI\/AAAAAAAAA6E\/S1LUVJXEw5g\/s137\/naturales%2520primn.png\" width=\"137\" height=\"62\" border=\"0\" \/><\/a><\/td>\n<td><\/td>\n<td><\/td>\n<td><\/td>\n<\/tr>\n<tr>\n<td style=\"text-align: left;\"><\/td>\n<td><\/td>\n<td><\/td>\n<td><\/td>\n<td><\/td>\n<td><\/td>\n<td><\/td>\n<\/tr>\n<tr>\n<td style=\"text-align: left;\"><span style=\"font-family: verdana, geneva; font-size: 10pt;\"><strong>\u00a0<img decoding=\"async\" loading=\"lazy\" src=\"https:\/\/lh3.googleusercontent.com\/-whurbky6FWM\/T-TIpKw-KMI\/AAAAAAAAA68\/lcdMDwv6h3o\/s149\/otras.png\" width=\"149\" height=\"70\" border=\"0\" \/><\/strong><\/span><\/td>\n<td><\/td>\n<td><\/td>\n<td><\/td>\n<td><\/td>\n<td><\/td>\n<td><\/td>\n<\/tr>\n<tr>\n<td style=\"text-align: left;\"><\/td>\n<td><\/td>\n<td><\/td>\n<td><\/td>\n<td><\/td>\n<td><\/td>\n<td><\/td>\n<\/tr>\n<tr>\n<td style=\"text-align: left;\"><\/td>\n<td style=\"text-align: center;\"><a title=\"Educ. Art\u00edstica\" href=\"index.cgi?wid_item=54&amp;wid_seccion=23\" target=\"_blank\" rel=\"noopener\"><img decoding=\"async\" loading=\"lazy\" src=\"https:\/\/lh5.googleusercontent.com\/-SbVyLgobESI\/T-a7GlQU7JI\/AAAAAAAAA_Q\/vONCD-00Zl4\/s149\/artistica2.png\" width=\"139\" height=\"62\" border=\"0\" \/><\/a><\/td>\n<td style=\"text-align: center;\">\u00a0<a title=\"Ed. F\u00edsica\" href=\"index.cgi?wid_item=55&amp;wid_seccion=23\" target=\"_blank\" rel=\"noopener\"><img decoding=\"async\" loading=\"lazy\" src=\"https:\/\/lh6.googleusercontent.com\/-162KxW3M40c\/T-a7GoM5l9I\/AAAAAAAAA_Y\/wcDa7Gq-_bU\/s151\/educfisica.png\" width=\"139\" height=\"62\" border=\"0\" \/><\/a><\/td>\n<td style=\"text-align: center;\"><a title=\"Pel\u00edculas, cortos\" href=\"index.cgi?wid_item=61&amp;wid_seccion=23\" target=\"_blank\" rel=\"noopener\"><img decoding=\"async\" loading=\"lazy\" src=\"https:\/\/lh4.googleusercontent.com\/-NixWMc9CswY\/T-a7G3fGZ9I\/AAAAAAAAA_k\/U2TL7RfCZXU\/s124\/pelic-cortos.png\" width=\"139\" height=\"62\" border=\"0\" \/><\/a><\/td>\n<td><\/td>\n<td><\/td>\n<td><\/td>\n<\/tr>\n<tr>\n<td style=\"text-align: left;\"><\/td>\n<td><\/td>\n<td><\/td>\n<td><\/td>\n<td><\/td>\n<td><\/td>\n<td><\/td>\n<\/tr>\n<tr>\n<td style=\"text-align: left;\"><\/td>\n<td style=\"text-align: center;\"><a title=\"Im\u00e1genes \" href=\"index.cgi?wid_item=62&amp;wid_seccion=23\" target=\"_blank\" rel=\"noopener\"><img decoding=\"async\" loading=\"lazy\" src=\"https:\/\/lh4.googleusercontent.com\/-rv7FhFj9EVo\/T-a7j2ayN-I\/AAAAAAAAA_w\/O4h32tcOYgg\/s126\/imagenesgris.png\" width=\"139\" height=\"62\" border=\"0\" \/><\/a><\/td>\n<td style=\"text-align: center;\">\u00a0<a title=\"Museos virtuales\" href=\"index.cgi?wid_item=60&amp;wid_seccion=23\" target=\"_blank\" rel=\"noopener\"><img decoding=\"async\" loading=\"lazy\" src=\"https:\/\/lh3.googleusercontent.com\/-upN_gy6lGH0\/T-a7jzMZ3KI\/AAAAAAAAA_0\/2L0gGbAxRvA\/s125\/museos.png\" width=\"139\" height=\"62\" border=\"0\" \/><\/a><\/td>\n<td style=\"text-align: center;\">\u00a0<a title=\"E-bibliotecas\" href=\"index.cgi?wid_item=64&amp;wid_seccion=23\" target=\"_blank\" rel=\"noopener\"><img decoding=\"async\" loading=\"lazy\" src=\"https:\/\/lh5.googleusercontent.com\/-0fMhw9jGeNM\/T-a7GvwAFtI\/AAAAAAAAA_U\/ImXFjykakQY\/s124\/ebiblios.png\" width=\"139\" height=\"62\" border=\"0\" \/><\/a><\/td>\n<td><\/td>\n<td><\/td>\n<td><\/td>\n<\/tr>\n<tr>\n<td style=\"text-align: left;\"><\/td>\n<td><\/td>\n<td><\/td>\n<td><\/td>\n<td><\/td>\n<td><\/td>\n<td><\/td>\n<\/tr>\n<tr>\n<td style=\"text-align: left;\"><\/td>\n<td style=\"text-align: center;\"><\/td>\n<td style=\"text-align: center;\">\u00a0<a title=\"E-espacios\" href=\"index.cgi?wid_item=66&amp;wid_seccion=23\" target=\"_blank\" rel=\"noopener\"><img decoding=\"async\" loading=\"lazy\" src=\"https:\/\/lh4.googleusercontent.com\/-979Icz9wI6U\/T-eATlXOKxI\/AAAAAAAABAc\/4BeZKW_ktjk\/s128\/espacios.png\" width=\"139\" height=\"62\" border=\"0\" \/><\/a><\/td>\n<td><\/td>\n<td><\/td>\n<td><\/td>\n<td><\/td>\n<\/tr>\n<\/tbody>\n<\/table>\n<p style=\"padding-left: 30px;\"><strong>\u00a0<\/strong><\/p>\n","protected":false},"excerpt":{"rendered":"<p>INGRESANTES: M\u00f3dulo para el Taller de alfabetizaci\u00f3n acad\u00e9mica Alentamos la inclusi\u00f3n de materiales disponibles en la web. No obstante, sugerimos no usar indiscriminadamente, sino analizar criteriosamente su pertinencia y viabilidad. \u00a0 \u00a0 \u00a0 \u00a0 \u00a0 \u00a0 \u00a0 \u00a0 \u00a0 \u00a0 \u00a0 \u00a0 \u00a0 \u00a0 \u00a0 \u00a0<\/p>\n","protected":false},"author":1454,"featured_media":0,"parent":0,"menu_order":0,"comment_status":"closed","ping_status":"closed","template":"","meta":[],"acf":[],"_links":{"self":[{"href":"https:\/\/isfd107-bue.infd.edu.ar\/sitio\/wp-json\/wp\/v2\/pages\/1331"}],"collection":[{"href":"https:\/\/isfd107-bue.infd.edu.ar\/sitio\/wp-json\/wp\/v2\/pages"}],"about":[{"href":"https:\/\/isfd107-bue.infd.edu.ar\/sitio\/wp-json\/wp\/v2\/types\/page"}],"author":[{"embeddable":true,"href":"https:\/\/isfd107-bue.infd.edu.ar\/sitio\/wp-json\/wp\/v2\/users\/1454"}],"replies":[{"embeddable":true,"href":"https:\/\/isfd107-bue.infd.edu.ar\/sitio\/wp-json\/wp\/v2\/comments?post=1331"}],"version-history":[{"count":3,"href":"https:\/\/isfd107-bue.infd.edu.ar\/sitio\/wp-json\/wp\/v2\/pages\/1331\/revisions"}],"predecessor-version":[{"id":2331,"href":"https:\/\/isfd107-bue.infd.edu.ar\/sitio\/wp-json\/wp\/v2\/pages\/1331\/revisions\/2331"}],"wp:attachment":[{"href":"https:\/\/isfd107-bue.infd.edu.ar\/sitio\/wp-json\/wp\/v2\/media?parent=1331"}],"curies":[{"name":"wp","href":"https:\/\/api.w.org\/{rel}","templated":true}]}}